{"id":16708,"date":"2021-05-21T10:00:00","date_gmt":"2021-05-21T10:00:00","guid":{"rendered":"https:\/\/www.web-rr.de\/GHS-Buecherei\/?page_id=16708"},"modified":"2021-05-21T23:00:00","modified_gmt":"2021-05-21T23:00:00","slug":"p9783785575789","status":"publish","type":"page","link":"https:\/\/www.web-rr.de\/GHS-Buecherei\/index.php\/p9783785575789\/","title":{"rendered":"Soziales 66"},"content":{"rendered":"<table><tbody><tr><td class='rDTitel' colspan='2'>Wohin mit meiner Wut?<\/td><\/tr><tr><td><span class='rDLabel1'>Status: <\/span><span class='rDText1Gruen'>vorhanden<\/span><\/td><td><span class='rDLabel1'>Antolin: <\/span><span class='rDText1Gruen'>ja, Empfehlung Klasse 1<\/span><\/td><\/tr><tr><td width=50%><img src='https:\/\/www.web-rr.de\/GHS-Buecherei\/wp-content\/uploads\/9783785575789.jpg' alt=''><\/td><td><p class='rDLabel2'>von <span class='rDText2'>Dagmar Geisler<\/span><\/p><p class='rDLabel2'>Verlag: <span class='rDText2'>Loewe,  2012,  9.95 \u20ac<\/span><\/p><p class='rDLabel2'>B\u00fccherei-Barcode: <span class='rDText2'>9783785575789<\/span><\/p><p class='rDLabel2'>In der B\u00fccherei erfasst am: <span class='rDText2'>21.12.2024<\/span><\/p><p class='rDLabel2'>Stichw\u00f6rter: <span class='rDText2'>Wut, Gef\u00fchle, \u00c4rger<\/span><\/p><p class='rDLabel2'>Lesealter ca. <span class='rDText2'>6<\/span><span class='rDLabel2'> Jahre<\/span><\/p><p class='rDLabel2'>Das Buch wurde <span class='rDText2'>0<\/span><span class='rDLabel2'> mal gelesen.<\/span><\/p><\/td><\/tr><tr><td colspan='2'><p class='rDLabel1'>Inhalt:<\/p><span class='rDText2'>Bist du auch manchmal w\u00fctend?\r\nIch schon.\r\nManchmal habe ich so eine Wut, da w\u00fcrde ich am liebsten ganz laut schreien, da m\u00f6chte ich jemanden anbr\u00fcllen, da w\u00fcrde ich gern irgendetwas zerfetzen oder irgendwo dagegen treten.\r\nWenn ich w\u00fctend bin, klopft mein Herz viel schneller als sonst, mir ist ganz hei\u00df und mein Kopf wird rot wie eine Tomate.\r\nDieses Buch zeigt auf einf\u00fchlsame Weise, welche Arten der Wut es gibt. Gleichzeitig gibt es Anlass, mit Kindern \u00fcber dieses wichtige Gef\u00fchl zu sprechen und bietet L\u00f6sungsvorschl\u00e4ge zum Umgang mit der Wut.\r\n\u00bbF\u00f6rdert die emotionale Entwicklung von Kindern\r\n\u00bbWichtige Sachb\u00fccher\r\n\u00bbDurchgehend detailreich farbig illustriert\r\n\u00bbLeicht verst\u00e4ndliche Texte\r\n\u00bbGro\u00dfformatiges Hardcover<\/span><\/td><\/tr><tr><td colspan='2'><a href='#' onclick='history.back(); return false'>Zur\u00fcck<\/a><\/td><\/tr><\/tbody><\/table>\n","protected":false},"excerpt":{"rendered":"<p>&#8211;<\/p>\n","protected":false},"author":1,"featured_media":0,"parent":0,"menu_order":0,"comment_status":"closed","ping_status":"closed","template":"","meta":[],"_links":{"self":[{"href":"https:\/\/www.web-rr.de\/GHS-Buecherei\/index.php\/wp-json\/wp\/v2\/pages\/16708"}],"collection":[{"href":"https:\/\/www.web-rr.de\/GHS-Buecherei\/index.php\/wp-json\/wp\/v2\/pages"}],"about":[{"href":"https:\/\/www.web-rr.de\/GHS-Buecherei\/index.php\/wp-json\/wp\/v2\/types\/page"}],"author":[{"embeddable":true,"href":"https:\/\/www.web-rr.de\/GHS-Buecherei\/index.php\/wp-json\/wp\/v2\/users\/1"}],"replies":[{"embeddable":true,"href":"https:\/\/www.web-rr.de\/GHS-Buecherei\/index.php\/wp-json\/wp\/v2\/comments?post=16708"}],"version-history":[{"count":0,"href":"https:\/\/www.web-rr.de\/GHS-Buecherei\/index.php\/wp-json\/wp\/v2\/pages\/16708\/revisions"}],"wp:attachment":[{"href":"https:\/\/www.web-rr.de\/GHS-Buecherei\/index.php\/wp-json\/wp\/v2\/media?parent=16708"}],"curies":[{"name":"wp","href":"https:\/\/api.w.org\/{rel}","templated":true}]}}