{"id":16706,"date":"2021-05-21T10:00:00","date_gmt":"2021-05-21T10:00:00","guid":{"rendered":"https:\/\/www.web-rr.de\/GHS-Buecherei\/?page_id=16706"},"modified":"2021-05-21T23:00:00","modified_gmt":"2021-05-21T23:00:00","slug":"p9783551066312","status":"publish","type":"page","link":"https:\/\/www.web-rr.de\/GHS-Buecherei\/index.php\/p9783551066312\/","title":{"rendered":"Erstlesen 294"},"content":{"rendered":"<table><tbody><tr><td class='rDTitel' colspan='2'>LESEMAUS zum Lesenlernen Sammelb\u00e4nde: Starke M\u00e4dchen-Geschichten zum Lesenlernen<\/td><\/tr><tr><td><span class='rDLabel1'>Status: <\/span><span class='rDText1Gruen'>vorhanden<\/span><\/td><td><span class='rDLabel1'>Antolin: <\/span><span class='rDText1Gruen'>ja, Empfehlung Klasse 2<\/span><\/td><\/tr><tr><td width=50%><img src='https:\/\/www.web-rr.de\/GHS-Buecherei\/wp-content\/uploads\/9783551066312.jpg' alt=''><\/td><td><p class='rDLabel2'>von <span class='rDText2'>Sabine Ludwig, Katja Reider<\/span><\/p><p class='rDLabel2'>Verlag: <span class='rDText2'>Carlsen,  2017,  5.00 \u20ac<\/span><\/p><p class='rDLabel2'>B\u00fccherei-Barcode: <span class='rDText2'>9783551066312<\/span><\/p><p class='rDLabel2'>In der B\u00fccherei erfasst am: <span class='rDText2'>21.12.2024<\/span><\/p><p class='rDLabel2'>Stichw\u00f6rter: <span class='rDText2'>Freundinnen, Hunde, Schatz, Schule<\/span><\/p><p class='rDLabel2'>Lesealter ca. <span class='rDText2'>7<\/span><span class='rDLabel2'> Jahre<\/span><\/p><p class='rDLabel2'>Das Buch wurde <span class='rDText2'>0<\/span><span class='rDLabel2'> mal gelesen.<\/span><\/p><\/td><\/tr><tr><td colspan='2'><p class='rDLabel1'>Inhalt:<\/p><span class='rDText2'>Drei M\u00e4dchen-Geschichten erz\u00e4hlen von tollen Tieren und echten Freundinnen. Starke Themen, kurze Texte, spannende Sachinfos und Leser\u00e4tsel wecken die Lust zum Weiterlesen und Mitdenken.<\/span><\/td><\/tr><tr><td colspan='2'><a href='#' onclick='history.back(); return false'>Zur\u00fcck<\/a><\/td><\/tr><\/tbody><\/table>\n","protected":false},"excerpt":{"rendered":"<p>&#8211;<\/p>\n","protected":false},"author":1,"featured_media":0,"parent":0,"menu_order":0,"comment_status":"closed","ping_status":"closed","template":"","meta":[],"_links":{"self":[{"href":"https:\/\/www.web-rr.de\/GHS-Buecherei\/index.php\/wp-json\/wp\/v2\/pages\/16706"}],"collection":[{"href":"https:\/\/www.web-rr.de\/GHS-Buecherei\/index.php\/wp-json\/wp\/v2\/pages"}],"about":[{"href":"https:\/\/www.web-rr.de\/GHS-Buecherei\/index.php\/wp-json\/wp\/v2\/types\/page"}],"author":[{"embeddable":true,"href":"https:\/\/www.web-rr.de\/GHS-Buecherei\/index.php\/wp-json\/wp\/v2\/users\/1"}],"replies":[{"embeddable":true,"href":"https:\/\/www.web-rr.de\/GHS-Buecherei\/index.php\/wp-json\/wp\/v2\/comments?post=16706"}],"version-history":[{"count":0,"href":"https:\/\/www.web-rr.de\/GHS-Buecherei\/index.php\/wp-json\/wp\/v2\/pages\/16706\/revisions"}],"wp:attachment":[{"href":"https:\/\/www.web-rr.de\/GHS-Buecherei\/index.php\/wp-json\/wp\/v2\/media?parent=16706"}],"curies":[{"name":"wp","href":"https:\/\/api.w.org\/{rel}","templated":true}]}}