{"id":16684,"date":"2021-05-21T10:00:00","date_gmt":"2021-05-21T10:00:00","guid":{"rendered":"https:\/\/www.web-rr.de\/GHS-Buecherei\/?page_id=16684"},"modified":"2021-05-21T23:00:00","modified_gmt":"2021-05-21T23:00:00","slug":"p9783737340939","status":"publish","type":"page","link":"https:\/\/www.web-rr.de\/GHS-Buecherei\/index.php\/p9783737340939\/","title":{"rendered":"Tiere 124"},"content":{"rendered":"<table><tbody><tr><td class='rDTitel' colspan='2'>Bailey findet ein Zuhause: Band 1<\/td><\/tr><tr><td><span class='rDLabel1'>Status: <\/span><span class='rDText1Gruen'>vorhanden<\/span><\/td><td><span class='rDLabel1'>Antolin: <\/span><span class='rDText1Gruen'>ja, Empfehlung Klasse 5<\/span><\/td><\/tr><tr><td width=50%><img src='https:\/\/www.web-rr.de\/GHS-Buecherei\/wp-content\/uploads\/9783737340939.jpg' alt=''><\/td><td><p class='rDLabel2'>von <span class='rDText2'>W. Bruce Cameron und Naemi Schuhmacher<\/span><\/p><p class='rDLabel2'>Verlag: <span class='rDText2'>FISCHER KJB 2. Edition,  2017,  9.99 \u20ac<\/span><\/p><p class='rDLabel2'>B\u00fccherei-Barcode: <span class='rDText2'>9783737340939<\/span><\/p><p class='rDLabel2'>In der B\u00fccherei erfasst am: <span class='rDText2'>15.12.2024<\/span><\/p><p class='rDLabel2'>Stichw\u00f6rter: <span class='rDText2'>Abenteuer, Hunde, Freunde<\/span><\/p><p class='rDLabel2'>Lesealter ca. <span class='rDText2'>10<\/span><span class='rDLabel2'> Jahre<\/span><\/p><p class='rDLabel2'>Das Buch wurde <span class='rDText2'>0<\/span><span class='rDLabel2'> mal gelesen.<\/span><\/p><\/td><\/tr><tr><td colspan='2'><p class='rDLabel1'>Inhalt:<\/p><span class='rDText2'>Worin besteht der Sinn eines Hundelebens? F\u00fcr den kleinen Golden-Retriever-Welpen Bailey gibt es keinen Zweifel: mit dem achtj\u00e4hrigen Ethan zu spielen, zusammen mit ihm den Wald zu erkunden und sein Geschirr \u00bbabzusp\u00fclen\u00ab, indem er den Teller sauberleckt (aber nur, wenn Ethans Mutter nicht hinsieht). Doch Bailey lernt auch, dass das Leben nicht immer so einfach ist, dass manche Menschen B\u00f6ses im Schilde f\u00fchren und schlimme Dinge passieren \u2013 und dass es keine gr\u00f6\u00dfere Aufgabe f\u00fcr ihn gibt, als Ethan zu besch\u00fctzen.\r\nWie Bailey in Ethan seinen besten und treuesten Freund findet, wie sie gemeinsam Abenteuer erleben und wie er dem Jungen am Ende das Leben rettet, beschreibt Bruce Cameron in \u203aBailey findet ein Zuhause\u2039 wunderbar liebevoll und mit ganz viel Herz.<\/span><\/td><\/tr><tr><td colspan='2'><a href='#' onclick='history.back(); return false'>Zur\u00fcck<\/a><\/td><\/tr><\/tbody><\/table>\n","protected":false},"excerpt":{"rendered":"<p>&#8211;<\/p>\n","protected":false},"author":1,"featured_media":0,"parent":0,"menu_order":0,"comment_status":"closed","ping_status":"closed","template":"","meta":[],"_links":{"self":[{"href":"https:\/\/www.web-rr.de\/GHS-Buecherei\/index.php\/wp-json\/wp\/v2\/pages\/16684"}],"collection":[{"href":"https:\/\/www.web-rr.de\/GHS-Buecherei\/index.php\/wp-json\/wp\/v2\/pages"}],"about":[{"href":"https:\/\/www.web-rr.de\/GHS-Buecherei\/index.php\/wp-json\/wp\/v2\/types\/page"}],"author":[{"embeddable":true,"href":"https:\/\/www.web-rr.de\/GHS-Buecherei\/index.php\/wp-json\/wp\/v2\/users\/1"}],"replies":[{"embeddable":true,"href":"https:\/\/www.web-rr.de\/GHS-Buecherei\/index.php\/wp-json\/wp\/v2\/comments?post=16684"}],"version-history":[{"count":0,"href":"https:\/\/www.web-rr.de\/GHS-Buecherei\/index.php\/wp-json\/wp\/v2\/pages\/16684\/revisions"}],"wp:attachment":[{"href":"https:\/\/www.web-rr.de\/GHS-Buecherei\/index.php\/wp-json\/wp\/v2\/media?parent=16684"}],"curies":[{"name":"wp","href":"https:\/\/api.w.org\/{rel}","templated":true}]}}