{"id":16626,"date":"2021-05-21T10:00:00","date_gmt":"2021-05-21T10:00:00","guid":{"rendered":"https:\/\/www.web-rr.de\/GHS-Buecherei\/?page_id=16626"},"modified":"2021-05-21T23:00:00","modified_gmt":"2021-05-21T23:00:00","slug":"p9788863125689","status":"publish","type":"page","link":"https:\/\/www.web-rr.de\/GHS-Buecherei\/index.php\/p9788863125689\/","title":{"rendered":"L\u00e4nder &#8211; Allg. 30"},"content":{"rendered":"<table><tbody><tr><td class='rDTitel' colspan='2'>City Atlas<\/td><\/tr><tr><td><span class='rDLabel1'>Status: <\/span><span class='rDText1Gruen'>vorhanden<\/span><\/td><td><span class='rDLabel1'>Antolin: <\/span><span class='rDText1Rot'>Quiz nicht vorhanden.<\/span><\/td><\/tr><tr><td width=50%><img src='https:\/\/www.web-rr.de\/GHS-Buecherei\/wp-content\/uploads\/9788863125689.jpg' alt=''><\/td><td><p class='rDLabel2'>von <span class='rDText2'>Federica Magrin<\/span><\/p><p class='rDLabel2'>Verlag: <span class='rDText2'>Edizioni White Star SrL,  2022,  16.95 \u20ac<\/span><\/p><p class='rDLabel2'>B\u00fccherei-Barcode: <span class='rDText2'>9788863125689<\/span><\/p><p class='rDLabel2'>In der B\u00fccherei erfasst am: <span class='rDText2'>27.10.2024<\/span><\/p><p class='rDLabel2'>Stichw\u00f6rter: <span class='rDText2'>Zug, Schiff, Flugzeug, Hei\u00dflufballon, Weltst\u00e4dte, London, New York, Istanbul, Lissabon, Madrid, Barcelona, Paris, Mumbai, Shanghai, Peking, Kapstadt, Rom, Vendig, Prag, Budapest, Warschau, Tokio, Toronto, Mexiko, Rio<\/span><\/p><p class='rDLabel2'>Lesealter ca. <span class='rDText2'>9<\/span><span class='rDLabel2'> Jahre<\/span><\/p><p class='rDLabel2'>Das Buch wurde <span class='rDText2'>0<\/span><span class='rDLabel2'> mal gelesen.<\/span><\/p><\/td><\/tr><tr><td colspan='2'><p class='rDLabel1'>Inhalt:<\/p><span class='rDText2'>Komm mit dem Zug, besteige Schiff oder Flugzeug oder nimm den Hei\u00dfluftballon: In jedem Fall erwartet dich jetzt in diesem Bilderbuch eine unvergessliche Reise zu den 30 beliebtesten St\u00e4dten der Welt! Mach eine Tour durch Toronto, schau dich in Lissabon um \u2026 In New York besteigst du einen echten Flugzeugtr\u00e4ger, im Londoner Sherlock Holmes Museum l\u00f6st du einen Fall wie ein echter Privatdetektiv, in Kopenhagen drehst du eine Runde mit der Drachen-Achterbahn im Tivoli \u2026 In diesem St\u00e4dte-Atlas speziell f\u00fcr Kinder findest du viele tolle Aktivit\u00e4ten f\u00fcr dich. Dazu gibt es jede Menge interessanter Tipps und Infos zu Sprachen, ber\u00fchmten Bauwerken und landestypischen Details.\r\n\u2022 Mit architektonischen Highlights, ber\u00fchmten Personen, Museen, Parks und speziellen Attraktionen nur f\u00fcr Kinder\r\n\u2022 Einblick in die Traditionen<\/span><\/td><\/tr><tr><td colspan='2'><a href='#' onclick='history.back(); return false'>Zur\u00fcck<\/a><\/td><\/tr><\/tbody><\/table>\n","protected":false},"excerpt":{"rendered":"<p>&#8211;<\/p>\n","protected":false},"author":1,"featured_media":0,"parent":0,"menu_order":0,"comment_status":"closed","ping_status":"closed","template":"","meta":[],"_links":{"self":[{"href":"https:\/\/www.web-rr.de\/GHS-Buecherei\/index.php\/wp-json\/wp\/v2\/pages\/16626"}],"collection":[{"href":"https:\/\/www.web-rr.de\/GHS-Buecherei\/index.php\/wp-json\/wp\/v2\/pages"}],"about":[{"href":"https:\/\/www.web-rr.de\/GHS-Buecherei\/index.php\/wp-json\/wp\/v2\/types\/page"}],"author":[{"embeddable":true,"href":"https:\/\/www.web-rr.de\/GHS-Buecherei\/index.php\/wp-json\/wp\/v2\/users\/1"}],"replies":[{"embeddable":true,"href":"https:\/\/www.web-rr.de\/GHS-Buecherei\/index.php\/wp-json\/wp\/v2\/comments?post=16626"}],"version-history":[{"count":0,"href":"https:\/\/www.web-rr.de\/GHS-Buecherei\/index.php\/wp-json\/wp\/v2\/pages\/16626\/revisions"}],"wp:attachment":[{"href":"https:\/\/www.web-rr.de\/GHS-Buecherei\/index.php\/wp-json\/wp\/v2\/media?parent=16626"}],"curies":[{"name":"wp","href":"https:\/\/api.w.org\/{rel}","templated":true}]}}