{"id":16624,"date":"2021-05-21T10:00:00","date_gmt":"2021-05-21T10:00:00","guid":{"rendered":"https:\/\/www.web-rr.de\/GHS-Buecherei\/?page_id=16624"},"modified":"2021-05-21T23:00:00","modified_gmt":"2021-05-21T23:00:00","slug":"p9783865024725","status":"publish","type":"page","link":"https:\/\/www.web-rr.de\/GHS-Buecherei\/index.php\/p9783865024725\/","title":{"rendered":"L\u00e4nder &#8211; Allg. 28"},"content":{"rendered":"<table><tbody><tr><td class='rDTitel' colspan='2'>Atlas der au\u00dfergew\u00f6hnlichen Architektur<\/td><\/tr><tr><td><span class='rDLabel1'>Status: <\/span><span class='rDText1Gruen'>vorhanden<\/span><\/td><td><span class='rDLabel1'>Antolin: <\/span><span class='rDText1Gruen'>ja, Empfehlung Klasse 4<\/span><\/td><\/tr><tr><td width=50%><img src='https:\/\/www.web-rr.de\/GHS-Buecherei\/wp-content\/uploads\/9783865024725.jpg' alt=''><\/td><td><p class='rDLabel2'>von <span class='rDText2'>Peter Allen<\/span><\/p><p class='rDLabel2'>Verlag: <span class='rDText2'> E.A. Seemann in E.A. Seemann Henschel GmbH & Co. KG;,  2022,  22.95 \u20ac<\/span><\/p><p class='rDLabel2'>B\u00fccherei-Barcode: <span class='rDText2'>9783865024725<\/span><\/p><p class='rDLabel2'>In der B\u00fccherei erfasst am: <span class='rDText2'>27.10.2024<\/span><\/p><p class='rDLabel2'>Stichw\u00f6rter: <span class='rDText2'>Geb\u00e4ude, T\u00fcrme, Kathedralen, Pal\u00e4ste, Br\u00fccke, Europa, Asien, Kanada, USA, China, Afrika<\/span><\/p><p class='rDLabel2'>Lesealter ca. <span class='rDText2'>9<\/span><span class='rDLabel2'> Jahre<\/span><\/p><p class='rDLabel2'>Das Buch wurde <span class='rDText2'>0<\/span><span class='rDLabel2'> mal gelesen.<\/span><\/p><\/td><\/tr><tr><td colspan='2'><p class='rDLabel1'>Inhalt:<\/p><span class='rDText2'>Die unglaublichsten Geb\u00e4ude, von denen du (vielleicht) noch nie geh\u00f6rt hast.\r\nWELTARCHITEKTUR ZUM STAUNEN\r\nDieser Architekturatlas f\u00fcr Kinder erkundet die faszinierenden Geschichten von sehr ber\u00fchmten und weniger bekannten Bauwerken auf der ganzen Welt. Er erz\u00e4hlt schwungvoll, lebendig und hinrei\u00dfend illustriert vom Einfallsreichtum, den Visionen und dem gelegentlichen Wahnsinn der Menschen, die sie geschaffen haben. Mit einer vielseitigen Auswahl beeindruckender Geb\u00e4ude von der Steinzeit bis in die Gegenwart sorgt das Buch daf\u00fcr, dass Kinder die Neugierde packt und inspiriert sie, die Welt der Architektur zu entdecken.\r\nVon schwebenden Tempeln und riesigen Burgen\r\n50 spannende Architekturgeschichten, die Kinder zum Staunen bringen\r\nMit wundersch\u00f6nen und detailreichen Illustrationen\r\nEin bezauberndes Kinderbuch \u00fcber das, was Architektur eigentlich ausmacht\r\nBauwerke aus aller Welt und allen Zeiten: Mit Plankenh\u00e4usern, Schlamm-Moscheen und den irren Entw\u00fcrfen der Architekten der Moderne.<\/span><\/td><\/tr><tr><td colspan='2'><a href='#' onclick='history.back(); return false'>Zur\u00fcck<\/a><\/td><\/tr><\/tbody><\/table>\n","protected":false},"excerpt":{"rendered":"<p>&#8211;<\/p>\n","protected":false},"author":1,"featured_media":0,"parent":0,"menu_order":0,"comment_status":"closed","ping_status":"closed","template":"","meta":[],"_links":{"self":[{"href":"https:\/\/www.web-rr.de\/GHS-Buecherei\/index.php\/wp-json\/wp\/v2\/pages\/16624"}],"collection":[{"href":"https:\/\/www.web-rr.de\/GHS-Buecherei\/index.php\/wp-json\/wp\/v2\/pages"}],"about":[{"href":"https:\/\/www.web-rr.de\/GHS-Buecherei\/index.php\/wp-json\/wp\/v2\/types\/page"}],"author":[{"embeddable":true,"href":"https:\/\/www.web-rr.de\/GHS-Buecherei\/index.php\/wp-json\/wp\/v2\/users\/1"}],"replies":[{"embeddable":true,"href":"https:\/\/www.web-rr.de\/GHS-Buecherei\/index.php\/wp-json\/wp\/v2\/comments?post=16624"}],"version-history":[{"count":0,"href":"https:\/\/www.web-rr.de\/GHS-Buecherei\/index.php\/wp-json\/wp\/v2\/pages\/16624\/revisions"}],"wp:attachment":[{"href":"https:\/\/www.web-rr.de\/GHS-Buecherei\/index.php\/wp-json\/wp\/v2\/media?parent=16624"}],"curies":[{"name":"wp","href":"https:\/\/api.w.org\/{rel}","templated":true}]}}