{"id":16619,"date":"2021-05-21T10:00:00","date_gmt":"2021-05-21T10:00:00","guid":{"rendered":"https:\/\/www.web-rr.de\/GHS-Buecherei\/?page_id=16619"},"modified":"2021-05-21T23:00:00","modified_gmt":"2021-05-21T23:00:00","slug":"p9783772529139","status":"publish","type":"page","link":"https:\/\/www.web-rr.de\/GHS-Buecherei\/index.php\/p9783772529139\/","title":{"rendered":"Abenteuer 110"},"content":{"rendered":"<table><tbody><tr><td class='rDTitel' colspan='2'>Die Abenteuer der tapferen Ritterin<\/td><\/tr><tr><td><span class='rDLabel1'>Status: <\/span><span class='rDText1Gruen'>vorhanden<\/span><\/td><td><span class='rDLabel1'>Antolin: <\/span><span class='rDText1Gruen'>ja, Empfehlung Klasse 4<\/span><\/td><\/tr><tr><td width=50%><img src='https:\/\/www.web-rr.de\/GHS-Buecherei\/wp-content\/uploads\/9783772529139.jpg' alt=''><\/td><td><p class='rDLabel2'>von <span class='rDText2'>Janneke Schotveld, Milja Praagman<\/span><\/p><p class='rDLabel2'>Verlag: <span class='rDText2'>Freies Geistesleben,  2022,  18.00 \u20ac<\/span><\/p><p class='rDLabel2'>B\u00fccherei-Barcode: <span class='rDText2'>9783772529139<\/span><\/p><p class='rDLabel2'>In der B\u00fccherei erfasst am: <span class='rDText2'>27.10.2024<\/span><\/p><p class='rDLabel2'>Stichw\u00f6rter: <span class='rDText2'>Vorurteile, Ritter, Abenteuer, Schwierigkeiten<\/span><\/p><p class='rDLabel2'>Lesealter ca. <span class='rDText2'>9<\/span><span class='rDLabel2'> Jahre<\/span><\/p><p class='rDLabel2'>Das Buch wurde <span class='rDText2'>0<\/span><span class='rDLabel2'> mal gelesen.<\/span><\/p><\/td><\/tr><tr><td colspan='2'><p class='rDLabel1'>Inhalt:<\/p><span class='rDText2'>\u2026 eine radelnde Ritterin hat immer etwas zu tun! Starke Ritterinnen werden immer gebraucht - vor allem die tapfersten. Wenn sie dann auch noch auf einem Rennradross unterwegs sind, kann nichts und niemand vorhersagen, wohin sie als N\u00e4chstes eilen muss. Denn es gibt immer etwas zu tun, und es gibt immer jemanden, der ihre Hilfe gebrauchen kann. Ob Kinder, Riesen, Statuen, B\u00e4cker oder L\u00f6wen - in Schwierigkeiten kann jeder stecken. Dann ist es gut, eine Ritterin in der Gegend zu wissen, die alle Tricks, aber keine Vorurteile kennt, denn das Leben ist aufregend, wild und wunderbar! Ein Buch mit humorvollen und modernen Geschichten, die so manches M\u00e4rchen auf den Kopf stellen und l\u00e4ssig Klischees \u00fcber den Haufen werfen.<\/span><\/td><\/tr><tr><td colspan='2'><a href='#' onclick='history.back(); return false'>Zur\u00fcck<\/a><\/td><\/tr><\/tbody><\/table>\n","protected":false},"excerpt":{"rendered":"<p>&#8211;<\/p>\n","protected":false},"author":1,"featured_media":0,"parent":0,"menu_order":0,"comment_status":"closed","ping_status":"closed","template":"","meta":[],"_links":{"self":[{"href":"https:\/\/www.web-rr.de\/GHS-Buecherei\/index.php\/wp-json\/wp\/v2\/pages\/16619"}],"collection":[{"href":"https:\/\/www.web-rr.de\/GHS-Buecherei\/index.php\/wp-json\/wp\/v2\/pages"}],"about":[{"href":"https:\/\/www.web-rr.de\/GHS-Buecherei\/index.php\/wp-json\/wp\/v2\/types\/page"}],"author":[{"embeddable":true,"href":"https:\/\/www.web-rr.de\/GHS-Buecherei\/index.php\/wp-json\/wp\/v2\/users\/1"}],"replies":[{"embeddable":true,"href":"https:\/\/www.web-rr.de\/GHS-Buecherei\/index.php\/wp-json\/wp\/v2\/comments?post=16619"}],"version-history":[{"count":0,"href":"https:\/\/www.web-rr.de\/GHS-Buecherei\/index.php\/wp-json\/wp\/v2\/pages\/16619\/revisions"}],"wp:attachment":[{"href":"https:\/\/www.web-rr.de\/GHS-Buecherei\/index.php\/wp-json\/wp\/v2\/media?parent=16619"}],"curies":[{"name":"wp","href":"https:\/\/api.w.org\/{rel}","templated":true}]}}