{"id":16618,"date":"2021-05-21T10:00:00","date_gmt":"2021-05-21T10:00:00","guid":{"rendered":"https:\/\/www.web-rr.de\/GHS-Buecherei\/?page_id=16618"},"modified":"2021-05-21T23:00:00","modified_gmt":"2021-05-21T23:00:00","slug":"p9783748802310","status":"publish","type":"page","link":"https:\/\/www.web-rr.de\/GHS-Buecherei\/index.php\/p9783748802310\/","title":{"rendered":"Soziales 65"},"content":{"rendered":"<table><tbody><tr><td class='rDTitel' colspan='2'>Zuhause - Eine Geschichte \u00fcber das Verlieren und Finden von Heimat<\/td><\/tr><tr><td><span class='rDLabel1'>Status: <\/span><span class='rDText1Gruen'>vorhanden<\/span><\/td><td><span class='rDLabel1'>Antolin: <\/span><span class='rDText1Gruen'>ja, Empfehlung Klasse 3<\/span><\/td><\/tr><tr><td width=50%><img src='https:\/\/www.web-rr.de\/GHS-Buecherei\/wp-content\/uploads\/9783748802310.jpg' alt=''><\/td><td><p class='rDLabel2'>von <span class='rDText2'>Biljana S. Crvenkovska, Vane Kosturanov<\/span><\/p><p class='rDLabel2'>Verlag: <span class='rDText2'>Dragonfly,  2022,  15.00 \u20ac<\/span><\/p><p class='rDLabel2'>B\u00fccherei-Barcode: <span class='rDText2'>9783748802310<\/span><\/p><p class='rDLabel2'>In der B\u00fccherei erfasst am: <span class='rDText2'>27.10.2024<\/span><\/p><p class='rDLabel2'>Stichw\u00f6rter: <span class='rDText2'>Flucht, Heimat, Verbundenheit, Angst, Trauer<\/span><\/p><p class='rDLabel2'>Lesealter ca. <span class='rDText2'>8<\/span><span class='rDLabel2'> Jahre<\/span><\/p><p class='rDLabel2'>Das Buch wurde <span class='rDText2'>0<\/span><span class='rDLabel2'> mal gelesen.<\/span><\/p><\/td><\/tr><tr><td colspan='2'><p class='rDLabel1'>Inhalt:<\/p><span class='rDText2'>Wo geh\u00f6re ich hin, wenn meine Heimat verloren geht?\r\nVon einem auf den anderen Moment muss die kleine Kala ihr Zuhause verlassen. Zur\u00fcck bleiben ihre Gro\u00dfeltern, ihr kleiner Stoffhase und das Haus, in dem sie gl\u00fccklich war. Die Gr\u00fcnde versteht sie nicht, aber dass es dramatische sind, f\u00fchlt sie genau. Der Weg ist lang und beschwerlich, begleitet von der Angst vor dem Ungewissen und der Trauer um das Verlorene. Kala vermisst ihre Gro\u00dfeltern sehr, sp\u00fcrt aber die ganze Zeit, dass sie da sind und aus der Ferne auf sie aufpassen - und ihr mit dieser \u00fcberw\u00e4ltigenden inneren Verbundenheit und Liebe Kraft geben, das, was vor ihr liegt, zu meistern.\r\n\u00bbEs gibt B\u00fccher, in denen mehr stecktals eine Geschichte. Dieses ist einsvon ihnen. Es zeigt, was unzerst\u00f6rbar,unverlierbar ist, so lange wir leben.\u00abIsabel Abedi\r\nEin brandaktuelles Bilderbuch zum Thema Flucht und Verlust von Heimat<\/span><\/td><\/tr><tr><td colspan='2'><a href='#' onclick='history.back(); return false'>Zur\u00fcck<\/a><\/td><\/tr><\/tbody><\/table>\n","protected":false},"excerpt":{"rendered":"<p>&#8211;<\/p>\n","protected":false},"author":1,"featured_media":0,"parent":0,"menu_order":0,"comment_status":"closed","ping_status":"closed","template":"","meta":[],"_links":{"self":[{"href":"https:\/\/www.web-rr.de\/GHS-Buecherei\/index.php\/wp-json\/wp\/v2\/pages\/16618"}],"collection":[{"href":"https:\/\/www.web-rr.de\/GHS-Buecherei\/index.php\/wp-json\/wp\/v2\/pages"}],"about":[{"href":"https:\/\/www.web-rr.de\/GHS-Buecherei\/index.php\/wp-json\/wp\/v2\/types\/page"}],"author":[{"embeddable":true,"href":"https:\/\/www.web-rr.de\/GHS-Buecherei\/index.php\/wp-json\/wp\/v2\/users\/1"}],"replies":[{"embeddable":true,"href":"https:\/\/www.web-rr.de\/GHS-Buecherei\/index.php\/wp-json\/wp\/v2\/comments?post=16618"}],"version-history":[{"count":0,"href":"https:\/\/www.web-rr.de\/GHS-Buecherei\/index.php\/wp-json\/wp\/v2\/pages\/16618\/revisions"}],"wp:attachment":[{"href":"https:\/\/www.web-rr.de\/GHS-Buecherei\/index.php\/wp-json\/wp\/v2\/media?parent=16618"}],"curies":[{"name":"wp","href":"https:\/\/api.w.org\/{rel}","templated":true}]}}