{"id":16616,"date":"2021-05-21T10:00:00","date_gmt":"2021-05-21T10:00:00","guid":{"rendered":"https:\/\/www.web-rr.de\/GHS-Buecherei\/?page_id=16616"},"modified":"2021-05-21T23:00:00","modified_gmt":"2021-05-21T23:00:00","slug":"p9783907277126","status":"publish","type":"page","link":"https:\/\/www.web-rr.de\/GHS-Buecherei\/index.php\/p9783907277126\/","title":{"rendered":"Soziales 63"},"content":{"rendered":"<table><tbody><tr><td class='rDTitel' colspan='2'>Zin: Eine Geschichte aus dem Libanon<\/td><\/tr><tr><td><span class='rDLabel1'>Status: <\/span><span class='rDText1Gruen'>vorhanden<\/span><\/td><td><span class='rDLabel1'>Antolin: <\/span><span class='rDText1Gruen'>ja, Empfehlung Klasse 3<\/span><\/td><\/tr><tr><td width=50%><img src='https:\/\/www.web-rr.de\/GHS-Buecherei\/wp-content\/uploads\/9783907277126.jpg' alt=''><\/td><td><p class='rDLabel2'>von <span class='rDText2'>Hassan Zahreddine, Leila Chammaa<\/span><\/p><p class='rDLabel2'>Verlag: <span class='rDText2'>Baobab Books,  2022,  20.00 \u20ac<\/span><\/p><p class='rDLabel2'>B\u00fccherei-Barcode: <span class='rDText2'>9783907277126<\/span><\/p><p class='rDLabel2'>In der B\u00fccherei erfasst am: <span class='rDText2'>27.10.2024<\/span><\/p><p class='rDLabel2'>Stichw\u00f6rter: <span class='rDText2'>Libanon, Flugbl\u00e4tter, Politik<\/span><\/p><p class='rDLabel2'>Lesealter ca. <span class='rDText2'>8<\/span><span class='rDLabel2'> Jahre<\/span><\/p><p class='rDLabel2'>Das Buch wurde <span class='rDText2'>0<\/span><span class='rDLabel2'> mal gelesen.<\/span><\/p><\/td><\/tr><tr><td colspan='2'><p class='rDLabel1'>Inhalt:<\/p><span class='rDText2'>Am Tag, an dem Zineddine als Hilfsjunge in einer Druckerei zu arbeiten beginnt, kann er weder lesen noch schreiben. Sein Name sei zu lang, meint der Drucker bei der Begr\u00fc\u00dfung, greift in den Setzkasten, f\u00fcgt drei Buchstaben zusammen und f\u00e4rbt den Block ein. Als er das Blatt aus der Presse zieht, steht darauf: Zin. Dieses Papier ist der Beginn einer gro\u00dfen Faszination. Noch bevor Zin versteht, was er setzt, wei\u00df er, wo jeder Buchstabe im Kasten seinen Platz hat. Er findet Gefallen an seinen t\u00e4glichen Aufgaben an der Druckmaschine, f\u00fcllt Farbe ein, legt die Walzen bereit, tr\u00e4gt Druckb\u00f6gen zum Packtisch \u2013 und erlernt im Stillen das Alphabet, Buchstabe f\u00fcr Buchstabe. Bis heute ist es im Libanon nicht selbstverst\u00e4ndlich, dass jedes Kind die Schule besucht. Und so scheint es Zin normal, dass auch er tatkr\u00e4ftig einen Beitrag leistet, die Familie \u00fcber Wasser zu halten. Eines Abends nimmt er auf dem Heimweg eine Stimmung iwahr, die er nicht einordnen kann. Er wundert sich \u00fcber die vielen Polizisten, da springt wie aus dem Nichts ein Mann auf die Stra\u00dfe, \u00f6ffnet seine Tasche und wirft einen Stapel Bl\u00e4tter in die Luft. Als Zin eines aufhebt, erkennt er, dass er selbst die Flugbl\u00e4tter gedruckt hat. In der Sicherheit der elterlichen Wohnung entziffert er bei Kerzenlicht den Text und beginnt zu verstehen, welche Kraft Buchstaben und W\u00f6rtern haben \u2026<\/span><\/td><\/tr><tr><td colspan='2'><a href='#' onclick='history.back(); return false'>Zur\u00fcck<\/a><\/td><\/tr><\/tbody><\/table>\n","protected":false},"excerpt":{"rendered":"<p>&#8211;<\/p>\n","protected":false},"author":1,"featured_media":0,"parent":0,"menu_order":0,"comment_status":"closed","ping_status":"closed","template":"","meta":[],"_links":{"self":[{"href":"https:\/\/www.web-rr.de\/GHS-Buecherei\/index.php\/wp-json\/wp\/v2\/pages\/16616"}],"collection":[{"href":"https:\/\/www.web-rr.de\/GHS-Buecherei\/index.php\/wp-json\/wp\/v2\/pages"}],"about":[{"href":"https:\/\/www.web-rr.de\/GHS-Buecherei\/index.php\/wp-json\/wp\/v2\/types\/page"}],"author":[{"embeddable":true,"href":"https:\/\/www.web-rr.de\/GHS-Buecherei\/index.php\/wp-json\/wp\/v2\/users\/1"}],"replies":[{"embeddable":true,"href":"https:\/\/www.web-rr.de\/GHS-Buecherei\/index.php\/wp-json\/wp\/v2\/comments?post=16616"}],"version-history":[{"count":0,"href":"https:\/\/www.web-rr.de\/GHS-Buecherei\/index.php\/wp-json\/wp\/v2\/pages\/16616\/revisions"}],"wp:attachment":[{"href":"https:\/\/www.web-rr.de\/GHS-Buecherei\/index.php\/wp-json\/wp\/v2\/media?parent=16616"}],"curies":[{"name":"wp","href":"https:\/\/api.w.org\/{rel}","templated":true}]}}