{"id":16615,"date":"2021-05-21T10:00:00","date_gmt":"2021-05-21T10:00:00","guid":{"rendered":"https:\/\/www.web-rr.de\/GHS-Buecherei\/?page_id=16615"},"modified":"2021-05-21T23:00:00","modified_gmt":"2021-05-21T23:00:00","slug":"p9783849700898","status":"publish","type":"page","link":"https:\/\/www.web-rr.de\/GHS-Buecherei\/index.php\/p9783849700898\/","title":{"rendered":"Soziales 62"},"content":{"rendered":"<table><tbody><tr><td class='rDTitel' colspan='2'>Josefina: Ein Name wie ein Klavier<\/td><\/tr><tr><td><span class='rDLabel1'>Status: <\/span><span class='rDText1Gruen'>vorhanden<\/span><\/td><td><span class='rDLabel1'>Antolin: <\/span><span class='rDText1Rot'>Quiz nicht vorhanden.<\/span><\/td><\/tr><tr><td width=50%><img src='https:\/\/www.web-rr.de\/GHS-Buecherei\/wp-content\/uploads\/9783849700898.jpg' alt=''><\/td><td><p class='rDLabel2'>von <span class='rDText2'>Jaap Robben, Merel Eyckermann<\/span><\/p><p class='rDLabel2'>Verlag: <span class='rDText2'>Carl-Auer Verlag GmbH,  2015,  14.99 \u20ac<\/span><\/p><p class='rDLabel2'>B\u00fccherei-Barcode: <span class='rDText2'>9783849700898<\/span><\/p><p class='rDLabel2'>In der B\u00fccherei erfasst am: <span class='rDText2'>27.10.2024<\/span><\/p><p class='rDLabel2'>Stichw\u00f6rter: <span class='rDText2'>Lebensgeschichte, Alter, Demenz<\/span><\/p><p class='rDLabel2'>Lesealter ca. <span class='rDText2'>7<\/span><span class='rDLabel2'> Jahre<\/span><\/p><p class='rDLabel2'>Das Buch wurde <span class='rDText2'>0<\/span><span class='rDLabel2'> mal gelesen.<\/span><\/p><\/td><\/tr><tr><td colspan='2'><p class='rDLabel1'>Inhalt:<\/p><span class='rDText2'>Die meisten Omas sind nicht immer Omas gewesen. Auch meine Oma nicht. Die war selbst auch mal ein Baby. Erst viel sp\u00e4ter, als ich zur Welt kam, wurde meine Oma endlich eine Oma. Eines Tages verga\u00df sie mich aber. Einfach so. Und auch dieses Haus, ihr Zimmer und sich selbst. Sie dachte, sie w\u00e4re einfach irgendeine Frau \u2026 Ein besonderes Bilderbuch, aus dem die Verwunderung eines Kindes \u00fcber die Lebensgeschichte seiner Oma spricht. \u201eEin wunderbares Buch, in dem ein warmes Herz schl\u00e4gt. Ein Herz f\u00fcr Kinder. Ein Herz f\u00fcr Omas. Ein Herz f\u00fcr die Zeit, die Verbindungen zwischen ihnen kn\u00fcpft.\u201c Edward van de Vendel (\u201eEin Hund wie Sam\u201c)<\/span><\/td><\/tr><tr><td colspan='2'><a href='#' onclick='history.back(); return false'>Zur\u00fcck<\/a><\/td><\/tr><\/tbody><\/table>\n","protected":false},"excerpt":{"rendered":"<p>&#8211;<\/p>\n","protected":false},"author":1,"featured_media":0,"parent":0,"menu_order":0,"comment_status":"closed","ping_status":"closed","template":"","meta":[],"_links":{"self":[{"href":"https:\/\/www.web-rr.de\/GHS-Buecherei\/index.php\/wp-json\/wp\/v2\/pages\/16615"}],"collection":[{"href":"https:\/\/www.web-rr.de\/GHS-Buecherei\/index.php\/wp-json\/wp\/v2\/pages"}],"about":[{"href":"https:\/\/www.web-rr.de\/GHS-Buecherei\/index.php\/wp-json\/wp\/v2\/types\/page"}],"author":[{"embeddable":true,"href":"https:\/\/www.web-rr.de\/GHS-Buecherei\/index.php\/wp-json\/wp\/v2\/users\/1"}],"replies":[{"embeddable":true,"href":"https:\/\/www.web-rr.de\/GHS-Buecherei\/index.php\/wp-json\/wp\/v2\/comments?post=16615"}],"version-history":[{"count":0,"href":"https:\/\/www.web-rr.de\/GHS-Buecherei\/index.php\/wp-json\/wp\/v2\/pages\/16615\/revisions"}],"wp:attachment":[{"href":"https:\/\/www.web-rr.de\/GHS-Buecherei\/index.php\/wp-json\/wp\/v2\/media?parent=16615"}],"curies":[{"name":"wp","href":"https:\/\/api.w.org\/{rel}","templated":true}]}}