{"id":16612,"date":"2021-05-21T10:00:00","date_gmt":"2021-05-21T10:00:00","guid":{"rendered":"https:\/\/www.web-rr.de\/GHS-Buecherei\/?page_id=16612"},"modified":"2021-05-21T23:00:00","modified_gmt":"2021-05-21T23:00:00","slug":"p9783774306257","status":"publish","type":"page","link":"https:\/\/www.web-rr.de\/GHS-Buecherei\/index.php\/p9783774306257\/","title":{"rendered":"L\u00e4nder &#8211; Europa 24"},"content":{"rendered":"<table><tbody><tr><td class='rDTitel' colspan='2'>Was macht das Pferd da auf der Fahne?: Das NRW-Kinderlexikon<\/td><\/tr><tr><td><span class='rDLabel1'>Status: <\/span><span class='rDText1Gruen'>vorhanden<\/span><\/td><td><span class='rDLabel1'>Antolin: <\/span><span class='rDText1Rot'>Quiz nicht vorhanden.<\/span><\/td><\/tr><tr><td width=50%><img src='https:\/\/www.web-rr.de\/GHS-Buecherei\/wp-content\/uploads\/9783774306257.jpg' alt=''><\/td><td><p class='rDLabel2'>von <span class='rDText2'>Dorothee Haentjes-Holl\u00e4nder, Silke Schmidt<\/span><\/p><p class='rDLabel2'>Verlag: <span class='rDText2'>Greven,  2021,  16.90 \u20ac<\/span><\/p><p class='rDLabel2'>B\u00fccherei-Barcode: <span class='rDText2'>9783774306257<\/span><\/p><p class='rDLabel2'>In der B\u00fccherei erfasst am: <span class='rDText2'>27.10.2024<\/span><\/p><p class='rDLabel2'>Stichw\u00f6rter: <span class='rDText2'>Nordrhein-Westfalen, NRW, Lexikon, Vergangenheit, Gegenwart, Zukunft, Erfinder,  Forscher, Traditionen, Wirtschaft, Politik, Fu\u00dfball, Pferde<\/span><\/p><p class='rDLabel2'>Lesealter ca. <span class='rDText2'>9<\/span><span class='rDLabel2'> Jahre<\/span><\/p><p class='rDLabel2'>Das Buch wurde <span class='rDText2'>0<\/span><span class='rDLabel2'> mal gelesen.<\/span><\/p><\/td><\/tr><tr><td colspan='2'><p class='rDLabel1'>Inhalt:<\/p><span class='rDText2'>Das bunte NRW-Buch f\u00fcr Kinder. Aufgeweckte Kids unserer Zeit: Sie gehen mit offenen Augen durch die Welt und formulieren Fragen, die sich manchem Erwachsenen in dieser Form gar nicht stellen. Das Kinderlexikon \u201eWas macht das Pferd da auf der Fahne?\u201c n\u00e4hert sich dem Thema \u201eBundesland NRW\u201c mit einem speziell auf Kinder ausgerichteten Ansatz: Anstatt jedem Buchstaben des Alphabets m\u00f6glichst viele Lemmata zuzuordnen, pr\u00e4sentiert dieses Buch nur jeweils einen Begriff und stellt ihn im Hinblick auf seine Bedeutung f\u00fcr NRW vor. Auf diese Weise erh\u00e4lt der Leser einen \u00dcberblick von A bis Z. Vergangenheit, Gegenwart und Zukunft, Erfinder und Forscher, Traditionen, Wirtschaft und Politik, aber auch Fu\u00dfball, Pferde und S\u00fc\u00dfigkeiten begegnen uns in diesem Lexikon, kurz: So gut wie alles, was das Bundesland NRW ausmacht. Und ein ganz besonderer Reiz entsteht dadurch, dass man bei manchem Stichwort auch mal \u201eum die Ecke\u201c denken muss. Verpackt ist dies alles in 26 Geschichten, die in unangestrengtem Ton Wissen und Fakten vermitteln \u2013 speziell f\u00fcr Kinder, aber auch f\u00fcr neugierig gebliebene Erwachsene.<\/span><\/td><\/tr><tr><td colspan='2'><a href='#' onclick='history.back(); return false'>Zur\u00fcck<\/a><\/td><\/tr><\/tbody><\/table>\n","protected":false},"excerpt":{"rendered":"<p>&#8211;<\/p>\n","protected":false},"author":1,"featured_media":0,"parent":0,"menu_order":0,"comment_status":"closed","ping_status":"closed","template":"","meta":[],"_links":{"self":[{"href":"https:\/\/www.web-rr.de\/GHS-Buecherei\/index.php\/wp-json\/wp\/v2\/pages\/16612"}],"collection":[{"href":"https:\/\/www.web-rr.de\/GHS-Buecherei\/index.php\/wp-json\/wp\/v2\/pages"}],"about":[{"href":"https:\/\/www.web-rr.de\/GHS-Buecherei\/index.php\/wp-json\/wp\/v2\/types\/page"}],"author":[{"embeddable":true,"href":"https:\/\/www.web-rr.de\/GHS-Buecherei\/index.php\/wp-json\/wp\/v2\/users\/1"}],"replies":[{"embeddable":true,"href":"https:\/\/www.web-rr.de\/GHS-Buecherei\/index.php\/wp-json\/wp\/v2\/comments?post=16612"}],"version-history":[{"count":0,"href":"https:\/\/www.web-rr.de\/GHS-Buecherei\/index.php\/wp-json\/wp\/v2\/pages\/16612\/revisions"}],"wp:attachment":[{"href":"https:\/\/www.web-rr.de\/GHS-Buecherei\/index.php\/wp-json\/wp\/v2\/media?parent=16612"}],"curies":[{"name":"wp","href":"https:\/\/api.w.org\/{rel}","templated":true}]}}