{"id":16611,"date":"2021-05-21T10:00:00","date_gmt":"2021-05-21T10:00:00","guid":{"rendered":"https:\/\/www.web-rr.de\/GHS-Buecherei\/?page_id=16611"},"modified":"2021-05-21T23:00:00","modified_gmt":"2021-05-21T23:00:00","slug":"p9783551240767","status":"publish","type":"page","link":"https:\/\/www.web-rr.de\/GHS-Buecherei\/index.php\/p9783551240767\/","title":{"rendered":"Diverse 45"},"content":{"rendered":"<table><tbody><tr><td class='rDTitel' colspan='2'>Der Fall der Mauer<\/td><\/tr><tr><td><span class='rDLabel1'>Status: <\/span><span class='rDText1Gruen'>vorhanden<\/span><\/td><td><span class='rDLabel1'>Antolin: <\/span><span class='rDText1Gruen'>ja, Empfehlung Klasse 3<\/span><\/td><\/tr><tr><td width=50%><img src='https:\/\/www.web-rr.de\/GHS-Buecherei\/wp-content\/uploads\/9783551240767.jpg' alt=''><\/td><td><p class='rDLabel2'>von <span class='rDText2'>Monika Wittmann, Jochen Windecker<\/span><\/p><p class='rDLabel2'>Verlag: <span class='rDText2'>Carlsen,  2009,  1.95 \u20ac<\/span><\/p><p class='rDLabel2'>B\u00fccherei-Barcode: <span class='rDText2'>9783551240767<\/span><\/p><p class='rDLabel2'>In der B\u00fccherei erfasst am: <span class='rDText2'>27.10.2024<\/span><\/p><p class='rDLabel2'>Stichw\u00f6rter: <span class='rDText2'>Politik, DDR, BRD<\/span><\/p><p class='rDLabel2'>Lesealter ca. <span class='rDText2'>8<\/span><span class='rDLabel2'> Jahre<\/span><\/p><p class='rDLabel2'>Das Buch wurde <span class='rDText2'>0<\/span><span class='rDLabel2'> mal gelesen.<\/span><\/p><\/td><\/tr><tr><td colspan='2'><p class='rDLabel1'>Inhalt:<\/p><span class='rDText2'>Deutschland 1989: Die Mauer f\u00e4llt. Wer dabei war, wird es nie vergessen. Damit aber auch die Kinder von heute verstehen k\u00f6nnen, was damals geschah, erkl\u00e4ren wir es im Pixi Wissen Band 26 auf kindgerechte Weise. Pixi Wissen bringt Sachthemen f\u00fcr Grundschulkinder auf den Punkt. Kurze, informative Texte vermitteln zusammen mit zahlreichen hochwertigen Bildern Einblicke und \u00dcberblicke. Infok\u00e4sten, Quizfragen und interessante Fakten lockern die Seiten auf. Ganz einfach erfahren Grundsch\u00fcler mehr \u00fcber ihre Lieblingsthemen, das Lesen wird zum Vergn\u00fcgen. Fachleute und P\u00e4dagogen pr\u00fcfen jeden Pixi Wissen-Band. Pixi Wissen - zum Sammeln, zum Mitnehmen, zum Lernen Einfach gut erkl\u00e4rt.<\/span><\/td><\/tr><tr><td colspan='2'><a href='#' onclick='history.back(); return false'>Zur\u00fcck<\/a><\/td><\/tr><\/tbody><\/table>\n","protected":false},"excerpt":{"rendered":"<p>&#8211;<\/p>\n","protected":false},"author":1,"featured_media":0,"parent":0,"menu_order":0,"comment_status":"closed","ping_status":"closed","template":"","meta":[],"_links":{"self":[{"href":"https:\/\/www.web-rr.de\/GHS-Buecherei\/index.php\/wp-json\/wp\/v2\/pages\/16611"}],"collection":[{"href":"https:\/\/www.web-rr.de\/GHS-Buecherei\/index.php\/wp-json\/wp\/v2\/pages"}],"about":[{"href":"https:\/\/www.web-rr.de\/GHS-Buecherei\/index.php\/wp-json\/wp\/v2\/types\/page"}],"author":[{"embeddable":true,"href":"https:\/\/www.web-rr.de\/GHS-Buecherei\/index.php\/wp-json\/wp\/v2\/users\/1"}],"replies":[{"embeddable":true,"href":"https:\/\/www.web-rr.de\/GHS-Buecherei\/index.php\/wp-json\/wp\/v2\/comments?post=16611"}],"version-history":[{"count":0,"href":"https:\/\/www.web-rr.de\/GHS-Buecherei\/index.php\/wp-json\/wp\/v2\/pages\/16611\/revisions"}],"wp:attachment":[{"href":"https:\/\/www.web-rr.de\/GHS-Buecherei\/index.php\/wp-json\/wp\/v2\/media?parent=16611"}],"curies":[{"name":"wp","href":"https:\/\/api.w.org\/{rel}","templated":true}]}}