{"id":16609,"date":"2021-05-21T10:00:00","date_gmt":"2021-05-21T10:00:00","guid":{"rendered":"https:\/\/www.web-rr.de\/GHS-Buecherei\/?page_id=16609"},"modified":"2021-05-21T23:00:00","modified_gmt":"2021-05-21T23:00:00","slug":"p9783864294112","status":"publish","type":"page","link":"https:\/\/www.web-rr.de\/GHS-Buecherei\/index.php\/p9783864294112\/","title":{"rendered":"Erstlesen 293"},"content":{"rendered":"<table><tbody><tr><td class='rDTitel' colspan='2'>Finn und Frieda finden den Fr\u00fchling<\/td><\/tr><tr><td><span class='rDLabel1'>Status: <\/span><span class='rDText1Gruen'>vorhanden<\/span><\/td><td><span class='rDLabel1'>Antolin: <\/span><span class='rDText1Gruen'>ja, Empfehlung Klasse 2<\/span><\/td><\/tr><tr><td width=50%><img src='https:\/\/www.web-rr.de\/GHS-Buecherei\/wp-content\/uploads\/9783864294112.jpg' alt=''><\/td><td><p class='rDLabel2'>von <span class='rDText2'>Kerstin Meyer, Martin Klein<\/span><\/p><p class='rDLabel2'>Verlag: <span class='rDText2'>Tulipan,  2018,  8.95 \u20ac<\/span><\/p><p class='rDLabel2'>B\u00fccherei-Barcode: <span class='rDText2'>9783864294112<\/span><\/p><p class='rDLabel2'>In der B\u00fccherei erfasst am: <span class='rDText2'>27.10.2024<\/span><\/p><p class='rDLabel2'>Stichw\u00f6rter: <span class='rDText2'>Igel, Winterschlaf, Tier\u00e4rztin, Natur<\/span><\/p><p class='rDLabel2'>Lesealter ca. <span class='rDText2'>7<\/span><span class='rDLabel2'> Jahre<\/span><\/p><p class='rDLabel2'>Das Buch wurde <span class='rDText2'>0<\/span><span class='rDLabel2'> mal gelesen.<\/span><\/p><\/td><\/tr><tr><td colspan='2'><p class='rDLabel1'>Inhalt:<\/p><span class='rDText2'>Eines Morgens finden Finn und Frieda einen kleinen Igel. Die Stachelkugel ist zu fr\u00fch aus seinem Winterschlaf erwacht. Deswegen bringen die Geschwister ihren tierischen Fund zur Tier\u00e4rztin. \u00bbDie gr\u00f6\u00dften Chancen hat unser stacheliger kleiner Freund, wenn einfach so bald wie m\u00f6glich der Fr\u00fchling kommt\u00ab, sagt die \u00c4rztin bei der Untersuchung. Doch wie und wo findet man den Fr\u00fchling am besten? Finn und Frieda beschlie\u00dfen, sich auf die Suche zu begeben. Sie gehen gemeinsam mit Opa Reinhold in den Park, denn der kennt die Natur so gut wie Kinder die S\u00fc\u00dfwarenabteilung im Supermarkt. Und tats\u00e4chlich werden die drei Fr\u00fchlingssucher f\u00fcndig: Sie entdecken erste Krokusse, sp\u00fcren fr\u00fche Knospen an Str\u00e4uchern und B\u00e4umen auf, beobachten unz\u00e4hlige Bienen und sammeln Kr\u00e4uter f\u00fcr Opas ber\u00fcchtigte Sieben-Kr\u00e4uter-Suppe, mit welcher traditionell der Fr\u00fchling eingel\u00e4utet wird. Bei so vielen Fr\u00fchlingsboten ist der Fr\u00fchling nicht mehr aufzuhalten, sodass der kleine Igel beruhigt zur\u00fcck in die Natur kann. Im zweiten Finn-und-Frieda-Band l\u00e4sst Martin Klein den Fr\u00fchling frech und fr\u00f6hlich hochleben.<\/span><\/td><\/tr><tr><td colspan='2'><a href='#' onclick='history.back(); return false'>Zur\u00fcck<\/a><\/td><\/tr><\/tbody><\/table>\n","protected":false},"excerpt":{"rendered":"<p>&#8211;<\/p>\n","protected":false},"author":1,"featured_media":0,"parent":0,"menu_order":0,"comment_status":"closed","ping_status":"closed","template":"","meta":[],"_links":{"self":[{"href":"https:\/\/www.web-rr.de\/GHS-Buecherei\/index.php\/wp-json\/wp\/v2\/pages\/16609"}],"collection":[{"href":"https:\/\/www.web-rr.de\/GHS-Buecherei\/index.php\/wp-json\/wp\/v2\/pages"}],"about":[{"href":"https:\/\/www.web-rr.de\/GHS-Buecherei\/index.php\/wp-json\/wp\/v2\/types\/page"}],"author":[{"embeddable":true,"href":"https:\/\/www.web-rr.de\/GHS-Buecherei\/index.php\/wp-json\/wp\/v2\/users\/1"}],"replies":[{"embeddable":true,"href":"https:\/\/www.web-rr.de\/GHS-Buecherei\/index.php\/wp-json\/wp\/v2\/comments?post=16609"}],"version-history":[{"count":0,"href":"https:\/\/www.web-rr.de\/GHS-Buecherei\/index.php\/wp-json\/wp\/v2\/pages\/16609\/revisions"}],"wp:attachment":[{"href":"https:\/\/www.web-rr.de\/GHS-Buecherei\/index.php\/wp-json\/wp\/v2\/media?parent=16609"}],"curies":[{"name":"wp","href":"https:\/\/api.w.org\/{rel}","templated":true}]}}