{"id":16597,"date":"2021-05-21T10:00:00","date_gmt":"2021-05-21T10:00:00","guid":{"rendered":"https:\/\/www.web-rr.de\/GHS-Buecherei\/?page_id=16597"},"modified":"2021-05-21T23:00:00","modified_gmt":"2021-05-21T23:00:00","slug":"p9783963116858","status":"publish","type":"page","link":"https:\/\/www.web-rr.de\/GHS-Buecherei\/index.php\/p9783963116858\/","title":{"rendered":"Ritter 19"},"content":{"rendered":"<table><tbody><tr><td class='rDTitel' colspan='2'>Ritter Dieter<\/td><\/tr><tr><td><span class='rDLabel1'>Status: <\/span><span class='rDText1Gruen'>vorhanden<\/span><\/td><td><span class='rDLabel1'>Antolin: <\/span><span class='rDText1Rot'>Quiz nicht vorhanden.<\/span><\/td><\/tr><tr><td width=50%><img src='https:\/\/www.web-rr.de\/GHS-Buecherei\/wp-content\/uploads\/9783963116858.jpg' alt=''><\/td><td><p class='rDLabel2'>von <span class='rDText2'>Detlef F\u00e4rber<\/span><\/p><p class='rDLabel2'>Verlag: <span class='rDText2'>Mitteldeutscher Verlag,  2022,  16.00 \u20ac<\/span><\/p><p class='rDLabel2'>B\u00fccherei-Barcode: <span class='rDText2'>9783963116858<\/span><\/p><p class='rDLabel2'>In der B\u00fccherei erfasst am: <span class='rDText2'>27.10.2024<\/span><\/p><p class='rDLabel2'>Stichw\u00f6rter: <span class='rDText2'>Ritter, Drachen, Schwertkampf<\/span><\/p><p class='rDLabel2'>Lesealter ca. <span class='rDText2'>8<\/span><span class='rDLabel2'> Jahre<\/span><\/p><p class='rDLabel2'>Das Buch wurde <span class='rDText2'>0<\/span><span class='rDLabel2'> mal gelesen.<\/span><\/p><\/td><\/tr><tr><td colspan='2'><p class='rDLabel1'>Inhalt:<\/p><span class='rDText2'>Ritter Dieter hilft der armen Ritterin Rita aus h\u00f6chster Not, rettet ein ganzes Dorf vor dem Drachen und seine Zuhauseburg vor dem Zusammenbruch. Aufgebaut wie eine Revue, erz\u00e4hlt Detlef F\u00e4rber in seinem neuen Kinderbuch in Form einer Ballade, eines M\u00e4rchens und eines Liedes aus dem Leben eines jungen Kriegers. Dabei liegt f\u00fcr F\u00e4rber der Reiz von Ritter-Figuren nicht etwa im Schwertkampf, sondern darin, dass Ritter sich oft allein behaupten m\u00fcssen. Das m\u00fcssen unsere kleinen Mitmenschen auch. Und auch sie w\u00fcrden sich manchmal gerne hinter Helm und R\u00fcstung oder einer Burg verstecken. F\u00e4rber schafft mit seinem \u00bbDieter\u00ab nicht nur einen Helden f\u00fcr seine junge Leserschaft, sondern auch einen guten Begleiter f\u00fcr deren Weg ins Leben.<\/span><\/td><\/tr><tr><td colspan='2'><a href='#' onclick='history.back(); return false'>Zur\u00fcck<\/a><\/td><\/tr><\/tbody><\/table>\n","protected":false},"excerpt":{"rendered":"<p>&#8211;<\/p>\n","protected":false},"author":1,"featured_media":0,"parent":0,"menu_order":0,"comment_status":"closed","ping_status":"closed","template":"","meta":[],"_links":{"self":[{"href":"https:\/\/www.web-rr.de\/GHS-Buecherei\/index.php\/wp-json\/wp\/v2\/pages\/16597"}],"collection":[{"href":"https:\/\/www.web-rr.de\/GHS-Buecherei\/index.php\/wp-json\/wp\/v2\/pages"}],"about":[{"href":"https:\/\/www.web-rr.de\/GHS-Buecherei\/index.php\/wp-json\/wp\/v2\/types\/page"}],"author":[{"embeddable":true,"href":"https:\/\/www.web-rr.de\/GHS-Buecherei\/index.php\/wp-json\/wp\/v2\/users\/1"}],"replies":[{"embeddable":true,"href":"https:\/\/www.web-rr.de\/GHS-Buecherei\/index.php\/wp-json\/wp\/v2\/comments?post=16597"}],"version-history":[{"count":0,"href":"https:\/\/www.web-rr.de\/GHS-Buecherei\/index.php\/wp-json\/wp\/v2\/pages\/16597\/revisions"}],"wp:attachment":[{"href":"https:\/\/www.web-rr.de\/GHS-Buecherei\/index.php\/wp-json\/wp\/v2\/media?parent=16597"}],"curies":[{"name":"wp","href":"https:\/\/api.w.org\/{rel}","templated":true}]}}