{"id":16592,"date":"2021-05-21T10:00:00","date_gmt":"2021-05-21T10:00:00","guid":{"rendered":"https:\/\/www.web-rr.de\/GHS-Buecherei\/?page_id=16592"},"modified":"2021-05-21T23:00:00","modified_gmt":"2021-05-21T23:00:00","slug":"p9783941411128","status":"publish","type":"page","link":"https:\/\/www.web-rr.de\/GHS-Buecherei\/index.php\/p9783941411128\/","title":{"rendered":"Jungen 43"},"content":{"rendered":"<table><tbody><tr><td class='rDTitel' colspan='2'>Rocco Randale - M\u00e4dchenparty mit Wurm Rocco Randale Bd. 1<\/td><\/tr><tr><td><span class='rDLabel1'>Status: <\/span><span class='rDText1Gruen'>vorhanden<\/span><\/td><td><span class='rDLabel1'>Antolin: <\/span><span class='rDText1Gruen'>ja, Empfehlung Klasse 3<\/span><\/td><\/tr><tr><td width=50%><img src='https:\/\/www.web-rr.de\/GHS-Buecherei\/wp-content\/uploads\/9783941411128.jpg' alt=''><\/td><td><p class='rDLabel2'>von <span class='rDText2'>Alan MacDonald und David Roberts<\/span><\/p><p class='rDLabel2'>Verlag: <span class='rDText2'>Klett Kinderbuch,  2009,  7.90 \u20ac<\/span><\/p><p class='rDLabel2'>B\u00fccherei-Barcode: <span class='rDText2'>9783941411128<\/span><\/p><p class='rDLabel2'>In der B\u00fccherei erfasst am: <span class='rDText2'>26.10.2024<\/span><\/p><p class='rDLabel2'>Stichw\u00f6rter: <span class='rDText2'>\u00c4rger, Spa\u00df, Randale, Fettn\u00e4pfchen<\/span><\/p><p class='rDLabel2'>Lesealter ca. <span class='rDText2'>8<\/span><span class='rDLabel2'> Jahre<\/span><\/p><p class='rDLabel2'>Das Buch wurde <span class='rDText2'>0<\/span><span class='rDLabel2'> mal gelesen.<\/span><\/p><\/td><\/tr><tr><td colspan='2'><p class='rDLabel1'>Inhalt:<\/p><span class='rDText2'>Wo Rocco auftaucht, gibt es zuverl\u00e4ssig eins: Randale. Nicht, dass er unentwegt \u00c4rger sucht \u2013 der \u00c4rger sucht ihn. Aber Rocco wei\u00df immer, was dann zu tun ist. Rocco Randale ist ein neuer Held in der Kinderliteratur: ein Junge mit einem Riesentalent f\u00fcr die Fettn\u00e4pfchen- und Schlamasselsuche, unverdrossen und immer irgendwie verdreckt. Er hat \u00fcberhaupt keine Manieren, aber daf\u00fcr jede Menge verr\u00fcckter Ideen. Nicht alle Eltern w\u00fcrden sich dieses Kind zum Sohn w\u00fcnschen. Aber solange er zwischen den Buchdeckeln bleibt, werden ihn alle lieben. Denn zum Weiter- und Immerweiterlesen sind seine Geschichten bestens geeignet. Vor allem f\u00fcr Jungen, die gerade Spa\u00df am Lesen finden (und nat\u00fcrlich werden auch M\u00e4dchen lauthals lachen). Der richtige Lesestoff f\u00fcr alle, die manchmal dreckige Finger haben.<\/span><\/td><\/tr><tr><td colspan='2'><a href='#' onclick='history.back(); return false'>Zur\u00fcck<\/a><\/td><\/tr><\/tbody><\/table>\n","protected":false},"excerpt":{"rendered":"<p>&#8211;<\/p>\n","protected":false},"author":1,"featured_media":0,"parent":0,"menu_order":0,"comment_status":"closed","ping_status":"closed","template":"","meta":[],"_links":{"self":[{"href":"https:\/\/www.web-rr.de\/GHS-Buecherei\/index.php\/wp-json\/wp\/v2\/pages\/16592"}],"collection":[{"href":"https:\/\/www.web-rr.de\/GHS-Buecherei\/index.php\/wp-json\/wp\/v2\/pages"}],"about":[{"href":"https:\/\/www.web-rr.de\/GHS-Buecherei\/index.php\/wp-json\/wp\/v2\/types\/page"}],"author":[{"embeddable":true,"href":"https:\/\/www.web-rr.de\/GHS-Buecherei\/index.php\/wp-json\/wp\/v2\/users\/1"}],"replies":[{"embeddable":true,"href":"https:\/\/www.web-rr.de\/GHS-Buecherei\/index.php\/wp-json\/wp\/v2\/comments?post=16592"}],"version-history":[{"count":0,"href":"https:\/\/www.web-rr.de\/GHS-Buecherei\/index.php\/wp-json\/wp\/v2\/pages\/16592\/revisions"}],"wp:attachment":[{"href":"https:\/\/www.web-rr.de\/GHS-Buecherei\/index.php\/wp-json\/wp\/v2\/media?parent=16592"}],"curies":[{"name":"wp","href":"https:\/\/api.w.org\/{rel}","templated":true}]}}