{"id":16591,"date":"2021-05-21T10:00:00","date_gmt":"2021-05-21T10:00:00","guid":{"rendered":"https:\/\/www.web-rr.de\/GHS-Buecherei\/?page_id=16591"},"modified":"2021-05-21T23:00:00","modified_gmt":"2021-05-21T23:00:00","slug":"p9783401606361","status":"publish","type":"page","link":"https:\/\/www.web-rr.de\/GHS-Buecherei\/index.php\/p9783401606361\/","title":{"rendered":"Jungen 42"},"content":{"rendered":"<table><tbody><tr><td class='rDTitel' colspan='2'>Total verboten! Unsere Klasse und das Haustier-Chaos<\/td><\/tr><tr><td><span class='rDLabel1'>Status: <\/span><span class='rDText1Gruen'>vorhanden<\/span><\/td><td><span class='rDLabel1'>Antolin: <\/span><span class='rDText1Gruen'>ja, Empfehlung Klasse 3<\/span><\/td><\/tr><tr><td width=50%><img src='https:\/\/www.web-rr.de\/GHS-Buecherei\/wp-content\/uploads\/9783401606361.jpg' alt=''><\/td><td><p class='rDLabel2'>von <span class='rDText2'>Joanna Nadin , Rikin Parekh<\/span><\/p><p class='rDLabel2'>Verlag: <span class='rDText2'>Arena,  2022,  8.00 \u20ac<\/span><\/p><p class='rDLabel2'>B\u00fccherei-Barcode: <span class='rDText2'>9783401606361<\/span><\/p><p class='rDLabel2'>In der B\u00fccherei erfasst am: <span class='rDText2'>26.10.2024<\/span><\/p><p class='rDLabel2'>Stichw\u00f6rter: <span class='rDText2'>Lustig, Spa\u00df, Schule<\/span><\/p><p class='rDLabel2'>Lesealter ca. <span class='rDText2'>8<\/span><span class='rDLabel2'> Jahre<\/span><\/p><p class='rDLabel2'>Das Buch wurde <span class='rDText2'>0<\/span><span class='rDLabel2'> mal gelesen.<\/span><\/p><\/td><\/tr><tr><td colspan='2'><p class='rDLabel1'>Inhalt:<\/p><span class='rDText2'>Total verboten! - Das ist Lesefutter mit Lachgarantie f\u00fcr Jungs und M\u00e4dchen ab der zweiten Klasse. Dank kurzer Episoden, gro\u00dfer Schrift und vieler Illustrationen im Comic-Stil eignen sich die B\u00fccher perfekt f\u00fcr Lesemuffel.\r\nAn Lukas Schule ist alles, was Spa\u00df macht, TOTAL VERBOTEN. Aber zum Gl\u00fcck haben er und sein bester Freund Manjit immer einen BOMBENSICHEREN Plan gegen die Langeweile. Und wenn sie dabei gegen ein paar Schulregeln versto\u00dfen m\u00fcssen, wird es gleich umso lustiger \u2026\r\nHaustiere im Unterricht? TOTAL VERBOTEN! Aber Luka ist sich sicher, dass solche Regeln nicht f\u00fcr Nutztiere gelten. Zum Gl\u00fcck ist Manjits H\u00fcndin Killer zur H\u00e4lfte ein Polizeihund (Nutztier!). Und so schmieden die beiden Freunde den bombensicheren Plan, mit Killer eine Nummer einzu\u00fcben, um damit den Vorf\u00fchrwettbewerb an der Schule zu gewinnen. Aber vorher m\u00fcssen sie der H\u00fcndin noch beibringen, dass sie nicht st\u00e4ndig alles auffressen darf. Schon gar nicht die Schuhe des Klassenlehrers.<\/span><\/td><\/tr><tr><td colspan='2'><a href='#' onclick='history.back(); return false'>Zur\u00fcck<\/a><\/td><\/tr><\/tbody><\/table>\n","protected":false},"excerpt":{"rendered":"<p>&#8211;<\/p>\n","protected":false},"author":1,"featured_media":0,"parent":0,"menu_order":0,"comment_status":"closed","ping_status":"closed","template":"","meta":[],"_links":{"self":[{"href":"https:\/\/www.web-rr.de\/GHS-Buecherei\/index.php\/wp-json\/wp\/v2\/pages\/16591"}],"collection":[{"href":"https:\/\/www.web-rr.de\/GHS-Buecherei\/index.php\/wp-json\/wp\/v2\/pages"}],"about":[{"href":"https:\/\/www.web-rr.de\/GHS-Buecherei\/index.php\/wp-json\/wp\/v2\/types\/page"}],"author":[{"embeddable":true,"href":"https:\/\/www.web-rr.de\/GHS-Buecherei\/index.php\/wp-json\/wp\/v2\/users\/1"}],"replies":[{"embeddable":true,"href":"https:\/\/www.web-rr.de\/GHS-Buecherei\/index.php\/wp-json\/wp\/v2\/comments?post=16591"}],"version-history":[{"count":0,"href":"https:\/\/www.web-rr.de\/GHS-Buecherei\/index.php\/wp-json\/wp\/v2\/pages\/16591\/revisions"}],"wp:attachment":[{"href":"https:\/\/www.web-rr.de\/GHS-Buecherei\/index.php\/wp-json\/wp\/v2\/media?parent=16591"}],"curies":[{"name":"wp","href":"https:\/\/api.w.org\/{rel}","templated":true}]}}