{"id":16583,"date":"2021-05-21T10:00:00","date_gmt":"2021-05-21T10:00:00","guid":{"rendered":"https:\/\/www.web-rr.de\/GHS-Buecherei\/?page_id=16583"},"modified":"2021-05-21T23:00:00","modified_gmt":"2021-05-21T23:00:00","slug":"p9783401606491","status":"publish","type":"page","link":"https:\/\/www.web-rr.de\/GHS-Buecherei\/index.php\/p9783401606491\/","title":{"rendered":"Pferde 23"},"content":{"rendered":"<table><tbody><tr><td class='rDTitel' colspan='2'>Otis und Otilie. Ein Pony zum Fr\u00fchst\u00fcck<\/td><\/tr><tr><td><span class='rDLabel1'>Status: <\/span><span class='rDText1Gruen'>vorhanden<\/span><\/td><td><span class='rDLabel1'>Antolin: <\/span><span class='rDText1Gruen'>ja, Empfehlung Klasse 3<\/span><\/td><\/tr><tr><td width=50%><img src='https:\/\/www.web-rr.de\/GHS-Buecherei\/wp-content\/uploads\/9783401606491.jpg' alt=''><\/td><td><p class='rDLabel2'>von <span class='rDText2'>Nina Dulleck<\/span><\/p><p class='rDLabel2'>Verlag: <span class='rDText2'>Arena,  2022,  12.00 \u20ac<\/span><\/p><p class='rDLabel2'>B\u00fccherei-Barcode: <span class='rDText2'>9783401606491<\/span><\/p><p class='rDLabel2'>In der B\u00fccherei erfasst am: <span class='rDText2'>25.10.2024<\/span><\/p><p class='rDLabel2'>Stichw\u00f6rter: <span class='rDText2'>Toleranz, Freundschaft, Sprachwitz, Oma, Zirkus<\/span><\/p><p class='rDLabel2'>Lesealter ca. <span class='rDText2'>8<\/span><span class='rDLabel2'> Jahre<\/span><\/p><p class='rDLabel2'>Das Buch wurde <span class='rDText2'>0<\/span><span class='rDLabel2'> mal gelesen.<\/span><\/p><\/td><\/tr><tr><td colspan='2'><p class='rDLabel1'>Inhalt:<\/p><span class='rDText2'>Ein Rosinenbr\u00f6tchen f\u00fcr Otilie, ein Haferbr\u00f6tchen f\u00fcr Herrn Schatzi - so war es jeden Samstag. Aber seit geraumer Zeit muss Otilie allein fr\u00fchst\u00fccken.\r\nBis zu jenem Samstagmorgen, als das komische, kleine, karamellfarbene Pony Otis vor ihrer T\u00fcr steht. Nach seiner Flucht aus dem Zirkus sucht Otis dringend eine neue Bleibe, denn der Zirkusdirektor, die Seilt\u00e4nzerin Pillepalle, Gunter der Vogelstrau\u00df und drei Zwergpudel sind ihm dicht auf den Fersen. Sie wollen ihre Hauptattraktion schnellstens zur\u00fcckholen!\r\nDoch Otilie mag Tiere, wenn \u00fcberhaupt, nur in der Pfanne. So setzt sie alles daran, Otis noch vor dem Fr\u00fchst\u00fcck wieder loszuwerden. Ob das Pony die alte Dame \u00fcberzeugen kann, dass jeder einen Freund braucht ... und es sich zu zweit besser fr\u00fchst\u00fcckt als allein?\r\nEin Buch f\u00fcr die ganze Familie: \u00c4ltere Kinder lesen selbst, die j\u00fcngeren lassen sich vorlesen und entdecken dabei die detailverliebten Bilder. Im Gro\u00dfen, vorlesefreundlichen Format, das die ganzseitigen, farbigen Illustrationen perfekt zur Geltung bringt.\r\nInklusive Nina Dullecks Geheimrezept f\u00fcr die weltbesten Apfelpfannkuchen - f\u00fcr das Samstagsfr\u00fchst\u00fcck zu Hause!<\/span><\/td><\/tr><tr><td colspan='2'><a href='#' onclick='history.back(); return false'>Zur\u00fcck<\/a><\/td><\/tr><\/tbody><\/table>\n","protected":false},"excerpt":{"rendered":"<p>&#8211;<\/p>\n","protected":false},"author":1,"featured_media":0,"parent":0,"menu_order":0,"comment_status":"closed","ping_status":"closed","template":"","meta":[],"_links":{"self":[{"href":"https:\/\/www.web-rr.de\/GHS-Buecherei\/index.php\/wp-json\/wp\/v2\/pages\/16583"}],"collection":[{"href":"https:\/\/www.web-rr.de\/GHS-Buecherei\/index.php\/wp-json\/wp\/v2\/pages"}],"about":[{"href":"https:\/\/www.web-rr.de\/GHS-Buecherei\/index.php\/wp-json\/wp\/v2\/types\/page"}],"author":[{"embeddable":true,"href":"https:\/\/www.web-rr.de\/GHS-Buecherei\/index.php\/wp-json\/wp\/v2\/users\/1"}],"replies":[{"embeddable":true,"href":"https:\/\/www.web-rr.de\/GHS-Buecherei\/index.php\/wp-json\/wp\/v2\/comments?post=16583"}],"version-history":[{"count":0,"href":"https:\/\/www.web-rr.de\/GHS-Buecherei\/index.php\/wp-json\/wp\/v2\/pages\/16583\/revisions"}],"wp:attachment":[{"href":"https:\/\/www.web-rr.de\/GHS-Buecherei\/index.php\/wp-json\/wp\/v2\/media?parent=16583"}],"curies":[{"name":"wp","href":"https:\/\/api.w.org\/{rel}","templated":true}]}}