{"id":16581,"date":"2021-05-21T10:00:00","date_gmt":"2021-05-21T10:00:00","guid":{"rendered":"https:\/\/www.web-rr.de\/GHS-Buecherei\/?page_id=16581"},"modified":"2021-05-21T23:00:00","modified_gmt":"2021-05-21T23:00:00","slug":"p9783964551528","status":"publish","type":"page","link":"https:\/\/www.web-rr.de\/GHS-Buecherei\/index.php\/p9783964551528\/","title":{"rendered":"Natur &#8211; Pflanzen 19"},"content":{"rendered":"<table><tbody><tr><td class='rDTitel' colspan='2'>Die Superkr\u00e4fte der Pflanzen<\/td><\/tr><tr><td><span class='rDLabel1'>Status: <\/span><span class='rDText1Gruen'>vorhanden<\/span><\/td><td><span class='rDLabel1'>Antolin: <\/span><span class='rDText1Gruen'>ja, Empfehlung Klasse 4<\/span><\/td><\/tr><tr><td width=50%><img src='https:\/\/www.web-rr.de\/GHS-Buecherei\/wp-content\/uploads\/9783964551528.jpg' alt=''><\/td><td><p class='rDLabel2'>von <span class='rDText2'>Anne Scheller<\/span><\/p><p class='rDLabel2'>Verlag: <span class='rDText2'>moses Verlag,  2022,  14.95 \u20ac<\/span><\/p><p class='rDLabel2'>B\u00fccherei-Barcode: <span class='rDText2'>9783964551528<\/span><\/p><p class='rDLabel2'>In der B\u00fccherei erfasst am: <span class='rDText2'>25.10.2024<\/span><\/p><p class='rDLabel2'>Stichw\u00f6rter: <span class='rDText2'>Blumen, B\u00e4ume, Gew\u00e4chse, Naturgewalt<\/span><\/p><p class='rDLabel2'>Lesealter ca. <span class='rDText2'>9<\/span><span class='rDLabel2'> Jahre<\/span><\/p><p class='rDLabel2'>Das Buch wurde <span class='rDText2'>0<\/span><span class='rDLabel2'> mal gelesen.<\/span><\/p><\/td><\/tr><tr><td colspan='2'><p class='rDLabel1'>Inhalt:<\/p><span class='rDText2'>Pflanzen sind die wahren Superhelden! Sie haben Geheimsprachen, k\u00f6nnen scharf, wie Messer sein, sich hervorragend tarnen und so alt, wie kein anderes Lebewesen auf der Erde werden.\r\nAus eigener Kraft Asphalt sprengen, 80.000 Jahre alt werden oder unbeschadet im Feuer stehen \u2013 das klingt ganz nach einem Superhelden aus einem Comic. Doch diese ganz besonderen F\u00e4higkeiten haben Blumen, B\u00e4ume und andere Gew\u00e4chse. In ihnen schlummern unglaubliche Kr\u00e4fte, die auch dem Menschen helfen k\u00f6nnen. Dieses Sachbuch stellt die verr\u00fccktesten Pflanzenhelden und ihre Superpower vor.\r\nZahlreiche Anregungen, Experimenten und Rezepte laden kleine Naturforscher ein, die unterschiedlichsten Kr\u00e4fte der Pflanzen selbst unter die Lupe zu nehmen und f\u00fcr sich zu nutzen.<\/span><\/td><\/tr><tr><td colspan='2'><a href='#' onclick='history.back(); return false'>Zur\u00fcck<\/a><\/td><\/tr><\/tbody><\/table>\n","protected":false},"excerpt":{"rendered":"<p>&#8211;<\/p>\n","protected":false},"author":1,"featured_media":0,"parent":0,"menu_order":0,"comment_status":"closed","ping_status":"closed","template":"","meta":[],"_links":{"self":[{"href":"https:\/\/www.web-rr.de\/GHS-Buecherei\/index.php\/wp-json\/wp\/v2\/pages\/16581"}],"collection":[{"href":"https:\/\/www.web-rr.de\/GHS-Buecherei\/index.php\/wp-json\/wp\/v2\/pages"}],"about":[{"href":"https:\/\/www.web-rr.de\/GHS-Buecherei\/index.php\/wp-json\/wp\/v2\/types\/page"}],"author":[{"embeddable":true,"href":"https:\/\/www.web-rr.de\/GHS-Buecherei\/index.php\/wp-json\/wp\/v2\/users\/1"}],"replies":[{"embeddable":true,"href":"https:\/\/www.web-rr.de\/GHS-Buecherei\/index.php\/wp-json\/wp\/v2\/comments?post=16581"}],"version-history":[{"count":0,"href":"https:\/\/www.web-rr.de\/GHS-Buecherei\/index.php\/wp-json\/wp\/v2\/pages\/16581\/revisions"}],"wp:attachment":[{"href":"https:\/\/www.web-rr.de\/GHS-Buecherei\/index.php\/wp-json\/wp\/v2\/media?parent=16581"}],"curies":[{"name":"wp","href":"https:\/\/api.w.org\/{rel}","templated":true}]}}