{"id":16578,"date":"2021-05-21T10:00:00","date_gmt":"2021-05-21T10:00:00","guid":{"rendered":"https:\/\/www.web-rr.de\/GHS-Buecherei\/?page_id=16578"},"modified":"2021-05-21T23:00:00","modified_gmt":"2021-05-21T23:00:00","slug":"p9783831045570","status":"publish","type":"page","link":"https:\/\/www.web-rr.de\/GHS-Buecherei\/index.php\/p9783831045570\/","title":{"rendered":"Technik &#8211; Allg. 21"},"content":{"rendered":"<table><tbody><tr><td class='rDTitel' colspan='2'>Geniale K\u00f6pfe und ihre gr\u00f6\u00dften Erfindungen<\/td><\/tr><tr><td><span class='rDLabel1'>Status: <\/span><span class='rDText1Gruen'>vorhanden<\/span><\/td><td><span class='rDLabel1'>Antolin: <\/span><span class='rDText1Gruen'>ja, Empfehlung Klasse 6<\/span><\/td><\/tr><tr><td width=50%><img src='https:\/\/www.web-rr.de\/GHS-Buecherei\/wp-content\/uploads\/9783831045570.jpg' alt=''><\/td><td><p class='rDLabel2'>von <span class='rDText2'>Robert Winston<\/span><\/p><p class='rDLabel2'>Verlag: <span class='rDText2'>Dorling Kindersley Verlag,  2022,  19.95 \u20ac<\/span><\/p><p class='rDLabel2'>B\u00fccherei-Barcode: <span class='rDText2'>9783831045570<\/span><\/p><p class='rDLabel2'>In der B\u00fccherei erfasst am: <span class='rDText2'>25.10.2024<\/span><\/p><p class='rDLabel2'>Stichw\u00f6rter: <span class='rDText2'>Marie Curie, Louis Braille, Leonardo da Vinci, Erfinder, Gutenberg, Conway<\/span><\/p><p class='rDLabel2'>Lesealter ca. <span class='rDText2'>10<\/span><span class='rDLabel2'> Jahre<\/span><\/p><p class='rDLabel2'>Das Buch wurde <span class='rDText2'>0<\/span><span class='rDLabel2'> mal gelesen.<\/span><\/p><\/td><\/tr><tr><td colspan='2'><p class='rDLabel1'>Inhalt:<\/p><span class='rDText2'>Von Johannes Gutenberg bis Lynn Conway: 50 inspirierende Lebensgeschichten. Geniale Erfindungen, die die Welt ver\u00e4nderten.\r\nVon der Gl\u00fchbirne bis zum WLAN, von wohlklingenden Musikinstrumenten bis zu lebensrettenden Medikamenten \u2013 was w\u00e4re unsere Welt ohne all diese gro\u00dfartigen Erfindungen? Dieses wundersch\u00f6n illustrierte Sachbuch versammelt \u00fcber 50 Erfinder und Erfinderinnen und erz\u00e4hlt in packenden Texten die bewegenden und inspirierenden Lebensgeschichten von Marie Curie, Louis Braille, Leonardo da Vinci und Co.\r\nVon ehrgeizigen T\u00fcftlern und Frauen in der Wissenschaft\r\nMit den Br\u00fcdern Lumi\u00e8re und ihrem Kinematografen die erste Kinovorstellung erleben, mit K\u00e4the Paulus und ihrem zusammenlegbaren Fallschirm aus einem Hei\u00dfluftballon springen oder mit Wilhelm Conrad R\u00f6ntgen erstmals ins Innere des K\u00f6rpers blicken: So abenteuerlich und spannend kann Naturwissenschaft f\u00fcr Kinder sein! Mit ansprechenden Zeichnungen der aufstrebenden K\u00fcnstlerin Jessamy Hawke werden die gr\u00f6\u00dften Erfinder*innen der Geschichte lebendig und zeigen erg\u00e4nzt von kindgerechten, spannenden Texten, dass zu Fortschritt auch Aufs und Abs geh\u00f6ren \u2013 und dass selbst gro\u00dfe Genies auch mal scheitern mussten, um voranzukommen. Ein inspirierendes Sachbuch voller Kreativit\u00e4t, faszinierender Biografien und gro\u00dfer Geistesblitze!<\/span><\/td><\/tr><tr><td colspan='2'><a href='#' onclick='history.back(); return false'>Zur\u00fcck<\/a><\/td><\/tr><\/tbody><\/table>\n","protected":false},"excerpt":{"rendered":"<p>&#8211;<\/p>\n","protected":false},"author":1,"featured_media":0,"parent":0,"menu_order":0,"comment_status":"closed","ping_status":"closed","template":"","meta":[],"_links":{"self":[{"href":"https:\/\/www.web-rr.de\/GHS-Buecherei\/index.php\/wp-json\/wp\/v2\/pages\/16578"}],"collection":[{"href":"https:\/\/www.web-rr.de\/GHS-Buecherei\/index.php\/wp-json\/wp\/v2\/pages"}],"about":[{"href":"https:\/\/www.web-rr.de\/GHS-Buecherei\/index.php\/wp-json\/wp\/v2\/types\/page"}],"author":[{"embeddable":true,"href":"https:\/\/www.web-rr.de\/GHS-Buecherei\/index.php\/wp-json\/wp\/v2\/users\/1"}],"replies":[{"embeddable":true,"href":"https:\/\/www.web-rr.de\/GHS-Buecherei\/index.php\/wp-json\/wp\/v2\/comments?post=16578"}],"version-history":[{"count":0,"href":"https:\/\/www.web-rr.de\/GHS-Buecherei\/index.php\/wp-json\/wp\/v2\/pages\/16578\/revisions"}],"wp:attachment":[{"href":"https:\/\/www.web-rr.de\/GHS-Buecherei\/index.php\/wp-json\/wp\/v2\/media?parent=16578"}],"curies":[{"name":"wp","href":"https:\/\/api.w.org\/{rel}","templated":true}]}}