{"id":16577,"date":"2021-05-21T10:00:00","date_gmt":"2021-05-21T10:00:00","guid":{"rendered":"https:\/\/www.web-rr.de\/GHS-Buecherei\/?page_id=16577"},"modified":"2021-05-21T23:00:00","modified_gmt":"2021-05-21T23:00:00","slug":"p9783836961226","status":"publish","type":"page","link":"https:\/\/www.web-rr.de\/GHS-Buecherei\/index.php\/p9783836961226\/","title":{"rendered":"Technik &#8211; Allg. 20"},"content":{"rendered":"<table><tbody><tr><td class='rDTitel' colspan='2'>Br\u00fccken: Wunderwerke aus Holz, Stein und Stahl<\/td><\/tr><tr><td><span class='rDLabel1'>Status: <\/span><span class='rDText1Gruen'>vorhanden<\/span><\/td><td><span class='rDLabel1'>Antolin: <\/span><span class='rDText1Gruen'>ja, Empfehlung Klasse 4<\/span><\/td><\/tr><tr><td width=50%><img src='https:\/\/www.web-rr.de\/GHS-Buecherei\/wp-content\/uploads\/9783836961226.jpg' alt=''><\/td><td><p class='rDLabel2'>von <span class='rDText2'>Roman Beljajew<\/span><\/p><p class='rDLabel2'>Verlag: <span class='rDText2'>Gerstenberg Verlag,  2022,  16.00 \u20ac<\/span><\/p><p class='rDLabel2'>B\u00fccherei-Barcode: <span class='rDText2'>9783836961226<\/span><\/p><p class='rDLabel2'>In der B\u00fccherei erfasst am: <span class='rDText2'>25.10.2024<\/span><\/p><p class='rDLabel2'>Stichw\u00f6rter: <span class='rDText2'>Br\u00fccken, H\u00e4ngebr\u00fccke, Balkenbr\u00fccke, Bogenbr\u00fccke, Konstruktion<\/span><\/p><p class='rDLabel2'>Lesealter ca. <span class='rDText2'>9<\/span><span class='rDLabel2'> Jahre<\/span><\/p><p class='rDLabel2'>Das Buch wurde <span class='rDText2'>0<\/span><span class='rDLabel2'> mal gelesen.<\/span><\/p><\/td><\/tr><tr><td colspan='2'><p class='rDLabel1'>Inhalt:<\/p><span class='rDText2'>Sie helfen, Schluchten, Fl\u00fcsse und sogar Meere zu \u00fcberwinden: Br\u00fccken sind wahre Meisterwerke der Baukunst! Sie verbinden L\u00e4nder und ganze Kontinente miteinander und helfen uns Menschen seit Jahrhunderten \u00fcber Hindernisse hinweg. Was als einfacher Baumstamm \u00fcber einen Fluss begann, ist heute ein Wunderwerk aus Stahl, Stein oder Beton. Ob H\u00e4ngebr\u00fccke, Balkenbr\u00fccke oder Bogenbr\u00fccke: Dieses eindrucksvoll gestaltete Sachbilderbuch stellt sie alle vor und verr\u00e4t, wie sie gebaut werden. Es nimmt Kinder mit auf eine spannende Entdeckungstour zu den sch\u00f6nsten, ber\u00fchmtesten, l\u00e4ngsten und h\u00f6chsten Br\u00fccken der Welt und macht sie mit ihrer Geschichte und faszinierenden Konstruktion vertraut.<\/span><\/td><\/tr><tr><td colspan='2'><a href='#' onclick='history.back(); return false'>Zur\u00fcck<\/a><\/td><\/tr><\/tbody><\/table>\n","protected":false},"excerpt":{"rendered":"<p>&#8211;<\/p>\n","protected":false},"author":1,"featured_media":0,"parent":0,"menu_order":0,"comment_status":"closed","ping_status":"closed","template":"","meta":[],"_links":{"self":[{"href":"https:\/\/www.web-rr.de\/GHS-Buecherei\/index.php\/wp-json\/wp\/v2\/pages\/16577"}],"collection":[{"href":"https:\/\/www.web-rr.de\/GHS-Buecherei\/index.php\/wp-json\/wp\/v2\/pages"}],"about":[{"href":"https:\/\/www.web-rr.de\/GHS-Buecherei\/index.php\/wp-json\/wp\/v2\/types\/page"}],"author":[{"embeddable":true,"href":"https:\/\/www.web-rr.de\/GHS-Buecherei\/index.php\/wp-json\/wp\/v2\/users\/1"}],"replies":[{"embeddable":true,"href":"https:\/\/www.web-rr.de\/GHS-Buecherei\/index.php\/wp-json\/wp\/v2\/comments?post=16577"}],"version-history":[{"count":0,"href":"https:\/\/www.web-rr.de\/GHS-Buecherei\/index.php\/wp-json\/wp\/v2\/pages\/16577\/revisions"}],"wp:attachment":[{"href":"https:\/\/www.web-rr.de\/GHS-Buecherei\/index.php\/wp-json\/wp\/v2\/media?parent=16577"}],"curies":[{"name":"wp","href":"https:\/\/api.w.org\/{rel}","templated":true}]}}