{"id":16573,"date":"2021-05-21T10:00:00","date_gmt":"2021-05-21T10:00:00","guid":{"rendered":"https:\/\/www.web-rr.de\/GHS-Buecherei\/?page_id=16573"},"modified":"2021-05-21T23:00:00","modified_gmt":"2021-05-21T23:00:00","slug":"p9783864293795","status":"publish","type":"page","link":"https:\/\/www.web-rr.de\/GHS-Buecherei\/index.php\/p9783864293795\/","title":{"rendered":"Familie 44"},"content":{"rendered":"<table><tbody><tr><td class='rDTitel' colspan='2'>Pogo und Polente<\/td><\/tr><tr><td><span class='rDLabel1'>Status: <\/span><span class='rDText1Gruen'>vorhanden<\/span><\/td><td><span class='rDLabel1'>Antolin: <\/span><span class='rDText1Gruen'>ja, Empfehlung Klasse 4<\/span><\/td><\/tr><tr><td width=50%><img src='https:\/\/www.web-rr.de\/GHS-Buecherei\/wp-content\/uploads\/9783864293795.jpg' alt=''><\/td><td><p class='rDLabel2'>von <span class='rDText2'>Jochen Till und Raimund Frey<\/span><\/p><p class='rDLabel2'>Verlag: <span class='rDText2'>Tulipan,  2018,  13.00 \u20ac<\/span><\/p><p class='rDLabel2'>B\u00fccherei-Barcode: <span class='rDText2'>9783864293795<\/span><\/p><p class='rDLabel2'>In der B\u00fccherei erfasst am: <span class='rDText2'>25.10.2024<\/span><\/p><p class='rDLabel2'>Stichw\u00f6rter: <span class='rDText2'>Punks, Polizei, Famile, Freundschaft<\/span><\/p><p class='rDLabel2'>Lesealter ca. <span class='rDText2'>9<\/span><span class='rDLabel2'> Jahre<\/span><\/p><p class='rDLabel2'>Das Buch wurde <span class='rDText2'>0<\/span><span class='rDLabel2'> mal gelesen.<\/span><\/p><\/td><\/tr><tr><td colspan='2'><p class='rDLabel1'>Inhalt:<\/p><span class='rDText2'>Pogo Dosenbier Patzke hat es nicht leicht. Seine Eltern sind Punks und nehmen ihr Punk-Sein sehr ernst. Pogo darf beispielsweise in der Schule nicht gut sein, weil sich das f\u00fcr einen echten Punk nicht geh\u00f6rt. Pogo ist aber ein schlaues Kerlchen mit guten Noten, was zu Hause immer wieder zu \u00c4rger f\u00fchrt. Au\u00dferdem soll Pogo nicht zu ordentlich essen, laute Musik h\u00f6ren und niemals sein Zimmer aufr\u00e4umen. Dann sind seine Eltern stolz auf ihn. Eines Tages zieht ein M\u00e4dchen mit ihrem Vater ins Nachbarhaus ein. Ihr Name ist Vanessa und sie ist ein bisschen seltsam. Sie spielt gerne Polizistin, ist \u00fcberkorrekt, meckert st\u00e4ndig herum und schreibt selbst gemalte Strafzettel f\u00fcr alles M\u00f6gliche. Es stellt sich heraus, dass Vanessas Vater tats\u00e4chlich Polizist ist \u2013 \u00bbder nat\u00fcrliche Feind eines jeden guten Punks\u00ab, wie es Pogos Vater immer betont. Dies sorgt f\u00fcr eine Menge Konfliktpotenzial in der Nachbarschaft. Doch als Pogos Fahrrad bei einer Diebstahlserie geklaut wird, ist Ermittlerin Vanessa, von Pogo nur Polente genannt, zur Stelle. Gemeinsam versuchen die beiden, den T\u00e4ter zu schnappen, wodurch sie sich trotz aller Unterschiede ann\u00e4hern und eine wahre Freundschaft entsteht. Und sogar ihre V\u00e4ter lernen sich nach und nach besser kennen und finden sich am Ende gar nicht mehr so unsympathisch.<\/span><\/td><\/tr><tr><td colspan='2'><a href='#' onclick='history.back(); return false'>Zur\u00fcck<\/a><\/td><\/tr><\/tbody><\/table>\n","protected":false},"excerpt":{"rendered":"<p>&#8211;<\/p>\n","protected":false},"author":1,"featured_media":0,"parent":0,"menu_order":0,"comment_status":"closed","ping_status":"closed","template":"","meta":[],"_links":{"self":[{"href":"https:\/\/www.web-rr.de\/GHS-Buecherei\/index.php\/wp-json\/wp\/v2\/pages\/16573"}],"collection":[{"href":"https:\/\/www.web-rr.de\/GHS-Buecherei\/index.php\/wp-json\/wp\/v2\/pages"}],"about":[{"href":"https:\/\/www.web-rr.de\/GHS-Buecherei\/index.php\/wp-json\/wp\/v2\/types\/page"}],"author":[{"embeddable":true,"href":"https:\/\/www.web-rr.de\/GHS-Buecherei\/index.php\/wp-json\/wp\/v2\/users\/1"}],"replies":[{"embeddable":true,"href":"https:\/\/www.web-rr.de\/GHS-Buecherei\/index.php\/wp-json\/wp\/v2\/comments?post=16573"}],"version-history":[{"count":0,"href":"https:\/\/www.web-rr.de\/GHS-Buecherei\/index.php\/wp-json\/wp\/v2\/pages\/16573\/revisions"}],"wp:attachment":[{"href":"https:\/\/www.web-rr.de\/GHS-Buecherei\/index.php\/wp-json\/wp\/v2\/media?parent=16573"}],"curies":[{"name":"wp","href":"https:\/\/api.w.org\/{rel}","templated":true}]}}