{"id":16572,"date":"2021-05-21T10:00:00","date_gmt":"2021-05-21T10:00:00","guid":{"rendered":"https:\/\/www.web-rr.de\/GHS-Buecherei\/?page_id=16572"},"modified":"2021-05-21T23:00:00","modified_gmt":"2021-05-21T23:00:00","slug":"p9783702240448","status":"publish","type":"page","link":"https:\/\/www.web-rr.de\/GHS-Buecherei\/index.php\/p9783702240448\/","title":{"rendered":"Bilderbuch B-97"},"content":{"rendered":"<table><tbody><tr><td class='rDTitel' colspan='2'>Das Wort mit Sch\u2026<\/td><\/tr><tr><td><span class='rDLabel1'>Status: <\/span><span class='rDText1Gruen'>vorhanden<\/span><\/td><td><span class='rDLabel1'>Antolin: <\/span><span class='rDText1Rot'>Quiz nicht vorhanden.<\/span><\/td><\/tr><tr><td width=50%><img src='https:\/\/www.web-rr.de\/GHS-Buecherei\/wp-content\/uploads\/9783702240448.jpg' alt=''><\/td><td><p class='rDLabel2'>von <span class='rDText2'>Nadine Kappacher<\/span><\/p><p class='rDLabel2'>Verlag: <span class='rDText2'>TYROLIA Gesellschaft m. b. H.,  2022,  14.95 \u20ac<\/span><\/p><p class='rDLabel2'>B\u00fccherei-Barcode: <span class='rDText2'>9783702240448<\/span><\/p><p class='rDLabel2'>In der B\u00fccherei erfasst am: <span class='rDText2'>24.10.2024<\/span><\/p><p class='rDLabel2'>Stichw\u00f6rter: <span class='rDText2'>Schlange, Schaf, Schiff, Schmetterling, Witzig, Geschichten<\/span><\/p><p class='rDLabel2'>Lesealter ca. <span class='rDText2'>6<\/span><span class='rDLabel2'> Jahre<\/span><\/p><p class='rDLabel2'>Das Buch wurde <span class='rDText2'>0<\/span><span class='rDLabel2'> mal gelesen.<\/span><\/p><\/td><\/tr><tr><td colspan='2'><p class='rDLabel1'>Inhalt:<\/p><span class='rDText2'>Eine witzig-rasante Geschichte ausschlie\u00dflich aus SCH-W\u00f6rtern. \u201eSchau. Schmetterling. Sch\u00f6n.\u201c \u2013 das schillernde Wesen ist jedoch auch ein flatterhaftes und bleibt nicht gern an einem Ort. Also schnell ihm nach! Mit Schlange, Schaf und Schiff folgt das M\u00e4dchen \u00fcber die Seiten hinweg rasant dem begehrten Fl\u00fcgeltier, l\u00e4sst sich weder durch Schilf noch Schn\u00fcrlregen von ihrem Ziel abbringen, um dann doch pl\u00f6tzlich ausgebremst zu werden. Von einem Schlosszaun. Sch\u2026! \u2013 all die M\u00fche und all der Aufwand umsonst. Da kann man ja nur noch schmollen, bis dann \u2026\r\nKann man rein aus Einzelw\u00f6rtern mit den Anfangsbuchstaben \u201eSch\u201c eine Geschichte erz\u00e4hlen? Nadine Kappacher kann. Mit frischem, frechem Strich und viel warmen Witz, mit \u00fcberraschenden Hinweisen und kleinen Nebengeschichten entspinnt sich hier im koketten Zusammenspiel von Bild und Text eine feine Erz\u00e4hlung \u00fcber M\u00fche und Entt\u00e4uschung, die im wohl ber\u00fcchtigsten Sch\u2026Wort aus Kindermund ihren H\u00f6hepunkt findet (denn das darf nat\u00fcrlich nicht fehlen!), um dann doch noch mit einem Happy-End zu vers\u00f6hnen. Sprachlust und Sprachspiel in besonders feiner Form.<\/span><\/td><\/tr><tr><td colspan='2'><a href='#' onclick='history.back(); return false'>Zur\u00fcck<\/a><\/td><\/tr><\/tbody><\/table>\n","protected":false},"excerpt":{"rendered":"<p>&#8211;<\/p>\n","protected":false},"author":1,"featured_media":0,"parent":0,"menu_order":0,"comment_status":"closed","ping_status":"closed","template":"","meta":[],"_links":{"self":[{"href":"https:\/\/www.web-rr.de\/GHS-Buecherei\/index.php\/wp-json\/wp\/v2\/pages\/16572"}],"collection":[{"href":"https:\/\/www.web-rr.de\/GHS-Buecherei\/index.php\/wp-json\/wp\/v2\/pages"}],"about":[{"href":"https:\/\/www.web-rr.de\/GHS-Buecherei\/index.php\/wp-json\/wp\/v2\/types\/page"}],"author":[{"embeddable":true,"href":"https:\/\/www.web-rr.de\/GHS-Buecherei\/index.php\/wp-json\/wp\/v2\/users\/1"}],"replies":[{"embeddable":true,"href":"https:\/\/www.web-rr.de\/GHS-Buecherei\/index.php\/wp-json\/wp\/v2\/comments?post=16572"}],"version-history":[{"count":0,"href":"https:\/\/www.web-rr.de\/GHS-Buecherei\/index.php\/wp-json\/wp\/v2\/pages\/16572\/revisions"}],"wp:attachment":[{"href":"https:\/\/www.web-rr.de\/GHS-Buecherei\/index.php\/wp-json\/wp\/v2\/media?parent=16572"}],"curies":[{"name":"wp","href":"https:\/\/api.w.org\/{rel}","templated":true}]}}