{"id":16569,"date":"2021-05-21T10:00:00","date_gmt":"2021-05-21T10:00:00","guid":{"rendered":"https:\/\/www.web-rr.de\/GHS-Buecherei\/?page_id=16569"},"modified":"2021-05-21T23:00:00","modified_gmt":"2021-05-21T23:00:00","slug":"p9783907114230","status":"publish","type":"page","link":"https:\/\/www.web-rr.de\/GHS-Buecherei\/index.php\/p9783907114230\/","title":{"rendered":"Bilderbuch B-94"},"content":{"rendered":"<table><tbody><tr><td class='rDTitel' colspan='2'>Braver Hund! Freche Katze!<\/td><\/tr><tr><td><span class='rDLabel1'>Status: <\/span><span class='rDText1Gruen'>vorhanden<\/span><\/td><td><span class='rDLabel1'>Antolin: <\/span><span class='rDText1Gruen'>ja, Empfehlung Klasse 3<\/span><\/td><\/tr><tr><td width=50%><img src='https:\/\/www.web-rr.de\/GHS-Buecherei\/wp-content\/uploads\/9783907114230.jpg' alt=''><\/td><td><p class='rDLabel2'>von <span class='rDText2'>Bette Westera, Mies van Hout<\/span><\/p><p class='rDLabel2'>Verlag: <span class='rDText2'>aracari,  2022,  14.00 \u20ac<\/span><\/p><p class='rDLabel2'>B\u00fccherei-Barcode: <span class='rDText2'>9783907114230<\/span><\/p><p class='rDLabel2'>In der B\u00fccherei erfasst am: <span class='rDText2'>24.10.2024<\/span><\/p><p class='rDLabel2'>Stichw\u00f6rter: <span class='rDText2'>Tiere, Verse, Emotionen, Charakter<\/span><\/p><p class='rDLabel2'>Lesealter ca. <span class='rDText2'>7<\/span><span class='rDLabel2'> Jahre<\/span><\/p><p class='rDLabel2'>Das Buch wurde <span class='rDText2'>0<\/span><span class='rDLabel2'> mal gelesen.<\/span><\/p><\/td><\/tr><tr><td colspan='2'><p class='rDLabel1'>Inhalt:<\/p><span class='rDText2'>In diesem Bilderbuch treffen sich gleich zwei Meisterinnen ihres Fachs! Bette Westera hat 32 wunderbare Kinderverse rund um Tiere verfasst, welche durch die farbenfrohen und ausdrucksstarken Illustrationen von Mies van Hout untermalt werden. Mies van Hout kann Emotionen und Charaktereigenschaften wie keine andere darstellen. Auch in \u201eBraver Hund! Freche Katze!\u201c gelingt es ihr immer, das Wesen des Tieres treffend einzufangen. Bette Westera vertieft die Charaktere der Tiere mit einzigartigen und am\u00fcsanten Versen. Auf den einzelnen Doppelseiten stehen sich immer zwei Tiere gegen\u00fcber, die zwar manchmal \u00e4hnlich aussehen, aber doch sehr gegens\u00e4tzliche Charaktere haben. Dieses Buch bietet Ankn\u00fcpfungspunkte f\u00fcr interessante Gespr\u00e4che mit Kindern \u00fcber die Natur von Tieren und Menschen.<\/span><\/td><\/tr><tr><td colspan='2'><a href='#' onclick='history.back(); return false'>Zur\u00fcck<\/a><\/td><\/tr><\/tbody><\/table>\n","protected":false},"excerpt":{"rendered":"<p>&#8211;<\/p>\n","protected":false},"author":1,"featured_media":0,"parent":0,"menu_order":0,"comment_status":"closed","ping_status":"closed","template":"","meta":[],"_links":{"self":[{"href":"https:\/\/www.web-rr.de\/GHS-Buecherei\/index.php\/wp-json\/wp\/v2\/pages\/16569"}],"collection":[{"href":"https:\/\/www.web-rr.de\/GHS-Buecherei\/index.php\/wp-json\/wp\/v2\/pages"}],"about":[{"href":"https:\/\/www.web-rr.de\/GHS-Buecherei\/index.php\/wp-json\/wp\/v2\/types\/page"}],"author":[{"embeddable":true,"href":"https:\/\/www.web-rr.de\/GHS-Buecherei\/index.php\/wp-json\/wp\/v2\/users\/1"}],"replies":[{"embeddable":true,"href":"https:\/\/www.web-rr.de\/GHS-Buecherei\/index.php\/wp-json\/wp\/v2\/comments?post=16569"}],"version-history":[{"count":0,"href":"https:\/\/www.web-rr.de\/GHS-Buecherei\/index.php\/wp-json\/wp\/v2\/pages\/16569\/revisions"}],"wp:attachment":[{"href":"https:\/\/www.web-rr.de\/GHS-Buecherei\/index.php\/wp-json\/wp\/v2\/media?parent=16569"}],"curies":[{"name":"wp","href":"https:\/\/api.w.org\/{rel}","templated":true}]}}