{"id":16568,"date":"2021-05-21T10:00:00","date_gmt":"2021-05-21T10:00:00","guid":{"rendered":"https:\/\/www.web-rr.de\/GHS-Buecherei\/?page_id=16568"},"modified":"2021-05-21T23:00:00","modified_gmt":"2021-05-21T23:00:00","slug":"p9783745912838","status":"publish","type":"page","link":"https:\/\/www.web-rr.de\/GHS-Buecherei\/index.php\/p9783745912838\/","title":{"rendered":"Bilderbuch C-177"},"content":{"rendered":"<table><tbody><tr><td class='rDTitel' colspan='2'>Deckel drauf und aufbewahrt<\/td><\/tr><tr><td><span class='rDLabel1'>Status: <\/span><span class='rDText1Gruen'>vorhanden<\/span><\/td><td><span class='rDLabel1'>Antolin: <\/span><span class='rDText1Gruen'>ja, Empfehlung Klasse 2<\/span><\/td><\/tr><tr><td width=50%><img src='https:\/\/www.web-rr.de\/GHS-Buecherei\/wp-content\/uploads\/9783745912838.jpg' alt=''><\/td><td><p class='rDLabel2'>von <span class='rDText2'>Vera Brosgol und Anna Taube<\/span><\/p><p class='rDLabel2'>Verlag: <span class='rDText2'>Edition Michael Fischer,  2022,  15.00 \u20ac<\/span><\/p><p class='rDLabel2'>B\u00fccherei-Barcode: <span class='rDText2'>9783745912838<\/span><\/p><p class='rDLabel2'>In der B\u00fccherei erfasst am: <span class='rDText2'>24.10.2024<\/span><\/p><p class='rDLabel2'>Stichw\u00f6rter: <span class='rDText2'>Gef\u00fchle, Pers\u00f6nlichkeit, Oma. Marmelade<\/span><\/p><p class='rDLabel2'>Lesealter ca. <span class='rDText2'>6<\/span><span class='rDLabel2'> Jahre<\/span><\/p><p class='rDLabel2'>Das Buch wurde <span class='rDText2'>0<\/span><span class='rDLabel2'> mal gelesen.<\/span><\/p><\/td><\/tr><tr><td colspan='2'><p class='rDLabel1'>Inhalt:<\/p><span class='rDText2'>Frida ist traurig, weil sie nicht alle k\u00f6stlichen Blaubeeren essen kann, die sie gepfl\u00fcckt hat. Und nun muss sie ein ganzes Jahr warten, bis neue wachsen! Da erinnert ihre Oma sie daran, dass man Blaubeeren in einem Glas als Marmelade einmachen und so sogar sehr lange genie\u00dfen kann. Das bringt Frida auf eine fantastische Idee: Warum auf diese Weise nicht alle ihre Lieblingssachen aufbewahren? Nur stellt sich schnell heraus, dass alles aufzubewahren auch bedeutet, dass sie nichts mehr genie\u00dfen kann. Und manches will auch nicht so recht in ein Marmeladenglas passen ... Frida muss erkennen, dass einige Dinge am besten als Erinnerungen aufbewahrt werden sollten , um sich lange daran zu erfreuen .\r\nIn \"Deckel drauf und aufbewahrt \u2013 Wie Frida ihre sch\u00f6nsten Erinnerungen bewahren wollte\" von der Caldecott-Preistr\u00e4gerin Vera Brosgol findet ein junges M\u00e4dchen einen cleveren Weg, ihre Lieblingsdinge - und Menschen - f\u00fcr immer in ihrer N\u00e4he zu behalten.<\/span><\/td><\/tr><tr><td colspan='2'><a href='#' onclick='history.back(); return false'>Zur\u00fcck<\/a><\/td><\/tr><\/tbody><\/table>\n","protected":false},"excerpt":{"rendered":"<p>&#8211;<\/p>\n","protected":false},"author":1,"featured_media":0,"parent":0,"menu_order":0,"comment_status":"closed","ping_status":"closed","template":"","meta":[],"_links":{"self":[{"href":"https:\/\/www.web-rr.de\/GHS-Buecherei\/index.php\/wp-json\/wp\/v2\/pages\/16568"}],"collection":[{"href":"https:\/\/www.web-rr.de\/GHS-Buecherei\/index.php\/wp-json\/wp\/v2\/pages"}],"about":[{"href":"https:\/\/www.web-rr.de\/GHS-Buecherei\/index.php\/wp-json\/wp\/v2\/types\/page"}],"author":[{"embeddable":true,"href":"https:\/\/www.web-rr.de\/GHS-Buecherei\/index.php\/wp-json\/wp\/v2\/users\/1"}],"replies":[{"embeddable":true,"href":"https:\/\/www.web-rr.de\/GHS-Buecherei\/index.php\/wp-json\/wp\/v2\/comments?post=16568"}],"version-history":[{"count":0,"href":"https:\/\/www.web-rr.de\/GHS-Buecherei\/index.php\/wp-json\/wp\/v2\/pages\/16568\/revisions"}],"wp:attachment":[{"href":"https:\/\/www.web-rr.de\/GHS-Buecherei\/index.php\/wp-json\/wp\/v2\/media?parent=16568"}],"curies":[{"name":"wp","href":"https:\/\/api.w.org\/{rel}","templated":true}]}}