{"id":16565,"date":"2021-05-21T10:00:00","date_gmt":"2021-05-21T10:00:00","guid":{"rendered":"https:\/\/www.web-rr.de\/GHS-Buecherei\/?page_id=16565"},"modified":"2021-05-21T23:00:00","modified_gmt":"2021-05-21T23:00:00","slug":"p9783570178928","status":"publish","type":"page","link":"https:\/\/www.web-rr.de\/GHS-Buecherei\/index.php\/p9783570178928\/","title":{"rendered":"Bilderbuch C-174"},"content":{"rendered":"<table><tbody><tr><td class='rDTitel' colspan='2'>Wichtig ist, dass es dich gibt<\/td><\/tr><tr><td><span class='rDLabel1'>Status: <\/span><span class='rDText1Gruen'>vorhanden<\/span><\/td><td><span class='rDLabel1'>Antolin: <\/span><span class='rDText1Gruen'>ja, Empfehlung Klasse 1<\/span><\/td><\/tr><tr><td width=50%><img src='https:\/\/www.web-rr.de\/GHS-Buecherei\/wp-content\/uploads\/9783570178928.jpg' alt=''><\/td><td><p class='rDLabel2'>von <span class='rDText2'>Nina Laden, Kelsey Garrity-Riley<\/span><\/p><p class='rDLabel2'>Verlag: <span class='rDText2'> cbj, Deutsche Erstausgabe Edition,  2022,  14.00 \u20ac<\/span><\/p><p class='rDLabel2'>B\u00fccherei-Barcode: <span class='rDText2'>9783570178928<\/span><\/p><p class='rDLabel2'>In der B\u00fccherei erfasst am: <span class='rDText2'>24.10.2024<\/span><\/p><p class='rDLabel2'>Stichw\u00f6rter: <span class='rDText2'>Freundschaft, Liebe, Leben, Zusammenhalt<\/span><\/p><p class='rDLabel2'>Lesealter ca. <span class='rDText2'>6<\/span><span class='rDLabel2'> Jahre<\/span><\/p><p class='rDLabel2'>Das Buch wurde <span class='rDText2'>0<\/span><span class='rDLabel2'> mal gelesen.<\/span><\/p><\/td><\/tr><tr><td colspan='2'><p class='rDLabel1'>Inhalt:<\/p><span class='rDText2'>Eine Geschichte \u00fcber Freundschaft und Zusammenhalt. Ein einzigartiger Bilderbuchschatz \u2013 zeitgeistig und von gro\u00dfer Poesie.\r\nVerpackt in eine warmherzige Freundschaftsgeschichte, in der sich drei Kinder zusammentun, um ein gem\u00fctliches Baumhaus zu bauen, ist \u00bbWichtig ist, dass es dich gibt\u00ab eine inspirierende Liebeserkl\u00e4rung an das Leben und den Augenblick. In zarten Bildern und melodischen Reimen f\u00fchrt uns das poetische Gedicht die Sch\u00f6nheit des Daseins vor Augen und ruft dazu auf, sich selbst anzunehmen und die Freundschaft und Gemeinschaft zu feiern.\r\nEs geht nicht drum, anders zu sein.\r\nWichtig ist, dass man sich liebt.\r\nEs geht nicht drum, woher du kommst.\r\nWichtig ist, dass es dich gibt!<\/span><\/td><\/tr><tr><td colspan='2'><a href='#' onclick='history.back(); return false'>Zur\u00fcck<\/a><\/td><\/tr><\/tbody><\/table>\n","protected":false},"excerpt":{"rendered":"<p>&#8211;<\/p>\n","protected":false},"author":1,"featured_media":0,"parent":0,"menu_order":0,"comment_status":"closed","ping_status":"closed","template":"","meta":[],"_links":{"self":[{"href":"https:\/\/www.web-rr.de\/GHS-Buecherei\/index.php\/wp-json\/wp\/v2\/pages\/16565"}],"collection":[{"href":"https:\/\/www.web-rr.de\/GHS-Buecherei\/index.php\/wp-json\/wp\/v2\/pages"}],"about":[{"href":"https:\/\/www.web-rr.de\/GHS-Buecherei\/index.php\/wp-json\/wp\/v2\/types\/page"}],"author":[{"embeddable":true,"href":"https:\/\/www.web-rr.de\/GHS-Buecherei\/index.php\/wp-json\/wp\/v2\/users\/1"}],"replies":[{"embeddable":true,"href":"https:\/\/www.web-rr.de\/GHS-Buecherei\/index.php\/wp-json\/wp\/v2\/comments?post=16565"}],"version-history":[{"count":0,"href":"https:\/\/www.web-rr.de\/GHS-Buecherei\/index.php\/wp-json\/wp\/v2\/pages\/16565\/revisions"}],"wp:attachment":[{"href":"https:\/\/www.web-rr.de\/GHS-Buecherei\/index.php\/wp-json\/wp\/v2\/media?parent=16565"}],"curies":[{"name":"wp","href":"https:\/\/api.w.org\/{rel}","templated":true}]}}