{"id":16564,"date":"2021-05-21T10:00:00","date_gmt":"2021-05-21T10:00:00","guid":{"rendered":"https:\/\/www.web-rr.de\/GHS-Buecherei\/?page_id=16564"},"modified":"2021-05-21T23:00:00","modified_gmt":"2021-05-21T23:00:00","slug":"p9783745910032","status":"publish","type":"page","link":"https:\/\/www.web-rr.de\/GHS-Buecherei\/index.php\/p9783745910032\/","title":{"rendered":"Natur &#8211; Wildtiere 31"},"content":{"rendered":"<table><tbody><tr><td class='rDTitel' colspan='2'>Wilde Tiere in der Stadt<\/td><\/tr><tr><td><span class='rDLabel1'>Status: <\/span><span class='rDText1Gruen'>vorhanden<\/span><\/td><td><span class='rDLabel1'>Antolin: <\/span><span class='rDText1Gruen'>ja, Empfehlung Klasse 3<\/span><\/td><\/tr><tr><td width=50%><img src='https:\/\/www.web-rr.de\/GHS-Buecherei\/wp-content\/uploads\/9783745910032.jpg' alt=''><\/td><td><p class='rDLabel2'>von <span class='rDText2'>Sophia Kimmig und Lucie G\u00f6pfert<\/span><\/p><p class='rDLabel2'>Verlag: <span class='rDText2'>Edition Michael Fischer \/ EMF Verlag,  2022,  15.00 \u20ac<\/span><\/p><p class='rDLabel2'>B\u00fccherei-Barcode: <span class='rDText2'>9783745910032<\/span><\/p><p class='rDLabel2'>In der B\u00fccherei erfasst am: <span class='rDText2'>24.10.2024<\/span><\/p><p class='rDLabel2'>Stichw\u00f6rter: <span class='rDText2'>Sachbuch, Tiere, Wildnis, Stadt<\/span><\/p><p class='rDLabel2'>Lesealter ca. <span class='rDText2'>8<\/span><span class='rDLabel2'> Jahre<\/span><\/p><p class='rDLabel2'>Das Buch wurde <span class='rDText2'>0<\/span><span class='rDLabel2'> mal gelesen.<\/span><\/p><\/td><\/tr><tr><td colspan='2'><p class='rDLabel1'>Inhalt:<\/p><span class='rDText2'>Dieser interaktive Natur-Sachf\u00fchrer schickt kleine Entdecker ab 7 Jahren auf Stadtsafari, um die Wildnis vor der eigenen Haust\u00fcr zu erkunden. Dabei dreht sich alles um unsere tierirschen Nachbarn - die wilden Tiere in der Stadt. Mit kindgerechten und spannend aufbereiteten Sachinformationen von Wildbiologin Sophia Kimmig, interaktiven Eintrageseiten, charmanten Illustrationen und ganz viel R\u00e4tselspa\u00df.\r\n- Ein Interaktives Natur-Mitmachbuch f\u00fcr Kinder ab 7 Jahren \r\n- spannende Sachinformationen, Bauanleitungen und R\u00e4tselspa\u00df f\u00fchren in die Welt der wilden Tiere in der Stadt \r\n- spielerisch und interessant wird das Naturerleben vor der eigenen Haust\u00fcr angeregt\r\n- Mit Stickerbogen \r\nWarum kommt der Fuchs in die Stadt? Was macht der Igel im Winter? Und wie wirkt sich die Lichtverschmutzung der St\u00e4dte auf die Tierwelt aus? Kinder im Grundschulalter werden mit diesem Mitmachbuch spielerisch angeregt, ihre nahe Umgebung zu erkunden und zu beobachten. Leichte Bauanleitungen und beiliegende Sticker machen dieses Mitmachbuch zum perfekten Begleiter vor der eigenen Haust\u00fcre!<\/span><\/td><\/tr><tr><td colspan='2'><a href='#' onclick='history.back(); return false'>Zur\u00fcck<\/a><\/td><\/tr><\/tbody><\/table>\n","protected":false},"excerpt":{"rendered":"<p>&#8211;<\/p>\n","protected":false},"author":1,"featured_media":0,"parent":0,"menu_order":0,"comment_status":"closed","ping_status":"closed","template":"","meta":[],"_links":{"self":[{"href":"https:\/\/www.web-rr.de\/GHS-Buecherei\/index.php\/wp-json\/wp\/v2\/pages\/16564"}],"collection":[{"href":"https:\/\/www.web-rr.de\/GHS-Buecherei\/index.php\/wp-json\/wp\/v2\/pages"}],"about":[{"href":"https:\/\/www.web-rr.de\/GHS-Buecherei\/index.php\/wp-json\/wp\/v2\/types\/page"}],"author":[{"embeddable":true,"href":"https:\/\/www.web-rr.de\/GHS-Buecherei\/index.php\/wp-json\/wp\/v2\/users\/1"}],"replies":[{"embeddable":true,"href":"https:\/\/www.web-rr.de\/GHS-Buecherei\/index.php\/wp-json\/wp\/v2\/comments?post=16564"}],"version-history":[{"count":0,"href":"https:\/\/www.web-rr.de\/GHS-Buecherei\/index.php\/wp-json\/wp\/v2\/pages\/16564\/revisions"}],"wp:attachment":[{"href":"https:\/\/www.web-rr.de\/GHS-Buecherei\/index.php\/wp-json\/wp\/v2\/media?parent=16564"}],"curies":[{"name":"wp","href":"https:\/\/api.w.org\/{rel}","templated":true}]}}