{"id":16563,"date":"2021-05-21T10:00:00","date_gmt":"2021-05-21T10:00:00","guid":{"rendered":"https:\/\/www.web-rr.de\/GHS-Buecherei\/?page_id=16563"},"modified":"2021-05-21T23:00:00","modified_gmt":"2021-05-21T23:00:00","slug":"p9783831043620","status":"publish","type":"page","link":"https:\/\/www.web-rr.de\/GHS-Buecherei\/index.php\/p9783831043620\/","title":{"rendered":"Natur &#8211; Wildtiere 30"},"content":{"rendered":"<table><tbody><tr><td class='rDTitel' colspan='2'>Exklusive Einblicke! Zoo<\/td><\/tr><tr><td><span class='rDLabel1'>Status: <\/span><span class='rDText1Rot'>ausgeliehen<\/span><\/td><td><span class='rDLabel1'>Antolin: <\/span><span class='rDText1Gruen'>ja, Empfehlung Klasse 6<\/span><\/td><\/tr><tr><td width=50%><img src='https:\/\/www.web-rr.de\/GHS-Buecherei\/wp-content\/uploads\/9783831043620.jpg' alt=''><\/td><td><p class='rDLabel2'>von <span class='rDText2'>Eva Sixt<\/span><\/p><p class='rDLabel2'>Verlag: <span class='rDText2'>Dorling Kindersley Verlag,  2022,  16.95 \u20ac<\/span><\/p><p class='rDLabel2'>B\u00fccherei-Barcode: <span class='rDText2'>9783831043620<\/span><\/p><p class='rDLabel2'>In der B\u00fccherei erfasst am: <span class='rDText2'>24.10.2024<\/span><\/p><p class='rDLabel2'>Stichw\u00f6rter: <span class='rDText2'>Tiger , Affen, Elefanten , Schlangen, Riesenschildkr\u00f6ten, Zoogestaltung, Tierpfleger, F\u00fctterung, Forschung, Aufzucht, Auswilderung<\/span><\/p><p class='rDLabel2'>Lesealter ca. <span class='rDText2'>10<\/span><span class='rDLabel2'> Jahre<\/span><\/p><p class='rDLabel2'>Das Buch wurde <span class='rDText2'>0<\/span><span class='rDLabel2'> mal gelesen.<\/span><\/p><\/td><\/tr><tr><td colspan='2'><p class='rDLabel1'>Inhalt:<\/p><span class='rDText2'>Schau hinter die Kulissen und erfahre alles dar\u00fcber, wie ein Zoo arbeitet. Was passiert im Zoo?\r\nHautnah und mittendrin zwischen Tigern, Affen, Elefanten und Schlangen. Riesenschildkr\u00f6ten knabbern an einem Gem\u00fcse-Leckerbissen, Seeotter spielen mit einem Fu\u00dfball und ein Nashorn w\u00e4lzt sich gen\u00fcsslich im Schlamm. Beeindruckende Bilder schaffen Einblicke in Bereiche, die sonst nur den Tierpfleger*innen vorbehalten sind. Gut gef\u00fchrte Tierparks leisten au\u00dferdem einen wichtigen Beitrag zu Umweltschutz und Arterhaltung. Auf einzigartige Weise informiert das Buch ab 8 Jahren \u00fcber s\u00e4mtliche Aspekte der Zoogestaltung und wie ein Zoo gef\u00fchrt wird.\r\n\u2022 L\u00f6we, Koala, Nashorn und Affe: Tiere im Zoo und wie sie leben\r\n\u2022 Von der F\u00fctterung \u00fcber die Pflege bis zum richtigen Spielzeug: Wie arbeiten Tierpfleger*innen und wie sorgen sie daf\u00fcr, dass es ihren Sch\u00fctzlingen an nichts fehlt?\r\n\u2022 Forschung, Aufzucht, Auswilderung: Wie tragen Zoos zu Arterhaltung und Umweltschutz bei?<\/span><\/td><\/tr><tr><td colspan='2'><a href='#' onclick='history.back(); return false'>Zur\u00fcck<\/a><\/td><\/tr><\/tbody><\/table>\n","protected":false},"excerpt":{"rendered":"<p>&#8211;<\/p>\n","protected":false},"author":1,"featured_media":0,"parent":0,"menu_order":0,"comment_status":"closed","ping_status":"closed","template":"","meta":[],"_links":{"self":[{"href":"https:\/\/www.web-rr.de\/GHS-Buecherei\/index.php\/wp-json\/wp\/v2\/pages\/16563"}],"collection":[{"href":"https:\/\/www.web-rr.de\/GHS-Buecherei\/index.php\/wp-json\/wp\/v2\/pages"}],"about":[{"href":"https:\/\/www.web-rr.de\/GHS-Buecherei\/index.php\/wp-json\/wp\/v2\/types\/page"}],"author":[{"embeddable":true,"href":"https:\/\/www.web-rr.de\/GHS-Buecherei\/index.php\/wp-json\/wp\/v2\/users\/1"}],"replies":[{"embeddable":true,"href":"https:\/\/www.web-rr.de\/GHS-Buecherei\/index.php\/wp-json\/wp\/v2\/comments?post=16563"}],"version-history":[{"count":0,"href":"https:\/\/www.web-rr.de\/GHS-Buecherei\/index.php\/wp-json\/wp\/v2\/pages\/16563\/revisions"}],"wp:attachment":[{"href":"https:\/\/www.web-rr.de\/GHS-Buecherei\/index.php\/wp-json\/wp\/v2\/media?parent=16563"}],"curies":[{"name":"wp","href":"https:\/\/api.w.org\/{rel}","templated":true}]}}