{"id":16560,"date":"2021-05-21T10:00:00","date_gmt":"2021-05-21T10:00:00","guid":{"rendered":"https:\/\/www.web-rr.de\/GHS-Buecherei\/?page_id=16560"},"modified":"2021-05-21T23:00:00","modified_gmt":"2021-05-21T23:00:00","slug":"p9788863125443","status":"publish","type":"page","link":"https:\/\/www.web-rr.de\/GHS-Buecherei\/index.php\/p9788863125443\/","title":{"rendered":"Natur &#8211; Fische 17"},"content":{"rendered":"<table><tbody><tr><td class='rDTitel' colspan='2'>Die Welt der Haie<\/td><\/tr><tr><td><span class='rDLabel1'>Status: <\/span><span class='rDText1Gruen'>vorhanden<\/span><\/td><td><span class='rDLabel1'>Antolin: <\/span><span class='rDText1Rot'>Quiz nicht vorhanden.<\/span><\/td><\/tr><tr><td width=50%><img src='https:\/\/www.web-rr.de\/GHS-Buecherei\/wp-content\/uploads\/9788863125443.jpg' alt=''><\/td><td><p class='rDLabel2'>von <span class='rDText2'>Kelly Kelly Hargrave, Andrea Silen<\/span><\/p><p class='rDLabel2'>Verlag: <span class='rDText2'>Edizioni White Star SrL,  2022,  14.95 \u20ac<\/span><\/p><p class='rDLabel2'>B\u00fccherei-Barcode: <span class='rDText2'>9788863125443<\/span><\/p><p class='rDLabel2'>In der B\u00fccherei erfasst am: <span class='rDText2'>24.10.2024<\/span><\/p><p class='rDLabel2'>Stichw\u00f6rter: <span class='rDText2'>Haie, Infos, Weltmeere, Spiele und Witze<\/span><\/p><p class='rDLabel2'>Lesealter ca. <span class='rDText2'>8<\/span><span class='rDLabel2'> Jahre<\/span><\/p><p class='rDLabel2'>Das Buch wurde <span class='rDText2'>0<\/span><span class='rDLabel2'> mal gelesen.<\/span><\/p><\/td><\/tr><tr><td colspan='2'><p class='rDLabel1'>Inhalt:<\/p><span class='rDText2'>Lustige Fakten, tolle Infos, coole Spiele, Witze und mehr!: National Geographic Kids. Haie sind beeindruckende Meeresr\u00e4uber und herrliche Tiere. Du kannst ihnen in allen Weltmeeren begegnen. Sie sind klein und riesengro\u00df, gestreift oder get\u00fcpfelt, silbergrau, blau oder braun. Haie gab es schon vor den Dinosauriern. Du kannst jetzt eintauchen in die Welt dieser geschickten J\u00e4ger \u2013 dieses neue Buch f\u00fchrt dich in unglaublichen Fotografien von flachen Meereslagunen bis in die Tiefsee, wo du diese faszinierenden Lebewesen bestaunen kannst. Entdecke atemberaubende Fakten, neueste Informationen \u00fcber Haie in freier Wildbahn, bahnbrechende Entdeckungen \u00fcber ihr Verhalten, aber auch lustige Hai-Witze und spannende Spiele.<\/span><\/td><\/tr><tr><td colspan='2'><a href='#' onclick='history.back(); return false'>Zur\u00fcck<\/a><\/td><\/tr><\/tbody><\/table>\n","protected":false},"excerpt":{"rendered":"<p>&#8211;<\/p>\n","protected":false},"author":1,"featured_media":0,"parent":0,"menu_order":0,"comment_status":"closed","ping_status":"closed","template":"","meta":[],"_links":{"self":[{"href":"https:\/\/www.web-rr.de\/GHS-Buecherei\/index.php\/wp-json\/wp\/v2\/pages\/16560"}],"collection":[{"href":"https:\/\/www.web-rr.de\/GHS-Buecherei\/index.php\/wp-json\/wp\/v2\/pages"}],"about":[{"href":"https:\/\/www.web-rr.de\/GHS-Buecherei\/index.php\/wp-json\/wp\/v2\/types\/page"}],"author":[{"embeddable":true,"href":"https:\/\/www.web-rr.de\/GHS-Buecherei\/index.php\/wp-json\/wp\/v2\/users\/1"}],"replies":[{"embeddable":true,"href":"https:\/\/www.web-rr.de\/GHS-Buecherei\/index.php\/wp-json\/wp\/v2\/comments?post=16560"}],"version-history":[{"count":0,"href":"https:\/\/www.web-rr.de\/GHS-Buecherei\/index.php\/wp-json\/wp\/v2\/pages\/16560\/revisions"}],"wp:attachment":[{"href":"https:\/\/www.web-rr.de\/GHS-Buecherei\/index.php\/wp-json\/wp\/v2\/media?parent=16560"}],"curies":[{"name":"wp","href":"https:\/\/api.w.org\/{rel}","templated":true}]}}