{"id":16559,"date":"2021-05-21T10:00:00","date_gmt":"2021-05-21T10:00:00","guid":{"rendered":"https:\/\/www.web-rr.de\/GHS-Buecherei\/?page_id=16559"},"modified":"2021-05-21T23:00:00","modified_gmt":"2021-05-21T23:00:00","slug":"p9783831044528","status":"publish","type":"page","link":"https:\/\/www.web-rr.de\/GHS-Buecherei\/index.php\/p9783831044528\/","title":{"rendered":"Kunst 32"},"content":{"rendered":"<table><tbody><tr><td class='rDTitel' colspan='2'>Vincent van Gogh<\/td><\/tr><tr><td><span class='rDLabel1'>Status: <\/span><span class='rDText1Gruen'>vorhanden<\/span><\/td><td><span class='rDLabel1'>Antolin: <\/span><span class='rDText1Gruen'>ja, Empfehlung Klasse 5<\/span><\/td><\/tr><tr><td width=50%><img src='https:\/\/www.web-rr.de\/GHS-Buecherei\/wp-content\/uploads\/9783831044528.jpg' alt=''><\/td><td><p class='rDLabel2'>von <span class='rDText2'>Amy Guglielmo<\/span><\/p><p class='rDLabel2'>Verlag: <span class='rDText2'>Dorling Kindersley Verlag,  2022,  12.95 \u20ac<\/span><\/p><p class='rDLabel2'>B\u00fccherei-Barcode: <span class='rDText2'>9783831044528<\/span><\/p><p class='rDLabel2'>In der B\u00fccherei erfasst am: <span class='rDText2'>24.10.2024<\/span><\/p><p class='rDLabel2'>Stichw\u00f6rter: <span class='rDText2'>Maler, K\u00fcnstler, Sonnenblumen, Kunstgeschichte<\/span><\/p><p class='rDLabel2'>Lesealter ca. <span class='rDText2'>10<\/span><span class='rDLabel2'> Jahre<\/span><\/p><p class='rDLabel2'>Das Buch wurde <span class='rDText2'>0<\/span><span class='rDLabel2'> mal gelesen.<\/span><\/p><\/td><\/tr><tr><td colspan='2'><p class='rDLabel1'>Inhalt:<\/p><span class='rDText2'>Die Welt sehen mit den Augen von Vincent van Gogh\r\nVom ungl\u00fccklichen Kunsth\u00e4ndler zum legend\u00e4ren Landschaftsmaler: Wie wurde aus dem jungen Vincent van Gogh einer der gr\u00f6\u00dften K\u00fcnstler unserer Zeit? In diesem Kunstbuch begleiten ihn die Kinder auf seinem fr\u00fchen Weg zur Malerei, gehen mit ihm die ersten Schritte seiner Karriere in der Kunstszene und ziehen mit ihm aufs Land, wo er schlie\u00dflich zu seinem experimentellen Stil fand. Farbenfrohe Illustrationen bilden die wichtigsten Lebensstationen von Vincent van Gogh ab und vermitteln inspirierende Kunstgeschichte auf kindgerechte Art.<\/span><\/td><\/tr><tr><td colspan='2'><a href='#' onclick='history.back(); return false'>Zur\u00fcck<\/a><\/td><\/tr><\/tbody><\/table>\n","protected":false},"excerpt":{"rendered":"<p>&#8211;<\/p>\n","protected":false},"author":1,"featured_media":0,"parent":0,"menu_order":0,"comment_status":"closed","ping_status":"closed","template":"","meta":[],"_links":{"self":[{"href":"https:\/\/www.web-rr.de\/GHS-Buecherei\/index.php\/wp-json\/wp\/v2\/pages\/16559"}],"collection":[{"href":"https:\/\/www.web-rr.de\/GHS-Buecherei\/index.php\/wp-json\/wp\/v2\/pages"}],"about":[{"href":"https:\/\/www.web-rr.de\/GHS-Buecherei\/index.php\/wp-json\/wp\/v2\/types\/page"}],"author":[{"embeddable":true,"href":"https:\/\/www.web-rr.de\/GHS-Buecherei\/index.php\/wp-json\/wp\/v2\/users\/1"}],"replies":[{"embeddable":true,"href":"https:\/\/www.web-rr.de\/GHS-Buecherei\/index.php\/wp-json\/wp\/v2\/comments?post=16559"}],"version-history":[{"count":0,"href":"https:\/\/www.web-rr.de\/GHS-Buecherei\/index.php\/wp-json\/wp\/v2\/pages\/16559\/revisions"}],"wp:attachment":[{"href":"https:\/\/www.web-rr.de\/GHS-Buecherei\/index.php\/wp-json\/wp\/v2\/media?parent=16559"}],"curies":[{"name":"wp","href":"https:\/\/api.w.org\/{rel}","templated":true}]}}