{"id":16557,"date":"2021-05-21T10:00:00","date_gmt":"2021-05-21T10:00:00","guid":{"rendered":"https:\/\/www.web-rr.de\/GHS-Buecherei\/?page_id=16557"},"modified":"2021-05-21T23:00:00","modified_gmt":"2021-05-21T23:00:00","slug":"p9783964551900","status":"publish","type":"page","link":"https:\/\/www.web-rr.de\/GHS-Buecherei\/index.php\/p9783964551900\/","title":{"rendered":"Technik &#8211; Experimente 16"},"content":{"rendered":"<table><tbody><tr><td class='rDTitel' colspan='2'>Abgeschaut und Nachgebaut<\/td><\/tr><tr><td><span class='rDLabel1'>Status: <\/span><span class='rDText1Gruen'>vorhanden<\/span><\/td><td><span class='rDLabel1'>Antolin: <\/span><span class='rDText1Rot'>Quiz nicht vorhanden.<\/span><\/td><\/tr><tr><td width=50%><img src='https:\/\/www.web-rr.de\/GHS-Buecherei\/wp-content\/uploads\/9783964551900.jpg' alt=''><\/td><td><p class='rDLabel2'>von <span class='rDText2'>Martin Verg<\/span><\/p><p class='rDLabel2'>Verlag: <span class='rDText2'>moses. Verlag,  2022,  12.95 \u20ac<\/span><\/p><p class='rDLabel2'>B\u00fccherei-Barcode: <span class='rDText2'>9783964551900<\/span><\/p><p class='rDLabel2'>In der B\u00fccherei erfasst am: <span class='rDText2'>01.10.2024<\/span><\/p><p class='rDLabel2'>Stichw\u00f6rter: <span class='rDText2'>Basteln, Technik, Natur, Erfindungen, Mathe, Informatik, Naturwissenschaft<\/span><\/p><p class='rDLabel2'>Lesealter ca. <span class='rDText2'>8<\/span><span class='rDLabel2'> Jahre<\/span><\/p><p class='rDLabel2'>Das Buch wurde <span class='rDText2'>0<\/span><span class='rDLabel2'> mal gelesen.<\/span><\/p><\/td><\/tr><tr><td colspan='2'><p class='rDLabel1'>Inhalt:<\/p><span class='rDText2'>Tauche ein in die spannende Welt der Bionik! Von der Klette zum Klettverschluss.\r\nAls der Ingenieur Georges de Mestral mit seinem Hund spazieren ging, blieb eine Klette in dessen Fell h\u00e4ngen. Von diesem biologischen Ph\u00e4nomen war de Mestral so fasziniert, dass er daraufhin den Klettverschluss erfand. In diesem Buch werden 24 Erfindungen vorgestellt, die durch F\u00e4higkeiten von Tieren und Pflanzen inspiriert wurden.\r\nAus einem Korken und einer Nadel einen Kompass bauen, eine eigene kleine Biogasanlage aufstellen oder nach dem Vorbild der Ahornfrucht einen Helikopter basteln. Mit anschaulichen Experimenten k\u00f6nnen kleine und gro\u00dfe Naturforscher die Technik hinter den Erfindungen entdecken und verstehen.\r\nDie Ph\u00e4noMINT-B\u00fccher des moses. Verlags stehen f\u00fcr ph\u00e4nomenale Experimente f\u00fcr clevere Kids in den Bereichen Mathe, Informatik, Naturwissenschaft & Technik. Die komplexen Themen werden dank kindgerechter Texte und Illustrationen verst\u00e4ndlich f\u00fcr die kleinen Wissenschaftler aufbereitet und durch aufregende Experimente erlebbar gemacht.\r\nDas steckt drin:\r\n- Wieso f\u00e4llt ein Gecko nicht von der Decke?\r\n- Wie funktionieren Saugn\u00e4pfe?\r\n- Was ist der Lotus-Effekt?\r\n- Warum k\u00f6nnen Flederm\u00e4use pfeilschnell durch die Nacht fliegen?\r\n- \u2026 und weitere spannende Experimente aus der Natur!<\/span><\/td><\/tr><tr><td colspan='2'><a href='#' onclick='history.back(); return false'>Zur\u00fcck<\/a><\/td><\/tr><\/tbody><\/table>\n","protected":false},"excerpt":{"rendered":"<p>&#8211;<\/p>\n","protected":false},"author":1,"featured_media":0,"parent":0,"menu_order":0,"comment_status":"closed","ping_status":"closed","template":"","meta":[],"_links":{"self":[{"href":"https:\/\/www.web-rr.de\/GHS-Buecherei\/index.php\/wp-json\/wp\/v2\/pages\/16557"}],"collection":[{"href":"https:\/\/www.web-rr.de\/GHS-Buecherei\/index.php\/wp-json\/wp\/v2\/pages"}],"about":[{"href":"https:\/\/www.web-rr.de\/GHS-Buecherei\/index.php\/wp-json\/wp\/v2\/types\/page"}],"author":[{"embeddable":true,"href":"https:\/\/www.web-rr.de\/GHS-Buecherei\/index.php\/wp-json\/wp\/v2\/users\/1"}],"replies":[{"embeddable":true,"href":"https:\/\/www.web-rr.de\/GHS-Buecherei\/index.php\/wp-json\/wp\/v2\/comments?post=16557"}],"version-history":[{"count":0,"href":"https:\/\/www.web-rr.de\/GHS-Buecherei\/index.php\/wp-json\/wp\/v2\/pages\/16557\/revisions"}],"wp:attachment":[{"href":"https:\/\/www.web-rr.de\/GHS-Buecherei\/index.php\/wp-json\/wp\/v2\/media?parent=16557"}],"curies":[{"name":"wp","href":"https:\/\/api.w.org\/{rel}","templated":true}]}}