{"id":16553,"date":"2021-05-21T10:00:00","date_gmt":"2021-05-21T10:00:00","guid":{"rendered":"https:\/\/www.web-rr.de\/GHS-Buecherei\/?page_id=16553"},"modified":"2021-05-21T23:00:00","modified_gmt":"2021-05-21T23:00:00","slug":"p9783907277157","status":"publish","type":"page","link":"https:\/\/www.web-rr.de\/GHS-Buecherei\/index.php\/p9783907277157\/","title":{"rendered":"Fr\u00fcher + Heute 81"},"content":{"rendered":"<table><tbody><tr><td class='rDTitel' colspan='2'>Lydia: Ein aussergew\u00f6hnliches M\u00e4dchen aus Estland<\/td><\/tr><tr><td><span class='rDLabel1'>Status: <\/span><span class='rDText1Gruen'>vorhanden<\/span><\/td><td><span class='rDLabel1'>Antolin: <\/span><span class='rDText1Gruen'>ja, Empfehlung Klasse 4<\/span><\/td><\/tr><tr><td width=50%><img src='https:\/\/www.web-rr.de\/GHS-Buecherei\/wp-content\/uploads\/9783907277157.jpg' alt=''><\/td><td><p class='rDLabel2'>von <span class='rDText2'>K\u00e4tlin Kaldmaa, Jaan R\u00f5\u00f5mus<\/span><\/p><p class='rDLabel2'>Verlag: <span class='rDText2'>Baobab Books,  2022,  19.50 \u20ac<\/span><\/p><p class='rDLabel2'>B\u00fccherei-Barcode: <span class='rDText2'>9783907277157<\/span><\/p><p class='rDLabel2'>In der B\u00fccherei erfasst am: <span class='rDText2'>01.10.2024<\/span><\/p><p class='rDLabel2'>Stichw\u00f6rter: <span class='rDText2'>Estland, Lebensgeschichte, Geschichte, Kulturen<\/span><\/p><p class='rDLabel2'>Lesealter ca. <span class='rDText2'>8<\/span><span class='rDLabel2'> Jahre<\/span><\/p><p class='rDLabel2'>Das Buch wurde <span class='rDText2'>0<\/span><span class='rDLabel2'> mal gelesen.<\/span><\/p><\/td><\/tr><tr><td colspan='2'><p class='rDLabel1'>Inhalt:<\/p><span class='rDText2'>Lydia kennt in Estland sprichw\u00f6rtlich jedes Kind: Die Gedichte der Autorin Lydia Koidula geh\u00f6ren im Land zum Schulstoff. Die Lebensgeschichte der 1843 geborenen Schriftstellerin ist so au\u00dfergew\u00f6hnlich, dass sie unbedingt erz\u00e4hlt werden muss. Den estnischen Staat, wie wir ihn heute kennen, gab es zu Lydias Zeiten noch nicht. Livland hie\u00df das Gebiet, welches dem heutigen Estland und Lettland entsprach. Nach deutscher, polnischer, d\u00e4nischer und schwedischer Herrschaft stand es ab 1710 unter russischer Kontrolle. Von der Mutter lernte Lydia Deutsch, und auch der Schulunterricht in jener Zeit wurde auf Deutsch abgehalten. Lydias Vater wiederum war Lehrer und Journalist und gr\u00fcndete die erste Tageszeitung in estnischer Sprache; Postimees geh\u00f6rt heute noch zu den wichtigsten Tageszeitungen in Estland. W\u00f6rter, Sprache, Geschichten und Gedichte sind Lydias Leidenschaft. Bereits als Kind liebt sie nichts mehr, als zu lesen und zu schreiben. Nach dem Besuch der H\u00f6heren M\u00e4dchenschule m\u00f6chte Lydia an die Universit\u00e4t, aber Frauen sind dort nicht zugelassen. Immerhin, Lehrerin kann sie werden. Ihr Traum ist es, Kinder auf Estnisch statt auf Deutsch und Russisch zu unterrichten. Das Recht, die eigene Sprache zu sprechen und Kultur zu pflegen, wird zu ihrem Lebensthema \u2013 gleichzeitig steht sie f\u00fcr Offenheit und \u00fcberschreitet mehrfach kulturelle und sprachliche Grenzen. Mit 20 wird sie die rechte Hand ihres Vaters in der Zeitungsredaktion. Mit 22 ver\u00f6ffentlicht sie ihr erstes Buch, mit 25 Jahren organisiert sie das erste estnische S\u00e4ngerfest. Sp\u00e4ter lernt Lydia Finnisch, heiratet einen Letten und l\u00e4sst sich im russischen Kronstadt nieder. Und als ihre Kinder sie eines Tages fragen, wo sie zu Hause sei, sagt Lydia: \u00bbMein Herz ist auf der ganzen Welt verteilt.\u00ab Die bekannte estnische Autorin K\u00e4tlin Kaldmaa und der Illustrator Jaan R\u00f5\u00f5mus haben ein poetisches und vielschichtiges Kinderbuch geschaffen, welches das au\u00dfergew\u00f6hnliche Leben Lydia Koidulas lebendig werden l\u00e4sst und die Forderung, selbstbestimmt leben zu d\u00fcrfen, mit Leichtigkeit in die heutige Zeit tr\u00e4gt.<\/span><\/td><\/tr><tr><td colspan='2'><a href='#' onclick='history.back(); return false'>Zur\u00fcck<\/a><\/td><\/tr><\/tbody><\/table>\n","protected":false},"excerpt":{"rendered":"<p>&#8211;<\/p>\n","protected":false},"author":1,"featured_media":0,"parent":0,"menu_order":0,"comment_status":"closed","ping_status":"closed","template":"","meta":[],"_links":{"self":[{"href":"https:\/\/www.web-rr.de\/GHS-Buecherei\/index.php\/wp-json\/wp\/v2\/pages\/16553"}],"collection":[{"href":"https:\/\/www.web-rr.de\/GHS-Buecherei\/index.php\/wp-json\/wp\/v2\/pages"}],"about":[{"href":"https:\/\/www.web-rr.de\/GHS-Buecherei\/index.php\/wp-json\/wp\/v2\/types\/page"}],"author":[{"embeddable":true,"href":"https:\/\/www.web-rr.de\/GHS-Buecherei\/index.php\/wp-json\/wp\/v2\/users\/1"}],"replies":[{"embeddable":true,"href":"https:\/\/www.web-rr.de\/GHS-Buecherei\/index.php\/wp-json\/wp\/v2\/comments?post=16553"}],"version-history":[{"count":0,"href":"https:\/\/www.web-rr.de\/GHS-Buecherei\/index.php\/wp-json\/wp\/v2\/pages\/16553\/revisions"}],"wp:attachment":[{"href":"https:\/\/www.web-rr.de\/GHS-Buecherei\/index.php\/wp-json\/wp\/v2\/media?parent=16553"}],"curies":[{"name":"wp","href":"https:\/\/api.w.org\/{rel}","templated":true}]}}