{"id":16552,"date":"2021-05-21T10:00:00","date_gmt":"2021-05-21T10:00:00","guid":{"rendered":"https:\/\/www.web-rr.de\/GHS-Buecherei\/?page_id=16552"},"modified":"2021-05-21T23:00:00","modified_gmt":"2021-05-21T23:00:00","slug":"p9783831044382","status":"publish","type":"page","link":"https:\/\/www.web-rr.de\/GHS-Buecherei\/index.php\/p9783831044382\/","title":{"rendered":"Fr\u00fcher + Heute 80"},"content":{"rendered":"<table><tbody><tr><td class='rDTitel' colspan='2'>So haben wir gelebt: Von der Steinzeit bis zu den Wikingern<\/td><\/tr><tr><td><span class='rDLabel1'>Status: <\/span><span class='rDText1Gruen'>vorhanden<\/span><\/td><td><span class='rDLabel1'>Antolin: <\/span><span class='rDText1Gruen'>ja, Empfehlung Klasse 4<\/span><\/td><\/tr><tr><td width=50%><img src='https:\/\/www.web-rr.de\/GHS-Buecherei\/wp-content\/uploads\/9783831044382.jpg' alt=''><\/td><td><p class='rDLabel2'>von <span class='rDText2'>Monika Schlitzer<\/span><\/p><p class='rDLabel2'>Verlag: <span class='rDText2'>Dorling Kindersley Verlag,  2022,  12.95 \u20ac<\/span><\/p><p class='rDLabel2'>B\u00fccherei-Barcode: <span class='rDText2'>9783831044382<\/span><\/p><p class='rDLabel2'>In der B\u00fccherei erfasst am: <span class='rDText2'>01.10.2024<\/span><\/p><p class='rDLabel2'>Stichw\u00f6rter: <span class='rDText2'>Geschichte, Steinzeitmenschen, H\u00f6hlenmalereien, Wikinger, Zeitreise, \u00c4gypten<\/span><\/p><p class='rDLabel2'>Lesealter ca. <span class='rDText2'>8<\/span><span class='rDLabel2'> Jahre<\/span><\/p><p class='rDLabel2'>Das Buch wurde <span class='rDText2'>0<\/span><span class='rDLabel2'> mal gelesen.<\/span><\/p><\/td><\/tr><tr><td colspan='2'><p class='rDLabel1'>Inhalt:<\/p><span class='rDText2'>Komm mit in meine Welt!\r\nDie Steinzeitmenschen schaffen die ersten H\u00f6hlenmalereien, die alten \u00c4gypter bauen die Pyramiden und die Wikinger gehen auf Seereise \u2013 dieses Buch l\u00e4sst l\u00e4ngst vergangene Zeiten f\u00fcr Vorsch\u00fcler*innen lebendig werden! Neun Kinder aus verschiedenen Epochen der Geschichte nehmen Leser*innen mit auf eine Zeitreise in ihren Alltag. Die wundersch\u00f6nen Illustrationen kurbeln die Fantasie an und nehmen mit in fasznierende Welten, die wir heute nur aus Museen kennen.\r\n\r\nEin Fenster in die Vergangenheit\r\nWie haben R\u00f6mer, Sumerer und andere Menschen vor Tausenden von Jahren gelebt und ihren Alltag gemeistert? Das liebevoll illustrierte Sachbilderbuch stellt neun Kulturen von der Steinzeit bis zu den Wikingern vor und erz\u00e4hlt faktenreich, was wir heute \u00fcber ihre Wohnr\u00e4ume, Essgewohnheiten und ihre liebsten Freizeitbesch\u00e4ftigungen wissen. Besonders ist, dass je ein Kind durch seine Zeitepoche f\u00fchrt. Das kleine M\u00e4dchen Mat nimmt Leser*innen mit in ihre Steinzeith\u00f6hle und erkl\u00e4rt, was es mit den geheimnisvollen Felsmalereien auf sich hat. Und mit Selene reisen Kinder nach \u00c4gypten und erfahren, welche Sch\u00e4tze von dort aus in die ganze Welt verkauft wurden.\r\n\r\nGeschichten \u00fcber die Geschichte:\r\n\u2022 Eine Zeitreise zu fr\u00fchen V\u00f6lkern, erz\u00e4hlt aus der Perspektive von Kindern\r\n\u2022 Wundersch\u00f6ne Illustrationen stellen eindrucksvoll Wohnst\u00e4tten, Werkzeuge und Kunstwerke vor\r\n\u2022 Kinder nehmen die Leser*innen mit in ihre Welt und zeigen, wie ihr Alltag ausgesehen hat\r\n\u2022 Kurze, animierende Texte mit vielen Sachinformationen zum Vorlesen und Miterleben\r\n\u2022 Bringt Vorsch\u00fcler*innen das Leben fr\u00fcher Kulturen nahe und schafft Verst\u00e4ndnis f\u00fcr verschiedene V\u00f6lker weltweit<\/span><\/td><\/tr><tr><td colspan='2'><a href='#' onclick='history.back(); return false'>Zur\u00fcck<\/a><\/td><\/tr><\/tbody><\/table>\n","protected":false},"excerpt":{"rendered":"<p>&#8211;<\/p>\n","protected":false},"author":1,"featured_media":0,"parent":0,"menu_order":0,"comment_status":"closed","ping_status":"closed","template":"","meta":[],"_links":{"self":[{"href":"https:\/\/www.web-rr.de\/GHS-Buecherei\/index.php\/wp-json\/wp\/v2\/pages\/16552"}],"collection":[{"href":"https:\/\/www.web-rr.de\/GHS-Buecherei\/index.php\/wp-json\/wp\/v2\/pages"}],"about":[{"href":"https:\/\/www.web-rr.de\/GHS-Buecherei\/index.php\/wp-json\/wp\/v2\/types\/page"}],"author":[{"embeddable":true,"href":"https:\/\/www.web-rr.de\/GHS-Buecherei\/index.php\/wp-json\/wp\/v2\/users\/1"}],"replies":[{"embeddable":true,"href":"https:\/\/www.web-rr.de\/GHS-Buecherei\/index.php\/wp-json\/wp\/v2\/comments?post=16552"}],"version-history":[{"count":0,"href":"https:\/\/www.web-rr.de\/GHS-Buecherei\/index.php\/wp-json\/wp\/v2\/pages\/16552\/revisions"}],"wp:attachment":[{"href":"https:\/\/www.web-rr.de\/GHS-Buecherei\/index.php\/wp-json\/wp\/v2\/media?parent=16552"}],"curies":[{"name":"wp","href":"https:\/\/api.w.org\/{rel}","templated":true}]}}