{"id":16551,"date":"2021-05-21T10:00:00","date_gmt":"2021-05-21T10:00:00","guid":{"rendered":"https:\/\/www.web-rr.de\/GHS-Buecherei\/?page_id=16551"},"modified":"2021-05-21T23:00:00","modified_gmt":"2021-05-21T23:00:00","slug":"p9783743212299","status":"publish","type":"page","link":"https:\/\/www.web-rr.de\/GHS-Buecherei\/index.php\/p9783743212299\/","title":{"rendered":"Fr\u00fcher + Heute 79"},"content":{"rendered":"<table><tbody><tr><td class='rDTitel' colspan='2'>Was geschah zur gleichen Zeit?: Weltgeschichte, wie du sie noch nie gesehen hast<\/td><\/tr><tr><td><span class='rDLabel1'>Status: <\/span><span class='rDText1Gruen'>vorhanden<\/span><\/td><td><span class='rDLabel1'>Antolin: <\/span><span class='rDText1Gruen'>ja, Empfehlung Klasse 5<\/span><\/td><\/tr><tr><td width=50%><img src='https:\/\/www.web-rr.de\/GHS-Buecherei\/wp-content\/uploads\/9783743212299.jpg' alt=''><\/td><td><p class='rDLabel2'>von <span class='rDText2'>Philip Parker<\/span><\/p><p class='rDLabel2'>Verlag: <span class='rDText2'>Loewe,  2022,  16.95 \u20ac<\/span><\/p><p class='rDLabel2'>B\u00fccherei-Barcode: <span class='rDText2'>9783743212299<\/span><\/p><p class='rDLabel2'>In der B\u00fccherei erfasst am: <span class='rDText2'>01.10.2024<\/span><\/p><p class='rDLabel2'>Stichw\u00f6rter: <span class='rDText2'>Geschichte, Zivilisationen, Zeitreise, Kulturen,<\/span><\/p><p class='rDLabel2'>Lesealter ca. <span class='rDText2'>9<\/span><span class='rDLabel2'> Jahre<\/span><\/p><p class='rDLabel2'>Das Buch wurde <span class='rDText2'>0<\/span><span class='rDLabel2'> mal gelesen.<\/span><\/p><\/td><\/tr><tr><td colspan='2'><p class='rDLabel1'>Inhalt:<\/p><span class='rDText2'>Sachbuch f\u00fcr einen einzigartigen \u00dcberblick \u00fcber die Geschichte der Welt.\r\nVerbl\u00fcffende Weltgeschichte auf einen Blick!\r\nKomm mit auf eine Zeitreise von den ersten Zivilisationen bis in unsere moderne Welt. Erkunde vergangene Epochen, untergegangene Gro\u00dfreiche und fremde Kulturen und entdecke, was zur selben Zeit an unterschiedlichen Orten geschehen ist. Wusstest du zum Beispiel, dass es noch Mammuts gab, als in \u00c4gypten die Pyramiden gebaut wurden?\r\nSachbuch \u00fcber die Geschichte unserer Welt ab 9 Jahren\r\nMit 18 Landkarten und 10 Schwerpunkten\r\nDurchgehend farbig illustriert\r\nPerfektes Geschenk, um einen einzigartigen \u00dcberblick \u00fcber geschichtliche Ereignisse und ihre Zusammenh\u00e4nge zu erhalten.<\/span><\/td><\/tr><tr><td colspan='2'><a href='#' onclick='history.back(); return false'>Zur\u00fcck<\/a><\/td><\/tr><\/tbody><\/table>\n","protected":false},"excerpt":{"rendered":"<p>&#8211;<\/p>\n","protected":false},"author":1,"featured_media":0,"parent":0,"menu_order":0,"comment_status":"closed","ping_status":"closed","template":"","meta":[],"_links":{"self":[{"href":"https:\/\/www.web-rr.de\/GHS-Buecherei\/index.php\/wp-json\/wp\/v2\/pages\/16551"}],"collection":[{"href":"https:\/\/www.web-rr.de\/GHS-Buecherei\/index.php\/wp-json\/wp\/v2\/pages"}],"about":[{"href":"https:\/\/www.web-rr.de\/GHS-Buecherei\/index.php\/wp-json\/wp\/v2\/types\/page"}],"author":[{"embeddable":true,"href":"https:\/\/www.web-rr.de\/GHS-Buecherei\/index.php\/wp-json\/wp\/v2\/users\/1"}],"replies":[{"embeddable":true,"href":"https:\/\/www.web-rr.de\/GHS-Buecherei\/index.php\/wp-json\/wp\/v2\/comments?post=16551"}],"version-history":[{"count":0,"href":"https:\/\/www.web-rr.de\/GHS-Buecherei\/index.php\/wp-json\/wp\/v2\/pages\/16551\/revisions"}],"wp:attachment":[{"href":"https:\/\/www.web-rr.de\/GHS-Buecherei\/index.php\/wp-json\/wp\/v2\/media?parent=16551"}],"curies":[{"name":"wp","href":"https:\/\/api.w.org\/{rel}","templated":true}]}}