{"id":16548,"date":"2021-05-21T10:00:00","date_gmt":"2021-05-21T10:00:00","guid":{"rendered":"https:\/\/www.web-rr.de\/GHS-Buecherei\/?page_id=16548"},"modified":"2021-05-21T23:00:00","modified_gmt":"2021-05-21T23:00:00","slug":"p9783965941380","status":"publish","type":"page","link":"https:\/\/www.web-rr.de\/GHS-Buecherei\/index.php\/p9783965941380\/","title":{"rendered":"Tiere 122"},"content":{"rendered":"<table><tbody><tr><td class='rDTitel' colspan='2'>Die Gr\u00fcnen Piraten \u2013 Wale in Not<\/td><\/tr><tr><td><span class='rDLabel1'>Status: <\/span><span class='rDText1Gruen'>vorhanden<\/span><\/td><td><span class='rDLabel1'>Antolin: <\/span><span class='rDText1Gruen'>ja, Empfehlung Klasse 4<\/span><\/td><\/tr><tr><td width=50%><img src='https:\/\/www.web-rr.de\/GHS-Buecherei\/wp-content\/uploads\/9783965941380.jpg' alt=''><\/td><td><p class='rDLabel2'>von <span class='rDText2'>Andrea Po\u00dfberg, Corinna B\u00f6ckmann<\/span><\/p><p class='rDLabel2'>Verlag: <span class='rDText2'>S\u00fcdpol Verlag GmbH,  2022,  14.00 \u20ac<\/span><\/p><p class='rDLabel2'>B\u00fccherei-Barcode: <span class='rDText2'>9783965941380<\/span><\/p><p class='rDLabel2'>In der B\u00fccherei erfasst am: <span class='rDText2'>29.09.2024<\/span><\/p><p class='rDLabel2'>Stichw\u00f6rter: <span class='rDText2'>Schweinswal, Entf\u00fchrung, Abenteuer, Forschungsschiff, Ostsee<\/span><\/p><p class='rDLabel2'>Lesealter ca. <span class='rDText2'>8<\/span><span class='rDLabel2'> Jahre<\/span><\/p><p class='rDLabel2'>Das Buch wurde <span class='rDText2'>0<\/span><span class='rDLabel2'> mal gelesen.<\/span><\/p><\/td><\/tr><tr><td colspan='2'><p class='rDLabel1'>Inhalt:<\/p><span class='rDText2'>Die Gr\u00fcnen Piraten \u2013 Wer hat den kleinen Schweinswal entf\u00fchrt?\r\nBei den Gr\u00fcnen Piraten herrscht gro\u00dfe Aufregung: Ben, Flora, Pauline, Jannik und Lennart d\u00fcrfen die befreundete Chemikerin Miranda auf ein Forschungsschiff in der Ostsee begleiten, wo das Verhalten der Schweinswale untersucht wird. Doch dann geraten die Tiere in Gefahr: Herrenlose Fischernetze werden zur t\u00f6dlichen Falle! Und pl\u00f6tzlich verschwindet auch noch einer der Schweinswale vom Radar \u2013 die Gr\u00fcnen Piraten kommen einem gef\u00e4hrlichen Komplott auf die Spur \u2026\r\nDie Gr\u00fcnen Piraten \u2013 so nennen sich die Freunde Pauline, Ben, Flora, Lennart und Jannik. Da, wo sie zum Schutz der Umwelt eingreifen, bleibt als Zeichen der gr\u00fcne Totenkopf zur\u00fcck. Bei ihren heimlichen Eins\u00e4tzen kommen sie immer wieder in brenzlige Situationen.<\/span><\/td><\/tr><tr><td colspan='2'><a href='#' onclick='history.back(); return false'>Zur\u00fcck<\/a><\/td><\/tr><\/tbody><\/table>\n","protected":false},"excerpt":{"rendered":"<p>&#8211;<\/p>\n","protected":false},"author":1,"featured_media":0,"parent":0,"menu_order":0,"comment_status":"closed","ping_status":"closed","template":"","meta":[],"_links":{"self":[{"href":"https:\/\/www.web-rr.de\/GHS-Buecherei\/index.php\/wp-json\/wp\/v2\/pages\/16548"}],"collection":[{"href":"https:\/\/www.web-rr.de\/GHS-Buecherei\/index.php\/wp-json\/wp\/v2\/pages"}],"about":[{"href":"https:\/\/www.web-rr.de\/GHS-Buecherei\/index.php\/wp-json\/wp\/v2\/types\/page"}],"author":[{"embeddable":true,"href":"https:\/\/www.web-rr.de\/GHS-Buecherei\/index.php\/wp-json\/wp\/v2\/users\/1"}],"replies":[{"embeddable":true,"href":"https:\/\/www.web-rr.de\/GHS-Buecherei\/index.php\/wp-json\/wp\/v2\/comments?post=16548"}],"version-history":[{"count":0,"href":"https:\/\/www.web-rr.de\/GHS-Buecherei\/index.php\/wp-json\/wp\/v2\/pages\/16548\/revisions"}],"wp:attachment":[{"href":"https:\/\/www.web-rr.de\/GHS-Buecherei\/index.php\/wp-json\/wp\/v2\/media?parent=16548"}],"curies":[{"name":"wp","href":"https:\/\/api.w.org\/{rel}","templated":true}]}}