{"id":16544,"date":"2021-05-21T10:00:00","date_gmt":"2021-05-21T10:00:00","guid":{"rendered":"https:\/\/www.web-rr.de\/GHS-Buecherei\/?page_id=16544"},"modified":"2021-05-21T23:00:00","modified_gmt":"2021-05-21T23:00:00","slug":"p9783761568552","status":"publish","type":"page","link":"https:\/\/www.web-rr.de\/GHS-Buecherei\/index.php\/p9783761568552\/","title":{"rendered":"Religion 124"},"content":{"rendered":"<table><tbody><tr><td class='rDTitel' colspan='2'>Marlene wohnt im Himmel: Eine Geschichte f\u00fcr Geschwister von Sternenkindern<\/td><\/tr><tr><td><span class='rDLabel1'>Status: <\/span><span class='rDText1Gruen'>vorhanden<\/span><\/td><td><span class='rDLabel1'>Antolin: <\/span><span class='rDText1Rot'>Quiz nicht vorhanden.<\/span><\/td><\/tr><tr><td width=50%><img src='https:\/\/www.web-rr.de\/GHS-Buecherei\/wp-content\/uploads\/9783761568552.jpg' alt=''><\/td><td><p class='rDLabel2'>von <span class='rDText2'>Anna Koppri<\/span><\/p><p class='rDLabel2'>Verlag: <span class='rDText2'>Neukirchener Verlag,  2022,  15.00 \u20ac<\/span><\/p><p class='rDLabel2'>B\u00fccherei-Barcode: <span class='rDText2'>9783761568552<\/span><\/p><p class='rDLabel2'>In der B\u00fccherei erfasst am: <span class='rDText2'>29.09.2024<\/span><\/p><p class='rDLabel2'>Stichw\u00f6rter: <span class='rDText2'>Familie, Sterben, Trauer, Abschied<\/span><\/p><p class='rDLabel2'>Lesealter ca. <span class='rDText2'>8<\/span><span class='rDLabel2'> Jahre<\/span><\/p><p class='rDLabel2'>Das Buch wurde <span class='rDText2'>0<\/span><span class='rDLabel2'> mal gelesen.<\/span><\/p><\/td><\/tr><tr><td colspan='2'><p class='rDLabel1'>Inhalt:<\/p><span class='rDText2'>Die vierj\u00e4hrige Elea und ihr zweij\u00e4hriger Bruder Timur freuen sich auf ihr neues Geschwisterchen. Noch ist ihre kleine Schwester Marlene in Mamas Bauch, der immer gr\u00f6\u00dfer wird. Doch eines Morgens fahren Mama und Papa ins Krankenhaus. Als sie zur\u00fcckkommen, haben sie ein ganz kleines Baby mitgebracht, das nicht mehr lebt. Mama und Papa weinen und auch Timur und Elea sind traurig. In Ruhe nehmen sie als Familie Abschied. Sp\u00e4ter gibt es eine gro\u00dfe bunte Abschiedsfeier f\u00fcr Marlene, die ab jetzt wie ihre Oma bei Gott im Himmel wohnt. Alle tr\u00f6stet der Gedanke, die beiden dort einmal wieder zu sehen. Zu Marlenes erstem Geburtstag macht die ganze Familie ein Picknick auf der Wiese mit Kuchen und Geburtstagslied, denn Marlene bleibt f\u00fcr sie ein Teil ihrer Familie. Dieses liebevoll illustrierte und einf\u00fchlsam erz\u00e4hlte Kinderbuch m\u00f6chte Kinder im Vor- und Grundschulalter (ab 3 Jahren) und ihre Familien begleiten, die in einem sp\u00e4ten Schwangerschaftsstadium ein Geschwisterkind verloren haben. Im Anschluss an die Geschichte gibt es einen Sachteil und weiterf\u00fchrende Links f\u00fcr Eltern und Angeh\u00f6rige zum Thema Sternenkinder und Stille Geburt.<\/span><\/td><\/tr><tr><td colspan='2'><a href='#' onclick='history.back(); return false'>Zur\u00fcck<\/a><\/td><\/tr><\/tbody><\/table>\n","protected":false},"excerpt":{"rendered":"<p>&#8211;<\/p>\n","protected":false},"author":1,"featured_media":0,"parent":0,"menu_order":0,"comment_status":"closed","ping_status":"closed","template":"","meta":[],"_links":{"self":[{"href":"https:\/\/www.web-rr.de\/GHS-Buecherei\/index.php\/wp-json\/wp\/v2\/pages\/16544"}],"collection":[{"href":"https:\/\/www.web-rr.de\/GHS-Buecherei\/index.php\/wp-json\/wp\/v2\/pages"}],"about":[{"href":"https:\/\/www.web-rr.de\/GHS-Buecherei\/index.php\/wp-json\/wp\/v2\/types\/page"}],"author":[{"embeddable":true,"href":"https:\/\/www.web-rr.de\/GHS-Buecherei\/index.php\/wp-json\/wp\/v2\/users\/1"}],"replies":[{"embeddable":true,"href":"https:\/\/www.web-rr.de\/GHS-Buecherei\/index.php\/wp-json\/wp\/v2\/comments?post=16544"}],"version-history":[{"count":0,"href":"https:\/\/www.web-rr.de\/GHS-Buecherei\/index.php\/wp-json\/wp\/v2\/pages\/16544\/revisions"}],"wp:attachment":[{"href":"https:\/\/www.web-rr.de\/GHS-Buecherei\/index.php\/wp-json\/wp\/v2\/media?parent=16544"}],"curies":[{"name":"wp","href":"https:\/\/api.w.org\/{rel}","templated":true}]}}