{"id":16543,"date":"2021-05-21T10:00:00","date_gmt":"2021-05-21T10:00:00","guid":{"rendered":"https:\/\/www.web-rr.de\/GHS-Buecherei\/?page_id=16543"},"modified":"2021-05-21T23:00:00","modified_gmt":"2021-05-21T23:00:00","slug":"p9783579062846","status":"publish","type":"page","link":"https:\/\/www.web-rr.de\/GHS-Buecherei\/index.php\/p9783579062846\/","title":{"rendered":"Religion 123"},"content":{"rendered":"<table><tbody><tr><td class='rDTitel' colspan='2'>Unsere allerbeste Kinderbibel: 43 Bibelgeschichten des Alten und Neuen Testaments.<\/td><\/tr><tr><td><span class='rDLabel1'>Status: <\/span><span class='rDText1Gruen'>vorhanden<\/span><\/td><td><span class='rDLabel1'>Antolin: <\/span><span class='rDText1Rot'>Quiz nicht vorhanden.<\/span><\/td><\/tr><tr><td width=50%><img src='https:\/\/www.web-rr.de\/GHS-Buecherei\/wp-content\/uploads\/9783579062846.jpg' alt=''><\/td><td><p class='rDLabel2'>von <span class='rDText2'>S\u00f6ren Dalevi, Marcus-Gunnar Pettersson<\/span><\/p><p class='rDLabel2'>Verlag: <span class='rDText2'>,  2022,  28.00 \u20ac<\/span><\/p><p class='rDLabel2'>B\u00fccherei-Barcode: <span class='rDText2'>9783579062846<\/span><\/p><p class='rDLabel2'>In der B\u00fccherei erfasst am: <span class='rDText2'>29.09.2024<\/span><\/p><p class='rDLabel2'>Stichw\u00f6rter: <span class='rDText2'>Gebete, Lieder, Gedichte, Leseb\u00e4ndchen, Bibel<\/span><\/p><p class='rDLabel2'>Lesealter ca. <span class='rDText2'>8<\/span><span class='rDLabel2'> Jahre<\/span><\/p><p class='rDLabel2'>Das Buch wurde <span class='rDText2'>0<\/span><span class='rDLabel2'> mal gelesen.<\/span><\/p><\/td><\/tr><tr><td colspan='2'><p class='rDLabel1'>Inhalt:<\/p><span class='rDText2'>Mit doppelseitigen Bildern, dazu Gebete, Lieder, Gedichte und Leseb\u00e4ndchen \u2013 eine Kinderbibel, wie es sie noch nie gegeben hat\r\nEine Kinderbibel, wie es sie noch nicht gegeben hat!\r\nBischof S\u00f6ren Dalevi hat die alten Texte kindgerecht neu \u00fcbersetzt und einen ganz besonderen Ton gefunden, nicht abgedroschen, nicht moralisierend, nicht s\u00fc\u00dflich. Direkt, packend und leicht verst\u00e4ndlich erz\u00e4hlt er dramatische Geschichten von Freundschaft und Verrat, Mut, Vers\u00f6hnung und Hoffnung.\r\nMarcus-Gunnar Pettersson hat fantastische Bilder geschaffen! Detailliert, energiegeladen und lebendig verbinden sie die biblischen Erz\u00e4hlungen auf clevere Weise mit unserer Gegenwart.\r\nZusammen mit den erg\u00e4nzenden Liedern und Gebeten eine Erz\u00e4hl-, Vorlese- und Mitmachbibel, die begeistert!<\/span><\/td><\/tr><tr><td colspan='2'><a href='#' onclick='history.back(); return false'>Zur\u00fcck<\/a><\/td><\/tr><\/tbody><\/table>\n","protected":false},"excerpt":{"rendered":"<p>&#8211;<\/p>\n","protected":false},"author":1,"featured_media":0,"parent":0,"menu_order":0,"comment_status":"closed","ping_status":"closed","template":"","meta":[],"_links":{"self":[{"href":"https:\/\/www.web-rr.de\/GHS-Buecherei\/index.php\/wp-json\/wp\/v2\/pages\/16543"}],"collection":[{"href":"https:\/\/www.web-rr.de\/GHS-Buecherei\/index.php\/wp-json\/wp\/v2\/pages"}],"about":[{"href":"https:\/\/www.web-rr.de\/GHS-Buecherei\/index.php\/wp-json\/wp\/v2\/types\/page"}],"author":[{"embeddable":true,"href":"https:\/\/www.web-rr.de\/GHS-Buecherei\/index.php\/wp-json\/wp\/v2\/users\/1"}],"replies":[{"embeddable":true,"href":"https:\/\/www.web-rr.de\/GHS-Buecherei\/index.php\/wp-json\/wp\/v2\/comments?post=16543"}],"version-history":[{"count":0,"href":"https:\/\/www.web-rr.de\/GHS-Buecherei\/index.php\/wp-json\/wp\/v2\/pages\/16543\/revisions"}],"wp:attachment":[{"href":"https:\/\/www.web-rr.de\/GHS-Buecherei\/index.php\/wp-json\/wp\/v2\/media?parent=16543"}],"curies":[{"name":"wp","href":"https:\/\/api.w.org\/{rel}","templated":true}]}}