{"id":16540,"date":"2021-05-21T10:00:00","date_gmt":"2021-05-21T10:00:00","guid":{"rendered":"https:\/\/www.web-rr.de\/GHS-Buecherei\/?page_id=16540"},"modified":"2021-05-21T23:00:00","modified_gmt":"2021-05-21T23:00:00","slug":"p9783990820780","status":"publish","type":"page","link":"https:\/\/www.web-rr.de\/GHS-Buecherei\/index.php\/p9783990820780\/","title":{"rendered":"Englisch &#8211; Gef\u00fchle 09"},"content":{"rendered":"<table><tbody><tr><td class='rDTitel' colspan='2'>Meine kleine gro\u00dfe Schwester macht die Welt sooo bunt! My little big sister makes the world sooo colorful!<\/td><\/tr><tr><td><span class='rDLabel1'>Status: <\/span><span class='rDText1Gruen'>vorhanden<\/span><\/td><td><span class='rDLabel1'>Antolin: <\/span><span class='rDText1Gruen'>ja, Empfehlung Klasse 3<\/span><\/td><\/tr><tr><td width=50%><img src='https:\/\/www.web-rr.de\/GHS-Buecherei\/wp-content\/uploads\/9783990820780.jpg' alt=''><\/td><td><p class='rDLabel2'>von <span class='rDText2'>Anika Slawinski<\/span><\/p><p class='rDLabel2'>Verlag: <span class='rDText2'>edition riedenburg,  2021,  14.90 \u20ac<\/span><\/p><p class='rDLabel2'>B\u00fccherei-Barcode: <span class='rDText2'>9783990820780<\/span><\/p><p class='rDLabel2'>In der B\u00fccherei erfasst am: <span class='rDText2'>28.09.2024<\/span><\/p><p class='rDLabel2'>Stichw\u00f6rter: <span class='rDText2'>Englisch, Deutsch, Zauberwesen, Familie, Behinderung<\/span><\/p><p class='rDLabel2'>Lesealter ca. <span class='rDText2'>8<\/span><span class='rDLabel2'> Jahre<\/span><\/p><p class='rDLabel2'>Das Buch wurde <span class='rDText2'>0<\/span><span class='rDLabel2'> mal gelesen.<\/span><\/p><\/td><\/tr><tr><td colspan='2'><p class='rDLabel1'>Inhalt:<\/p><span class='rDText2'>Leilani ist ein Zauberwesen \u2013 das findet jedenfalls ihr kleiner Bruder Liron. Sie kam mit einem genetischen Defekt \u2013 dem 5p-minus Syndrom \u2013 zur Welt und ist ganz anders als andere M\u00e4dchen in ihrem Alter. Obwohl Leilani zw\u00f6lf ist und Liron sechs, f\u00fchlt es sich an, als sei sie seine kleine Schwester. Eine \u201ekleine\u201c gro\u00dfe Schwester eben. Leilani h\u00e4lt ihre Familie immer auf Trab. Und sie hat eine besondere Gabe: Sie verzaubert alle mit ihrem \u201eLeilani-Charme\u201c. K\u00f6nnte Leilani sprechen, so h\u00e4tte sie ein paar tolle Ideen f\u00fcr Alltagsrituale, die das Leben leichter machen. Liron hat sich schon ein paar abgeschaut \u2013 und teilt sie mit euch. Dieses Buch gibt einen liebevollen Einblick in den Alltag mit einem besonderen Geschwisterkind. Und es zeigt, was wir alle von Menschen lernen k\u00f6nnen, die anders sind. Band 3 der Reihe \u201eRituale f\u00fcr Familien\u201c Leilani is an enchanted mermaid \u2013 at least, that\u2019s what her little brother Liron thinks. She was born with a genetic defect \u2013 the 5p-minus syndrome \u2013 and she is very different to other girls her age. Even though Leilani is twelve years old and Liron just six, it feels like she is his little sister. A \u201clittle\u201d big sister, actually. Leilani knows perfectly how to keep her family busy. And she has a gift: she can cast a spell on people with her very special \u201cLeilani charm\u201d. If she were able to talk, she would give you all sorts of great ideas on how to enjoy life and make it more light-hearted. Liron has taken some of her daily rituals and shares them with you. This book gives an intimate insight into everyday life with a sibling with special needs. It shows us all what we can learn from people who are different. zweisprachig Deutsch-Englisch<\/span><\/td><\/tr><tr><td colspan='2'><a href='#' onclick='history.back(); return false'>Zur\u00fcck<\/a><\/td><\/tr><\/tbody><\/table>\n","protected":false},"excerpt":{"rendered":"<p>&#8211;<\/p>\n","protected":false},"author":1,"featured_media":0,"parent":0,"menu_order":0,"comment_status":"closed","ping_status":"closed","template":"","meta":[],"_links":{"self":[{"href":"https:\/\/www.web-rr.de\/GHS-Buecherei\/index.php\/wp-json\/wp\/v2\/pages\/16540"}],"collection":[{"href":"https:\/\/www.web-rr.de\/GHS-Buecherei\/index.php\/wp-json\/wp\/v2\/pages"}],"about":[{"href":"https:\/\/www.web-rr.de\/GHS-Buecherei\/index.php\/wp-json\/wp\/v2\/types\/page"}],"author":[{"embeddable":true,"href":"https:\/\/www.web-rr.de\/GHS-Buecherei\/index.php\/wp-json\/wp\/v2\/users\/1"}],"replies":[{"embeddable":true,"href":"https:\/\/www.web-rr.de\/GHS-Buecherei\/index.php\/wp-json\/wp\/v2\/comments?post=16540"}],"version-history":[{"count":0,"href":"https:\/\/www.web-rr.de\/GHS-Buecherei\/index.php\/wp-json\/wp\/v2\/pages\/16540\/revisions"}],"wp:attachment":[{"href":"https:\/\/www.web-rr.de\/GHS-Buecherei\/index.php\/wp-json\/wp\/v2\/media?parent=16540"}],"curies":[{"name":"wp","href":"https:\/\/api.w.org\/{rel}","templated":true}]}}