{"id":16538,"date":"2021-05-21T10:00:00","date_gmt":"2021-05-21T10:00:00","guid":{"rendered":"https:\/\/www.web-rr.de\/GHS-Buecherei\/?page_id=16538"},"modified":"2021-05-21T23:00:00","modified_gmt":"2021-05-21T23:00:00","slug":"p9783831043675","status":"publish","type":"page","link":"https:\/\/www.web-rr.de\/GHS-Buecherei\/index.php\/p9783831043675\/","title":{"rendered":"Natur &#8211; Dinos 14"},"content":{"rendered":"<table><tbody><tr><td class='rDTitel' colspan='2'>Leben im Lauf der Zeit: Die Entwicklung des Lebens auf der Erde<\/td><\/tr><tr><td><span class='rDLabel1'>Status: <\/span><span class='rDText1Gruen'>vorhanden<\/span><\/td><td><span class='rDLabel1'>Antolin: <\/span><span class='rDText1Gruen'>ja, Empfehlung Klasse 4<\/span><\/td><\/tr><tr><td width=50%><img src='https:\/\/www.web-rr.de\/GHS-Buecherei\/wp-content\/uploads\/9783831043675.jpg' alt=''><\/td><td><p class='rDLabel2'>von <span class='rDText2'>John Woodward und Elena Bruns<\/span><\/p><p class='rDLabel2'>Verlag: <span class='rDText2'>Dorling Kindersley Verlag,  2022,  16.65 \u20ac<\/span><\/p><p class='rDLabel2'>B\u00fccherei-Barcode: <span class='rDText2'>9783831043675<\/span><\/p><p class='rDLabel2'>In der B\u00fccherei erfasst am: <span class='rDText2'>28.09.2024<\/span><\/p><p class='rDLabel2'>Stichw\u00f6rter: <span class='rDText2'>Dinosaurier, Riesens\u00e4ugetiere, Evolution, Pflanzen, Tiere<\/span><\/p><p class='rDLabel2'>Lesealter ca. <span class='rDText2'>8<\/span><span class='rDLabel2'> Jahre<\/span><\/p><p class='rDLabel2'>Das Buch wurde <span class='rDText2'>0<\/span><span class='rDLabel2'> mal gelesen.<\/span><\/p><\/td><\/tr><tr><td colspan='2'><p class='rDLabel1'>Inhalt:<\/p><span class='rDText2'>Wie sah die Erde vor 700 Millionen Jahren aus?\r\nVon den ersten Einzellern \u00fcber Dinosaurier und Riesens\u00e4ugetiere bis hin zu den fr\u00fchen Menschen \u2013 dieses detailreiche Sachbuch pr\u00e4sentiert auf \u00fcberw\u00e4ltigende Weise den Lauf der Evolution. Die unglaublich detailreichen, am Computer erstellten Grafiken zeigen Landschaften aus vergangenen Zeiten, die vor Leben wimmeln und beim Betrachten immer neue Besonderheiten offenbaren. Eine kurzweilige Zeitreise durch die Evolution zum Staunen!\r\nEine Geschichte der Ver\u00e4nderung\r\nSo wie wir das Leben heute kennen, hat es sich im Laufe von Jahrmillionen gebildet. Dieses Sachbuch ab 8 Jahren erweckt die Evolution zum Leben. In 14 fantastischen Wimmelbildern reist es durch die Entwicklung des Lebens. Riesen-Haie, Tyrannosaurus Rex, Mammuts \u2013 die Stars der Erdgeschichte sind ebenso vertreten wie eher unbekannte Lebewesen. Jede der gro\u00dfformatigen Doppelseiten setzt eine andere Landschaft in Szene \u2013 ein bestimmter Augenblick der Erdgeschichte voller Leben. Auf jeder Seite werden die wichtigsten Lebewesen und Pflanzen noch einmal extra herausgehoben und in kleinen Bildern um die jeweilige Szene herum angeordnet.<\/span><\/td><\/tr><tr><td colspan='2'><a href='#' onclick='history.back(); return false'>Zur\u00fcck<\/a><\/td><\/tr><\/tbody><\/table>\n","protected":false},"excerpt":{"rendered":"<p>&#8211;<\/p>\n","protected":false},"author":1,"featured_media":0,"parent":0,"menu_order":0,"comment_status":"closed","ping_status":"closed","template":"","meta":[],"_links":{"self":[{"href":"https:\/\/www.web-rr.de\/GHS-Buecherei\/index.php\/wp-json\/wp\/v2\/pages\/16538"}],"collection":[{"href":"https:\/\/www.web-rr.de\/GHS-Buecherei\/index.php\/wp-json\/wp\/v2\/pages"}],"about":[{"href":"https:\/\/www.web-rr.de\/GHS-Buecherei\/index.php\/wp-json\/wp\/v2\/types\/page"}],"author":[{"embeddable":true,"href":"https:\/\/www.web-rr.de\/GHS-Buecherei\/index.php\/wp-json\/wp\/v2\/users\/1"}],"replies":[{"embeddable":true,"href":"https:\/\/www.web-rr.de\/GHS-Buecherei\/index.php\/wp-json\/wp\/v2\/comments?post=16538"}],"version-history":[{"count":0,"href":"https:\/\/www.web-rr.de\/GHS-Buecherei\/index.php\/wp-json\/wp\/v2\/pages\/16538\/revisions"}],"wp:attachment":[{"href":"https:\/\/www.web-rr.de\/GHS-Buecherei\/index.php\/wp-json\/wp\/v2\/media?parent=16538"}],"curies":[{"name":"wp","href":"https:\/\/api.w.org\/{rel}","templated":true}]}}