{"id":16527,"date":"2021-05-21T10:00:00","date_gmt":"2021-05-21T10:00:00","guid":{"rendered":"https:\/\/www.web-rr.de\/GHS-Buecherei\/?page_id=16527"},"modified":"2021-05-21T23:00:00","modified_gmt":"2021-05-21T23:00:00","slug":"p9783817429813","status":"publish","type":"page","link":"https:\/\/www.web-rr.de\/GHS-Buecherei\/index.php\/p9783817429813\/","title":{"rendered":"Lexika 22"},"content":{"rendered":"<table><tbody><tr><td class='rDTitel' colspan='2'>Superschlaues Wissen f\u00fcr Kids<\/td><\/tr><tr><td><span class='rDLabel1'>Status: <\/span><span class='rDText1Gruen'>vorhanden<\/span><\/td><td><span class='rDLabel1'>Antolin: <\/span><span class='rDText1Gruen'>ja, Empfehlung Klasse 5<\/span><\/td><\/tr><tr><td width=50%><img src='https:\/\/www.web-rr.de\/GHS-Buecherei\/wp-content\/uploads\/9783817429813.jpg' alt=''><\/td><td><p class='rDLabel2'>von <span class='rDText2'>Heidi Dr. Schooltink, Karolin K\u00fcntzel<\/span><\/p><p class='rDLabel2'>Verlag: <span class='rDText2'>Circon Verlag GmbH,  2021,  16.00 \u20ac<\/span><\/p><p class='rDLabel2'>B\u00fccherei-Barcode: <span class='rDText2'>9783817429813<\/span><\/p><p class='rDLabel2'>In der B\u00fccherei erfasst am: <span class='rDText2'>26.09.2024<\/span><\/p><p class='rDLabel2'>Stichw\u00f6rter: <span class='rDText2'>Planet, Kultur, Geschichte, K\u00f6rper, Weltraum, Naturwissenschaft, Pfanzen, Tiere<\/span><\/p><p class='rDLabel2'>Lesealter ca. <span class='rDText2'>9<\/span><span class='rDLabel2'> Jahre<\/span><\/p><p class='rDLabel2'>Das Buch wurde <span class='rDText2'>0<\/span><span class='rDLabel2'> mal gelesen.<\/span><\/p><\/td><\/tr><tr><td colspan='2'><p class='rDLabel1'>Inhalt:<\/p><span class='rDText2'>Viele Eltern werden ganz oft von ihren wissenshungrigen Kindern mit neugierigen Fragen gel\u00f6chert: Wie entstehen die Jahreszeiten? Wer waren die Wikinger? Wer hat vor uns auf der Erde gelebt? \u201eSuperschlaues Wissen f\u00fcr Kids\u201c liefert die Antworten auf viele Kinderfragen! In diesem Sachbuch ab 6 Jahren wird Kindern alles, was sie interessiert bzw. was sie in diesem Alter lernen sollten, einfach und kindgerecht erkl\u00e4rt. Spannendes Wissen aus den Bereichen \u201eUnsere Erde\u201c, \u201eTiere\u201c, \u201ePflanzen\u201c, \u201eMenschlicher K\u00f6rper\u201c, \u201eKultur\u201c, \u201eGeschichte\u201c, \u201eWeltraum\u201c und \u201eNaturwissenschaft\u201c stillt den Wissenshunger und wird die Kids in Staunen versetzen.\r\nSpannendes und lebendiges Kinderwissen\r\nHier gibt\u2019s die geballte Ladung Wissen f\u00fcr neugierige Kids! Wie vermehren sich Pflanzen? Mit welchen Tricks \u00fcberleben Tiere in der W\u00fcste? Wie funktioniert unser Gehirn und was ist \u00fcberhaupt Magnetismus? Dieses Sachbuch dient als eine Art umfassendes Nachschlagewerk zu den wichtigsten Themen, die wissenshungrigen Kindern auf den N\u00e4geln brennen. F\u00fcr Spa\u00df und Auflockerung zwischendurch sorgen witzige und \u00fcberraschende Fakten.<\/span><\/td><\/tr><tr><td colspan='2'><a href='#' onclick='history.back(); return false'>Zur\u00fcck<\/a><\/td><\/tr><\/tbody><\/table>\n","protected":false},"excerpt":{"rendered":"<p>&#8211;<\/p>\n","protected":false},"author":1,"featured_media":0,"parent":0,"menu_order":0,"comment_status":"closed","ping_status":"closed","template":"","meta":[],"_links":{"self":[{"href":"https:\/\/www.web-rr.de\/GHS-Buecherei\/index.php\/wp-json\/wp\/v2\/pages\/16527"}],"collection":[{"href":"https:\/\/www.web-rr.de\/GHS-Buecherei\/index.php\/wp-json\/wp\/v2\/pages"}],"about":[{"href":"https:\/\/www.web-rr.de\/GHS-Buecherei\/index.php\/wp-json\/wp\/v2\/types\/page"}],"author":[{"embeddable":true,"href":"https:\/\/www.web-rr.de\/GHS-Buecherei\/index.php\/wp-json\/wp\/v2\/users\/1"}],"replies":[{"embeddable":true,"href":"https:\/\/www.web-rr.de\/GHS-Buecherei\/index.php\/wp-json\/wp\/v2\/comments?post=16527"}],"version-history":[{"count":0,"href":"https:\/\/www.web-rr.de\/GHS-Buecherei\/index.php\/wp-json\/wp\/v2\/pages\/16527\/revisions"}],"wp:attachment":[{"href":"https:\/\/www.web-rr.de\/GHS-Buecherei\/index.php\/wp-json\/wp\/v2\/media?parent=16527"}],"curies":[{"name":"wp","href":"https:\/\/api.w.org\/{rel}","templated":true}]}}