{"id":16526,"date":"2021-05-21T10:00:00","date_gmt":"2021-05-21T10:00:00","guid":{"rendered":"https:\/\/www.web-rr.de\/GHS-Buecherei\/?page_id=16526"},"modified":"2021-05-21T23:00:00","modified_gmt":"2021-05-21T23:00:00","slug":"p9783451715822","status":"publish","type":"page","link":"https:\/\/www.web-rr.de\/GHS-Buecherei\/index.php\/p9783451715822\/","title":{"rendered":"Weihnachten 80"},"content":{"rendered":"<table><tbody><tr><td class='rDTitel' colspan='2'>Vom Engel und dem heiligen Kind: Maria erz\u00e4hlt die Weihnachtsgeschichte<\/td><\/tr><tr><td><span class='rDLabel1'>Status: <\/span><span class='rDText1Gruen'>vorhanden<\/span><\/td><td><span class='rDLabel1'>Antolin: <\/span><span class='rDText1Rot'>Quiz nicht vorhanden.<\/span><\/td><\/tr><tr><td width=50%><img src='https:\/\/www.web-rr.de\/GHS-Buecherei\/wp-content\/uploads\/9783451715822.jpg' alt=''><\/td><td><p class='rDLabel2'>von <span class='rDText2'>Willeke Brouwer<\/span><\/p><p class='rDLabel2'>Verlag: <span class='rDText2'>Verlag Herder,  2021,  20.00 \u20ac<\/span><\/p><p class='rDLabel2'>B\u00fccherei-Barcode: <span class='rDText2'>9783451715822<\/span><\/p><p class='rDLabel2'>In der B\u00fccherei erfasst am: <span class='rDText2'>26.09.2024<\/span><\/p><p class='rDLabel2'>Stichw\u00f6rter: <span class='rDText2'>Weihnachten, R\u00f6mer, Israel, Maria, Elisabeth<\/span><\/p><p class='rDLabel2'>Lesealter ca. <span class='rDText2'>-<\/span><span class='rDLabel2'> Jahre<\/span><\/p><p class='rDLabel2'>Das Buch wurde <span class='rDText2'>0<\/span><span class='rDLabel2'> mal gelesen.<\/span><\/p><\/td><\/tr><tr><td colspan='2'><p class='rDLabel1'>Inhalt:<\/p><span class='rDText2'>Die R\u00f6mer herrschen \u00fcber das Land Israel. Die Juden sprechen von einem Kind, das die Rettung bringt. So steht es in den Schriften. Dann erscheint ein Engel. Zwei Frauen werden unerwartet schwanger: Maria und ihre Cousine Elisabeth. Und Josef hat zwei Tr\u00e4ume, die sein Leben ver\u00e4ndern. Ist jetzt die Zeit des angek\u00fcndigten Kindes gekommen \u2026?\r\nIn dieser Graphic Novel berichtet Maria nicht nur von den spannenden Begebenheiten rund um Jesu Geburt, sondern gibt jungen Lesern auch ganz pers\u00f6nliche Einblicke in ihr Leben: Wie f\u00fchlt sich das an, wenn pl\u00f6tzlich ein Engel vor dir steht? Und welche \u00c4ngste und Zweifel \u00fcberkommen dich, wenn du h\u00f6rst, dass du Mutter eines g\u00f6ttlichen Kindes sein wirst? Und wie um Himmels Willen erkl\u00e4rst du das deinem Verlobten?\r\nDie wunderbaren Zeichnungen lassen die Leser in eine fantastische Geschichte eintauchen.<\/span><\/td><\/tr><tr><td colspan='2'><a href='#' onclick='history.back(); return false'>Zur\u00fcck<\/a><\/td><\/tr><\/tbody><\/table>\n","protected":false},"excerpt":{"rendered":"<p>&#8211;<\/p>\n","protected":false},"author":1,"featured_media":0,"parent":0,"menu_order":0,"comment_status":"closed","ping_status":"closed","template":"","meta":[],"_links":{"self":[{"href":"https:\/\/www.web-rr.de\/GHS-Buecherei\/index.php\/wp-json\/wp\/v2\/pages\/16526"}],"collection":[{"href":"https:\/\/www.web-rr.de\/GHS-Buecherei\/index.php\/wp-json\/wp\/v2\/pages"}],"about":[{"href":"https:\/\/www.web-rr.de\/GHS-Buecherei\/index.php\/wp-json\/wp\/v2\/types\/page"}],"author":[{"embeddable":true,"href":"https:\/\/www.web-rr.de\/GHS-Buecherei\/index.php\/wp-json\/wp\/v2\/users\/1"}],"replies":[{"embeddable":true,"href":"https:\/\/www.web-rr.de\/GHS-Buecherei\/index.php\/wp-json\/wp\/v2\/comments?post=16526"}],"version-history":[{"count":0,"href":"https:\/\/www.web-rr.de\/GHS-Buecherei\/index.php\/wp-json\/wp\/v2\/pages\/16526\/revisions"}],"wp:attachment":[{"href":"https:\/\/www.web-rr.de\/GHS-Buecherei\/index.php\/wp-json\/wp\/v2\/media?parent=16526"}],"curies":[{"name":"wp","href":"https:\/\/api.w.org\/{rel}","templated":true}]}}