{"id":16402,"date":"2021-05-21T10:00:00","date_gmt":"2021-05-21T10:00:00","guid":{"rendered":"https:\/\/www.web-rr.de\/GHS-Buecherei\/?page_id=16402"},"modified":"2021-05-21T23:00:00","modified_gmt":"2021-05-21T23:00:00","slug":"p9783954701896","status":"publish","type":"page","link":"https:\/\/www.web-rr.de\/GHS-Buecherei\/index.php\/p9783954701896\/","title":{"rendered":"M\u00e4dchen 73"},"content":{"rendered":"<table><tbody><tr><td class='rDTitel' colspan='2'>Mira #freunde #verliebt #einjahrmeineslebens<\/td><\/tr><tr><td><span class='rDLabel1'>Status: <\/span><span class='rDText1Gruen'>vorhanden<\/span><\/td><td><span class='rDLabel1'>Antolin: <\/span><span class='rDText1Gruen'>ja, Empfehlung Klasse 4<\/span><\/td><\/tr><tr><td width=50%><img src='https:\/\/www.web-rr.de\/GHS-Buecherei\/wp-content\/uploads\/9783954701896.jpg' alt=''><\/td><td><p class='rDLabel2'>von <span class='rDText2'>Sabine Lemire , Rasmus Bregnh\u00f8i<\/span><\/p><p class='rDLabel2'>Verlag: <span class='rDText2'>Klett Kinderbuch,  2022,  15.00 \u20ac<\/span><\/p><p class='rDLabel2'>B\u00fccherei-Barcode: <span class='rDText2'>9783954701896<\/span><\/p><p class='rDLabel2'>In der B\u00fccherei erfasst am: <span class='rDText2'>04.08.2024<\/span><\/p><p class='rDLabel2'>Stichw\u00f6rter: <span class='rDText2'>Liebe, Freunde, Freundschaft, Eifersucht<\/span><\/p><p class='rDLabel2'>Lesealter ca. <span class='rDText2'>9<\/span><span class='rDLabel2'> Jahre<\/span><\/p><p class='rDLabel2'>Das Buch wurde <span class='rDText2'>1<\/span><span class='rDLabel2'> mal gelesen.<\/span><\/p><\/td><\/tr><tr><td colspan='2'><p class='rDLabel1'>Inhalt:<\/p><span class='rDText2'>Was soll Mira nur tun? Ihre beste Freundin Jette hat mit der coolen neuen Klassenkameradin einen Club der Verliebten gegr\u00fcndet. Mira darf nicht mitmachen, denn sie war noch nie verliebt. Vielleicht klappt es ja mit ihrem Schulfreund Louis, wenn sie sich beide anstrengen? Und warum verliebt sich Miras Mutter st\u00e4ndig m\u00fchelos, aber ihr selbst gelingt es einfach nicht? Hinrei\u00dfend erz\u00e4hlt uns Mira \u00fcber das Aufwachsen in Zeiten von Instagram, \u00fcber Freundschaft, Eifersucht und dar\u00fcber, wie es ist, eine coole, aber manchmal auch peinliche Mutter zu haben. Ein Jahr in Miras Leben \u2013 witzig, authentisch und ganz im Hier und Jetzt<\/span><\/td><\/tr><tr><td colspan='2'><a href='#' onclick='history.back(); return false'>Zur\u00fcck<\/a><\/td><\/tr><\/tbody><\/table>\n","protected":false},"excerpt":{"rendered":"<p>&#8211;<\/p>\n","protected":false},"author":1,"featured_media":0,"parent":0,"menu_order":0,"comment_status":"closed","ping_status":"closed","template":"","meta":[],"_links":{"self":[{"href":"https:\/\/www.web-rr.de\/GHS-Buecherei\/index.php\/wp-json\/wp\/v2\/pages\/16402"}],"collection":[{"href":"https:\/\/www.web-rr.de\/GHS-Buecherei\/index.php\/wp-json\/wp\/v2\/pages"}],"about":[{"href":"https:\/\/www.web-rr.de\/GHS-Buecherei\/index.php\/wp-json\/wp\/v2\/types\/page"}],"author":[{"embeddable":true,"href":"https:\/\/www.web-rr.de\/GHS-Buecherei\/index.php\/wp-json\/wp\/v2\/users\/1"}],"replies":[{"embeddable":true,"href":"https:\/\/www.web-rr.de\/GHS-Buecherei\/index.php\/wp-json\/wp\/v2\/comments?post=16402"}],"version-history":[{"count":0,"href":"https:\/\/www.web-rr.de\/GHS-Buecherei\/index.php\/wp-json\/wp\/v2\/pages\/16402\/revisions"}],"wp:attachment":[{"href":"https:\/\/www.web-rr.de\/GHS-Buecherei\/index.php\/wp-json\/wp\/v2\/media?parent=16402"}],"curies":[{"name":"wp","href":"https:\/\/api.w.org\/{rel}","templated":true}]}}