{"id":16390,"date":"2021-05-21T10:00:00","date_gmt":"2021-05-21T10:00:00","guid":{"rendered":"https:\/\/www.web-rr.de\/GHS-Buecherei\/?page_id=16390"},"modified":"2021-05-21T23:00:00","modified_gmt":"2021-05-21T23:00:00","slug":"p9783473405510","status":"publish","type":"page","link":"https:\/\/www.web-rr.de\/GHS-Buecherei\/index.php\/p9783473405510\/","title":{"rendered":"Fantasie 93"},"content":{"rendered":"<table><tbody><tr><td class='rDTitel' colspan='2'>Lillys magische Schuhe, Band 1: Die geheime Werkstatt<\/td><\/tr><tr><td><span class='rDLabel1'>Status: <\/span><span class='rDText1Rot'>ausgeliehen<\/span><\/td><td><span class='rDLabel1'>Antolin: <\/span><span class='rDText1Gruen'>ja, Empfehlung Klasse 4<\/span><\/td><\/tr><tr><td width=50%><img src='https:\/\/www.web-rr.de\/GHS-Buecherei\/wp-content\/uploads\/9783473405510.jpg' alt=''><\/td><td><p class='rDLabel2'>von <span class='rDText2'>Usch Luhn und Alica R\u00e4th<\/span><\/p><p class='rDLabel2'>Verlag: <span class='rDText2'>Ravensburger Verlag GmbH,  2020,  12.00 \u20ac<\/span><\/p><p class='rDLabel2'>B\u00fccherei-Barcode: <span class='rDText2'>9783473405510<\/span><\/p><p class='rDLabel2'>In der B\u00fccherei erfasst am: <span class='rDText2'>04.08.2024<\/span><\/p><p class='rDLabel2'>Stichw\u00f6rter: <span class='rDText2'>Spannung, Drache, Spione<\/span><\/p><p class='rDLabel2'>Lesealter ca. <span class='rDText2'>9<\/span><span class='rDLabel2'> Jahre<\/span><\/p><p class='rDLabel2'>Das Buch wurde <span class='rDText2'>0<\/span><span class='rDLabel2'> mal gelesen.<\/span><\/p><\/td><\/tr><tr><td colspan='2'><p class='rDLabel1'>Inhalt:<\/p><span class='rDText2'>Diese magischen Schuhe schenken dir Mut, Selbstvertrauen und St\u00e4rke. Wenn du Lillys Hilfe brauchst, wirst du ihre geheime Schuhwerkstatt finden \u2026\r\nFlorentine m\u00f6chte einfach nur dazugeh\u00f6ren: in ihrer Klasse und in der Fu\u00dfballmannschaft. Wie gut, dass Lilly ihr helfen kann! Sie lernt das Handwerk der magischen Schuhmacherin und wei\u00df: F\u00fcr Florentine w\u00e4ren die Bella Dolores genau richtig. Doch kurz bevor die Schuhe fertig sind, muss die Werkstatt Hals \u00fcber Kopf umziehen. Denn es hat sie jemand aufgesp\u00fcrt, der Lillys F\u00e4higkeiten f\u00fcr seine finsteren Pl\u00e4ne nutzen will \u2026<\/span><\/td><\/tr><tr><td colspan='2'><a href='#' onclick='history.back(); return false'>Zur\u00fcck<\/a><\/td><\/tr><\/tbody><\/table>\n","protected":false},"excerpt":{"rendered":"<p>&#8211;<\/p>\n","protected":false},"author":1,"featured_media":0,"parent":0,"menu_order":0,"comment_status":"closed","ping_status":"closed","template":"","meta":[],"_links":{"self":[{"href":"https:\/\/www.web-rr.de\/GHS-Buecherei\/index.php\/wp-json\/wp\/v2\/pages\/16390"}],"collection":[{"href":"https:\/\/www.web-rr.de\/GHS-Buecherei\/index.php\/wp-json\/wp\/v2\/pages"}],"about":[{"href":"https:\/\/www.web-rr.de\/GHS-Buecherei\/index.php\/wp-json\/wp\/v2\/types\/page"}],"author":[{"embeddable":true,"href":"https:\/\/www.web-rr.de\/GHS-Buecherei\/index.php\/wp-json\/wp\/v2\/users\/1"}],"replies":[{"embeddable":true,"href":"https:\/\/www.web-rr.de\/GHS-Buecherei\/index.php\/wp-json\/wp\/v2\/comments?post=16390"}],"version-history":[{"count":0,"href":"https:\/\/www.web-rr.de\/GHS-Buecherei\/index.php\/wp-json\/wp\/v2\/pages\/16390\/revisions"}],"wp:attachment":[{"href":"https:\/\/www.web-rr.de\/GHS-Buecherei\/index.php\/wp-json\/wp\/v2\/media?parent=16390"}],"curies":[{"name":"wp","href":"https:\/\/api.w.org\/{rel}","templated":true}]}}