{"id":16374,"date":"2021-05-21T10:00:00","date_gmt":"2021-05-21T10:00:00","guid":{"rendered":"https:\/\/www.web-rr.de\/GHS-Buecherei\/?page_id=16374"},"modified":"2021-05-21T23:00:00","modified_gmt":"2021-05-21T23:00:00","slug":"p9783755751779","status":"publish","type":"page","link":"https:\/\/www.web-rr.de\/GHS-Buecherei\/index.php\/p9783755751779\/","title":{"rendered":"Soziales 58"},"content":{"rendered":"<table><tbody><tr><td class='rDTitel' colspan='2'>Tim ist unzufrieden<\/td><\/tr><tr><td><span class='rDLabel1'>Status: <\/span><span class='rDText1Gruen'>vorhanden<\/span><\/td><td><span class='rDLabel1'>Antolin: <\/span><span class='rDText1Rot'>Quiz nicht vorhanden.<\/span><\/td><\/tr><tr><td width=50%><img src='https:\/\/www.web-rr.de\/GHS-Buecherei\/wp-content\/uploads\/9783755751779.jpg' alt=''><\/td><td><p class='rDLabel2'>von <span class='rDText2'>Andreas A. Sutter<\/span><\/p><p class='rDLabel2'>Verlag: <span class='rDText2'>BoD \u2013 Books on Demand,  2021,  10.00 \u20ac<\/span><\/p><p class='rDLabel2'>B\u00fccherei-Barcode: <span class='rDText2'>9783755751779<\/span><\/p><p class='rDLabel2'>In der B\u00fccherei erfasst am: <span class='rDText2'>19.12.2023<\/span><\/p><p class='rDLabel2'>Stichw\u00f6rter: <span class='rDText2'>Wohlstandsgesellschaft, M\u00e4rchen, Spannung<\/span><\/p><p class='rDLabel2'>Lesealter ca. <span class='rDText2'>7<\/span><span class='rDLabel2'> Jahre<\/span><\/p><p class='rDLabel2'>Das Buch wurde <span class='rDText2'>0<\/span><span class='rDLabel2'> mal gelesen.<\/span><\/p><\/td><\/tr><tr><td colspan='2'><p class='rDLabel1'>Inhalt:<\/p><span class='rDText2'>Mit seiner spannend-charmanten M\u00e4rchengeschichte TIM IST UNZUFRIEDEN ruft Sutter dem Leser ein Back to the roots zu und m\u00f6chte den in der heutigen Wohlstandsgesellschaft aufwachsenden Kindern mit diesem M\u00e4rchen vorschlagen, dass weniger mehr sein kann. Das Buch richtet sich an Vorschul- und Grundschulkinder und wird wohl in den meisten F\u00e4llen von den Eltern oder Gro\u00dfeltern vorgelesen. So werden - ganz nebenbei - auch diese mal wieder an das so guttuende Runterkommen, an das Konzentrieren aufs Wesentliche erinnert. Die wundervollen Bilder vom j\u00fcngeren Teil der Zielgruppe unterst\u00fctzen den Text auf naive und trotzdem begeisternde Art und Weise und machen dieses Werk zu einem echten Lese- und Bilderbuch! Der den meisten Eltern wohl gut bekannte Fernseh-Detektiv Josef Matula alias Claus Theo G\u00e4rtner steuert als langj\u00e4hriger und guter Freund von Sutter ein Vorwort bei und erkennt Parallelen zwischen den Vorlesern, den jungen Zuh\u00f6ren und sich: Es geht hier wie da darum, am Ende selbst etwas herauszufinden!<\/span><\/td><\/tr><tr><td colspan='2'><a href='#' onclick='history.back(); return false'>Zur\u00fcck<\/a><\/td><\/tr><\/tbody><\/table>\n","protected":false},"excerpt":{"rendered":"<p>&#8211;<\/p>\n","protected":false},"author":1,"featured_media":0,"parent":0,"menu_order":0,"comment_status":"closed","ping_status":"closed","template":"","meta":[],"_links":{"self":[{"href":"https:\/\/www.web-rr.de\/GHS-Buecherei\/index.php\/wp-json\/wp\/v2\/pages\/16374"}],"collection":[{"href":"https:\/\/www.web-rr.de\/GHS-Buecherei\/index.php\/wp-json\/wp\/v2\/pages"}],"about":[{"href":"https:\/\/www.web-rr.de\/GHS-Buecherei\/index.php\/wp-json\/wp\/v2\/types\/page"}],"author":[{"embeddable":true,"href":"https:\/\/www.web-rr.de\/GHS-Buecherei\/index.php\/wp-json\/wp\/v2\/users\/1"}],"replies":[{"embeddable":true,"href":"https:\/\/www.web-rr.de\/GHS-Buecherei\/index.php\/wp-json\/wp\/v2\/comments?post=16374"}],"version-history":[{"count":0,"href":"https:\/\/www.web-rr.de\/GHS-Buecherei\/index.php\/wp-json\/wp\/v2\/pages\/16374\/revisions"}],"wp:attachment":[{"href":"https:\/\/www.web-rr.de\/GHS-Buecherei\/index.php\/wp-json\/wp\/v2\/media?parent=16374"}],"curies":[{"name":"wp","href":"https:\/\/api.w.org\/{rel}","templated":true}]}}