{"id":16373,"date":"2021-05-21T10:00:00","date_gmt":"2021-05-21T10:00:00","guid":{"rendered":"https:\/\/www.web-rr.de\/GHS-Buecherei\/?page_id=16373"},"modified":"2021-05-21T23:00:00","modified_gmt":"2021-05-21T23:00:00","slug":"p9783964281296","status":"publish","type":"page","link":"https:\/\/www.web-rr.de\/GHS-Buecherei\/index.php\/p9783964281296\/","title":{"rendered":"Soziales 57"},"content":{"rendered":"<table><tbody><tr><td class='rDTitel' colspan='2'>Luca<\/td><\/tr><tr><td><span class='rDLabel1'>Status: <\/span><span class='rDText1Gruen'>vorhanden<\/span><\/td><td><span class='rDLabel1'>Antolin: <\/span><span class='rDText1Rot'>Quiz nicht vorhanden.<\/span><\/td><\/tr><tr><td width=50%><img src='https:\/\/www.web-rr.de\/GHS-Buecherei\/wp-content\/uploads\/9783964281296.jpg' alt=''><\/td><td><p class='rDLabel2'>von <span class='rDText2'>Abstrusa<\/span><\/p><p class='rDLabel2'>Verlag: <span class='rDText2'>Jacoby & Stuart,  2022,  18.00 \u20ac<\/span><\/p><p class='rDLabel2'>B\u00fccherei-Barcode: <span class='rDText2'>9783964281296<\/span><\/p><p class='rDLabel2'>In der B\u00fccherei erfasst am: <span class='rDText2'>19.12.2023<\/span><\/p><p class='rDLabel2'>Stichw\u00f6rter: <span class='rDText2'>Tod, Abschied, Angst, St\u00e4rke<\/span><\/p><p class='rDLabel2'>Lesealter ca. <span class='rDText2'>12<\/span><span class='rDLabel2'> Jahre<\/span><\/p><p class='rDLabel2'>Das Buch wurde <span class='rDText2'>0<\/span><span class='rDLabel2'> mal gelesen.<\/span><\/p><\/td><\/tr><tr><td colspan='2'><p class='rDLabel1'>Inhalt:<\/p><span class='rDText2'>Als Lucas Schwester eines Nachts spurlos verschwindet, beginnt f\u00fcr Luca eine abenteuerliche Reise. Ihr Sturz in die unterirdische H\u00f6hle unter ihrem Haus er\u00f6ffnet dem M\u00e4dchen eine unbekannte Welt voller magischer Kreaturen und gef\u00e4hrlicher Mutproben. Ihr treuer Begleiter, das Gl\u00fchw\u00fcrmchen, weist ihr den Weg \u2026 Die Welt, in die Luca so gelangt, ist voller verschl\u00fcsselter Botschaften und Symbole, die ihr zu verstehen helfen, was sich ereignet hat und was es bedeuten kann. Es finden sich Bez\u00fcge zu den Geschichten von Lewis Carroll und Antoine de Saint-Exup\u00e9ry, zum Studio Ghibli in Japan und den verr\u00fcckten Welten Haruki Murakamis; und auch an Monets Seerosen werden wir erinnert \u2026 Ein magisches Buch \u00fcber den Prozess des Abschieds, das \u00dcberwinden von Angst und das Entdecken der eigenen St\u00e4rke und des Muts. Eine Geschichte \u00fcber Verlust und \u00fcber das Loslassen.<\/span><\/td><\/tr><tr><td colspan='2'><a href='#' onclick='history.back(); return false'>Zur\u00fcck<\/a><\/td><\/tr><\/tbody><\/table>\n","protected":false},"excerpt":{"rendered":"<p>&#8211;<\/p>\n","protected":false},"author":1,"featured_media":0,"parent":0,"menu_order":0,"comment_status":"closed","ping_status":"closed","template":"","meta":[],"_links":{"self":[{"href":"https:\/\/www.web-rr.de\/GHS-Buecherei\/index.php\/wp-json\/wp\/v2\/pages\/16373"}],"collection":[{"href":"https:\/\/www.web-rr.de\/GHS-Buecherei\/index.php\/wp-json\/wp\/v2\/pages"}],"about":[{"href":"https:\/\/www.web-rr.de\/GHS-Buecherei\/index.php\/wp-json\/wp\/v2\/types\/page"}],"author":[{"embeddable":true,"href":"https:\/\/www.web-rr.de\/GHS-Buecherei\/index.php\/wp-json\/wp\/v2\/users\/1"}],"replies":[{"embeddable":true,"href":"https:\/\/www.web-rr.de\/GHS-Buecherei\/index.php\/wp-json\/wp\/v2\/comments?post=16373"}],"version-history":[{"count":0,"href":"https:\/\/www.web-rr.de\/GHS-Buecherei\/index.php\/wp-json\/wp\/v2\/pages\/16373\/revisions"}],"wp:attachment":[{"href":"https:\/\/www.web-rr.de\/GHS-Buecherei\/index.php\/wp-json\/wp\/v2\/media?parent=16373"}],"curies":[{"name":"wp","href":"https:\/\/api.w.org\/{rel}","templated":true}]}}