{"id":16367,"date":"2021-05-21T10:00:00","date_gmt":"2021-05-21T10:00:00","guid":{"rendered":"https:\/\/www.web-rr.de\/GHS-Buecherei\/?page_id=16367"},"modified":"2021-05-21T23:00:00","modified_gmt":"2021-05-21T23:00:00","slug":"p9783954941834","status":"publish","type":"page","link":"https:\/\/www.web-rr.de\/GHS-Buecherei\/index.php\/p9783954941834\/","title":{"rendered":"Soziales 56"},"content":{"rendered":"<table><tbody><tr><td class='rDTitel' colspan='2'>Max und die Kinderrechte<\/td><\/tr><tr><td><span class='rDLabel1'>Status: <\/span><span class='rDText1Gruen'>vorhanden<\/span><\/td><td><span class='rDLabel1'>Antolin: <\/span><span class='rDText1Rot'>Quiz nicht vorhanden.<\/span><\/td><\/tr><tr><td width=50%><img src='https:\/\/www.web-rr.de\/GHS-Buecherei\/wp-content\/uploads\/9783954941834.jpg' alt=''><\/td><td><p class='rDLabel2'>von <span class='rDText2'>Florian M\u00fcller und Elke L\u00f6tters<\/span><\/p><p class='rDLabel2'>Verlag: <span class='rDText2'>Edition Falkenberg,  2019,  12.00 \u20ac<\/span><\/p><p class='rDLabel2'>B\u00fccherei-Barcode: <span class='rDText2'>9783954941834<\/span><\/p><p class='rDLabel2'>In der B\u00fccherei erfasst am: <span class='rDText2'>19.12.2023<\/span><\/p><p class='rDLabel2'>Stichw\u00f6rter: <span class='rDText2'>Rechte, Hautfarbe, Gleichberechtigung, Musik, Mitmachen, Kinder, M\u00e4dchen, Jungen<\/span><\/p><p class='rDLabel2'>Lesealter ca. <span class='rDText2'>7<\/span><span class='rDLabel2'> Jahre<\/span><\/p><p class='rDLabel2'>Das Buch wurde <span class='rDText2'>0<\/span><span class='rDLabel2'> mal gelesen.<\/span><\/p><\/td><\/tr><tr><td colspan='2'><p class='rDLabel1'>Inhalt:<\/p><span class='rDText2'>Neulich bei Max zu Hause! Eigentlich wollte Max mit seiner Freundin spielen, aber die hat leider keine Zeit. Seit Kurzem spielt Johanna n\u00e4mlich Fu\u00dfball in einem richtigen Fu\u00dfballverein. Johanna hat erz\u00e4hlt, dass der Trainer das eigentlich nicht wollte. Er hat gesagt, dass M\u00e4dchen nicht Fu\u00dfball spielen d\u00fcrfen. Aber das stimmt nicht. Denn Kinder haben Rechte und alle Kinder sind gleichberechtigt. Niemand darf einem Kind etwas nicht erlauben, nur weil es ein M\u00e4dchen ist, eine andere Hautfarbe hat, eine andere Sprache spricht oder so. Im dritten Band der Reihe um Max finden Papa und Max heraus, welche Rechte Kinder haben und dass sich diese manchmal ganz sch\u00f6n kompliziert anh\u00f6ren k\u00f6nnen, obwohl sie doch eigentlich ganz einfach sind. Aber ist es auch so einfach, die Kinderrechte einzuhalten? Und wissen \u00fcberhaupt alle Kinder, dass sie Rechte haben und welche das sind? Eine Geschichte \u00fcber Kinderrechte inkl. einer CD mit Musik zum H\u00f6ren und Mitmachen und Mitsingen (26 Tracks). Mit Illustrationen von Elke L\u00f6tters.<\/span><\/td><\/tr><tr><td colspan='2'><a href='#' onclick='history.back(); return false'>Zur\u00fcck<\/a><\/td><\/tr><\/tbody><\/table>\n","protected":false},"excerpt":{"rendered":"<p>&#8211;<\/p>\n","protected":false},"author":1,"featured_media":0,"parent":0,"menu_order":0,"comment_status":"closed","ping_status":"closed","template":"","meta":[],"_links":{"self":[{"href":"https:\/\/www.web-rr.de\/GHS-Buecherei\/index.php\/wp-json\/wp\/v2\/pages\/16367"}],"collection":[{"href":"https:\/\/www.web-rr.de\/GHS-Buecherei\/index.php\/wp-json\/wp\/v2\/pages"}],"about":[{"href":"https:\/\/www.web-rr.de\/GHS-Buecherei\/index.php\/wp-json\/wp\/v2\/types\/page"}],"author":[{"embeddable":true,"href":"https:\/\/www.web-rr.de\/GHS-Buecherei\/index.php\/wp-json\/wp\/v2\/users\/1"}],"replies":[{"embeddable":true,"href":"https:\/\/www.web-rr.de\/GHS-Buecherei\/index.php\/wp-json\/wp\/v2\/comments?post=16367"}],"version-history":[{"count":0,"href":"https:\/\/www.web-rr.de\/GHS-Buecherei\/index.php\/wp-json\/wp\/v2\/pages\/16367\/revisions"}],"wp:attachment":[{"href":"https:\/\/www.web-rr.de\/GHS-Buecherei\/index.php\/wp-json\/wp\/v2\/media?parent=16367"}],"curies":[{"name":"wp","href":"https:\/\/api.w.org\/{rel}","templated":true}]}}