{"id":16366,"date":"2021-05-21T10:00:00","date_gmt":"2021-05-21T10:00:00","guid":{"rendered":"https:\/\/www.web-rr.de\/GHS-Buecherei\/?page_id=16366"},"modified":"2021-05-21T23:00:00","modified_gmt":"2021-05-21T23:00:00","slug":"p9783701182022","status":"publish","type":"page","link":"https:\/\/www.web-rr.de\/GHS-Buecherei\/index.php\/p9783701182022\/","title":{"rendered":"Natur &#8211; Fische 16"},"content":{"rendered":"<table><tbody><tr><td class='rDTitel' colspan='2'>Faszination Krake: Wesen einer unbekannten Welt<\/td><\/tr><tr><td><span class='rDLabel1'>Status: <\/span><span class='rDText1Gruen'>vorhanden<\/span><\/td><td><span class='rDLabel1'>Antolin: <\/span><span class='rDText1Gruen'>ja, Empfehlung Klasse 5<\/span><\/td><\/tr><tr><td width=50%><img src='https:\/\/www.web-rr.de\/GHS-Buecherei\/wp-content\/uploads\/9783701182022.jpg' alt=''><\/td><td><p class='rDLabel2'>von <span class='rDText2'>Michael Stavaric<\/span><\/p><p class='rDLabel2'>Verlag: <span class='rDText2'>Leykam,  2021,  25.00 \u20ac<\/span><\/p><p class='rDLabel2'>B\u00fccherei-Barcode: <span class='rDText2'>9783701182022<\/span><\/p><p class='rDLabel2'>In der B\u00fccherei erfasst am: <span class='rDText2'>19.12.2023<\/span><\/p><p class='rDLabel2'>Stichw\u00f6rter: <span class='rDText2'>Ozean, Weltall, Kraken, Wissen, Abenteuer, Licht, Erde, Evolution, Genetik<\/span><\/p><p class='rDLabel2'>Lesealter ca. <span class='rDText2'>9<\/span><span class='rDLabel2'> Jahre<\/span><\/p><p class='rDLabel2'>Das Buch wurde <span class='rDText2'>0<\/span><span class='rDLabel2'> mal gelesen.<\/span><\/p><\/td><\/tr><tr><td colspan='2'><p class='rDLabel1'>Inhalt:<\/p><span class='rDText2'>Was haben Ozean und Weltall gemeinsam? Wie sind Kraken und Menschen entstanden? Was genau sind Kopff\u00fc\u00dfer - und warum hei\u00dfen die so komisch? Kraken sind die \u00e4ltesten intelligenten Lebewesen unseres Planeten, wahre Aliens , deren F\u00e4higkeiten uns staunen lassen. Michael Stavaric und Mich\u00e8le Ganser haben ein Sachbuch voll \u00fcberraschender Wendungen kreiert, das wesentlich mehr bietet als schlichte Wissensvermittlung. Gemeinsam mit ihren Leser*innen begeben sie sich ins Reich der Kraken und laden ein zum gemeinsamen Abenteuer. Ein Buch, das so ungew\u00f6hnlich wie der Krake selbst ist: zum Mitdenken und Mitmachen, voll witziger Details und plastischer Beschreibungen. Dass man danach zwangsl\u00e4ufig alles Wichtige \u00fcber Licht, Erde, Evolution, Genetik und so weiter wei\u00df, bleibt fast schon ein Nebeneffekt.<\/span><\/td><\/tr><tr><td colspan='2'><a href='#' onclick='history.back(); return false'>Zur\u00fcck<\/a><\/td><\/tr><\/tbody><\/table>\n","protected":false},"excerpt":{"rendered":"<p>&#8211;<\/p>\n","protected":false},"author":1,"featured_media":0,"parent":0,"menu_order":0,"comment_status":"closed","ping_status":"closed","template":"","meta":[],"_links":{"self":[{"href":"https:\/\/www.web-rr.de\/GHS-Buecherei\/index.php\/wp-json\/wp\/v2\/pages\/16366"}],"collection":[{"href":"https:\/\/www.web-rr.de\/GHS-Buecherei\/index.php\/wp-json\/wp\/v2\/pages"}],"about":[{"href":"https:\/\/www.web-rr.de\/GHS-Buecherei\/index.php\/wp-json\/wp\/v2\/types\/page"}],"author":[{"embeddable":true,"href":"https:\/\/www.web-rr.de\/GHS-Buecherei\/index.php\/wp-json\/wp\/v2\/users\/1"}],"replies":[{"embeddable":true,"href":"https:\/\/www.web-rr.de\/GHS-Buecherei\/index.php\/wp-json\/wp\/v2\/comments?post=16366"}],"version-history":[{"count":0,"href":"https:\/\/www.web-rr.de\/GHS-Buecherei\/index.php\/wp-json\/wp\/v2\/pages\/16366\/revisions"}],"wp:attachment":[{"href":"https:\/\/www.web-rr.de\/GHS-Buecherei\/index.php\/wp-json\/wp\/v2\/media?parent=16366"}],"curies":[{"name":"wp","href":"https:\/\/api.w.org\/{rel}","templated":true}]}}