{"id":16363,"date":"2021-05-21T10:00:00","date_gmt":"2021-05-21T10:00:00","guid":{"rendered":"https:\/\/www.web-rr.de\/GHS-Buecherei\/?page_id=16363"},"modified":"2021-05-21T23:00:00","modified_gmt":"2021-05-21T23:00:00","slug":"p9783865024626","status":"publish","type":"page","link":"https:\/\/www.web-rr.de\/GHS-Buecherei\/index.php\/p9783865024626\/","title":{"rendered":"Lexika 20"},"content":{"rendered":"<table><tbody><tr><td class='rDTitel' colspan='2'>Die Enzyklop\u00e4die der unglaublichen Fakten<\/td><\/tr><tr><td><span class='rDLabel1'>Status: <\/span><span class='rDText1Gruen'>vorhanden<\/span><\/td><td><span class='rDLabel1'>Antolin: <\/span><span class='rDText1Rot'>Quiz nicht vorhanden.<\/span><\/td><\/tr><tr><td width=50%><img src='https:\/\/www.web-rr.de\/GHS-Buecherei\/wp-content\/uploads\/9783865024626.jpg' alt=''><\/td><td><p class='rDLabel2'>von <span class='rDText2'>Jane Wilsher und Louise Lockhart<\/span><\/p><p class='rDLabel2'>Verlag: <span class='rDText2'>E.A. Seemann in E.A. Seemann Henschel GmbH & Co. KG,  2021,  24.00 \u20ac<\/span><\/p><p class='rDLabel2'>B\u00fccherei-Barcode: <span class='rDText2'>9783865024626<\/span><\/p><p class='rDLabel2'>In der B\u00fccherei erfasst am: <span class='rDText2'>18.12.2023<\/span><\/p><p class='rDLabel2'>Stichw\u00f6rter: <span class='rDText2'>Wissen, Weltalt, Welt, Kunst, Bakterien<\/span><\/p><p class='rDLabel2'>Lesealter ca. <span class='rDText2'>8<\/span><span class='rDLabel2'> Jahre<\/span><\/p><p class='rDLabel2'>Das Buch wurde <span class='rDText2'>0<\/span><span class='rDLabel2'> mal gelesen.<\/span><\/p><\/td><\/tr><tr><td colspan='2'><p class='rDLabel1'>Inhalt:<\/p><span class='rDText2'>500 Fragen und Antworten, die deine Freunde garantiert umhauen. Die verbl\u00fcffendsten Erkenntnisse \u00fcber die Welt, vom Inneren des K\u00f6rpers bis zum Weltraum, sind hier in 500 Fragen und Antworten versammelt. Dieses gro\u00dfe Buch f\u00fcr alle, die alles wissen wollen, wird fragew\u00fctige und faktenliebende Kinder begeistern. Die Antworten auf die ungew\u00f6hnlichen Wissens-Fragen sind unglaublich spannend und m\u00fcssen sofort mit Freund:innen und Familie geteilt werden. Welches Kunstwerk hat einen eigenen Briefkasten? Wie lang ist eigentlich eine Zeptosekunde? Wie viele Arten von Bakterien gibt es in deinem Bauchnabel? Und was passiert mit der schmutzigen W\u00e4sche der Astronaut:innen? All das und mehr kann man in diesem Buch der unglaublichen Fakten erfahren. Ein Buch zum Eintauchen und die Zeit vergessen, so viel Neues gibt es zu entdecken.<\/span><\/td><\/tr><tr><td colspan='2'><a href='#' onclick='history.back(); return false'>Zur\u00fcck<\/a><\/td><\/tr><\/tbody><\/table>\n","protected":false},"excerpt":{"rendered":"<p>&#8211;<\/p>\n","protected":false},"author":1,"featured_media":0,"parent":0,"menu_order":0,"comment_status":"closed","ping_status":"closed","template":"","meta":[],"_links":{"self":[{"href":"https:\/\/www.web-rr.de\/GHS-Buecherei\/index.php\/wp-json\/wp\/v2\/pages\/16363"}],"collection":[{"href":"https:\/\/www.web-rr.de\/GHS-Buecherei\/index.php\/wp-json\/wp\/v2\/pages"}],"about":[{"href":"https:\/\/www.web-rr.de\/GHS-Buecherei\/index.php\/wp-json\/wp\/v2\/types\/page"}],"author":[{"embeddable":true,"href":"https:\/\/www.web-rr.de\/GHS-Buecherei\/index.php\/wp-json\/wp\/v2\/users\/1"}],"replies":[{"embeddable":true,"href":"https:\/\/www.web-rr.de\/GHS-Buecherei\/index.php\/wp-json\/wp\/v2\/comments?post=16363"}],"version-history":[{"count":0,"href":"https:\/\/www.web-rr.de\/GHS-Buecherei\/index.php\/wp-json\/wp\/v2\/pages\/16363\/revisions"}],"wp:attachment":[{"href":"https:\/\/www.web-rr.de\/GHS-Buecherei\/index.php\/wp-json\/wp\/v2\/media?parent=16363"}],"curies":[{"name":"wp","href":"https:\/\/api.w.org\/{rel}","templated":true}]}}