{"id":16359,"date":"2021-05-21T10:00:00","date_gmt":"2021-05-21T10:00:00","guid":{"rendered":"https:\/\/www.web-rr.de\/GHS-Buecherei\/?page_id=16359"},"modified":"2021-05-21T23:00:00","modified_gmt":"2021-05-21T23:00:00","slug":"p9783956512766","status":"publish","type":"page","link":"https:\/\/www.web-rr.de\/GHS-Buecherei\/index.php\/p9783956512766\/","title":{"rendered":"Technik &#8211; Fahrzeuge 18"},"content":{"rendered":"<table><tbody><tr><td class='rDTitel' colspan='2'>Dorf mit Stra\u00dfenbahn: Auf Schienen kreuz und quer durch Bremen<\/td><\/tr><tr><td><span class='rDLabel1'>Status: <\/span><span class='rDText1Gruen'>vorhanden<\/span><\/td><td><span class='rDLabel1'>Antolin: <\/span><span class='rDText1Rot'>Quiz nicht vorhanden.<\/span><\/td><\/tr><tr><td width=50%><img src='https:\/\/www.web-rr.de\/GHS-Buecherei\/wp-content\/uploads\/9783956512766.jpg' alt=''><\/td><td><p class='rDLabel2'>von <span class='rDText2'>Dirk B\u00f6hling<\/span><\/p><p class='rDLabel2'>Verlag: <span class='rDText2'>Kellner Verlag,  2020,  10.00 \u20ac<\/span><\/p><p class='rDLabel2'>B\u00fccherei-Barcode: <span class='rDText2'>9783956512766<\/span><\/p><p class='rDLabel2'>In der B\u00fccherei erfasst am: <span class='rDText2'>18.12.2023<\/span><\/p><p class='rDLabel2'>Stichw\u00f6rter: <span class='rDText2'>Stra\u00dfenbahn, Bremen, Routen<\/span><\/p><p class='rDLabel2'>Lesealter ca. <span class='rDText2'>7<\/span><span class='rDLabel2'> Jahre<\/span><\/p><p class='rDLabel2'>Das Buch wurde <span class='rDText2'>0<\/span><span class='rDLabel2'> mal gelesen.<\/span><\/p><\/td><\/tr><tr><td colspan='2'><p class='rDLabel1'>Inhalt:<\/p><span class='rDText2'>Alles einsteigen, bitte: Die Bremer Stra\u00dfenbahnen stellen sich vor Bremen wird auch gerne \u00bbDorf mit Stra\u00dfenbahn\u00ab genannt, und jede Bahn hat nicht nur ihre eigene Strecke, sondern auch ihre eigene Pers\u00f6nlichkeit! Seit Kurzem hat die Bremer Stra\u00dfenbahn-Familie ein neues Mitglied, das NORDLICHT und zu diesem Anlass wollen alle anderen Stra\u00dfenbahnen die Gelegenheit nutzen, der \u00bbNeuen\u00ab von ihren Strecken zu erz\u00e4hlen. Zusammen mit den Linien 3, 4, 6 und den anderen entdeckst Du Bremen neu! Die Stra\u00dfenbahnen zeigen Dir ihre t\u00e4glichen Routen und berichten dar\u00fcber, was es in den verschiedenen Stadtteilen zu entdecken gibt und was sie besonders macht! Komm mit auf eine Reise auf Schienen kreuz und quer durch Bremen, f\u00fcr die Du nicht einmal Dein Zimmer verlassen musst\u2026<\/span><\/td><\/tr><tr><td colspan='2'><a href='#' onclick='history.back(); return false'>Zur\u00fcck<\/a><\/td><\/tr><\/tbody><\/table>\n","protected":false},"excerpt":{"rendered":"<p>&#8211;<\/p>\n","protected":false},"author":1,"featured_media":0,"parent":0,"menu_order":0,"comment_status":"closed","ping_status":"closed","template":"","meta":[],"_links":{"self":[{"href":"https:\/\/www.web-rr.de\/GHS-Buecherei\/index.php\/wp-json\/wp\/v2\/pages\/16359"}],"collection":[{"href":"https:\/\/www.web-rr.de\/GHS-Buecherei\/index.php\/wp-json\/wp\/v2\/pages"}],"about":[{"href":"https:\/\/www.web-rr.de\/GHS-Buecherei\/index.php\/wp-json\/wp\/v2\/types\/page"}],"author":[{"embeddable":true,"href":"https:\/\/www.web-rr.de\/GHS-Buecherei\/index.php\/wp-json\/wp\/v2\/users\/1"}],"replies":[{"embeddable":true,"href":"https:\/\/www.web-rr.de\/GHS-Buecherei\/index.php\/wp-json\/wp\/v2\/comments?post=16359"}],"version-history":[{"count":0,"href":"https:\/\/www.web-rr.de\/GHS-Buecherei\/index.php\/wp-json\/wp\/v2\/pages\/16359\/revisions"}],"wp:attachment":[{"href":"https:\/\/www.web-rr.de\/GHS-Buecherei\/index.php\/wp-json\/wp\/v2\/media?parent=16359"}],"curies":[{"name":"wp","href":"https:\/\/api.w.org\/{rel}","templated":true}]}}