{"id":16358,"date":"2021-05-21T10:00:00","date_gmt":"2021-05-21T10:00:00","guid":{"rendered":"https:\/\/www.web-rr.de\/GHS-Buecherei\/?page_id=16358"},"modified":"2021-05-21T23:00:00","modified_gmt":"2021-05-21T23:00:00","slug":"p9783963113789","status":"publish","type":"page","link":"https:\/\/www.web-rr.de\/GHS-Buecherei\/index.php\/p9783963113789\/","title":{"rendered":"Detektive 83"},"content":{"rendered":"<table><tbody><tr><td class='rDTitel' colspan='2'>Der blaue Taschendieb<\/td><\/tr><tr><td><span class='rDLabel1'>Status: <\/span><span class='rDText1Gruen'>vorhanden<\/span><\/td><td><span class='rDLabel1'>Antolin: <\/span><span class='rDText1Rot'>Quiz nicht vorhanden.<\/span><\/td><\/tr><tr><td width=50%><img src='https:\/\/www.web-rr.de\/GHS-Buecherei\/wp-content\/uploads\/9783963113789.jpg' alt=''><\/td><td><p class='rDLabel2'>von <span class='rDText2'>U.S. Levin<\/span><\/p><p class='rDLabel2'>Verlag: <span class='rDText2'>Mitteldeutscher Verlag,  2021,  12.00 \u20ac<\/span><\/p><p class='rDLabel2'>B\u00fccherei-Barcode: <span class='rDText2'>9783963113789<\/span><\/p><p class='rDLabel2'>In der B\u00fccherei erfasst am: <span class='rDText2'>18.12.2023<\/span><\/p><p class='rDLabel2'>Stichw\u00f6rter: <span class='rDText2'>Verbrecherjagd, Diebe, Detiktiv, Gauner, Einbruch, Diebstahl, Entf\u00fchrung, Krimi<\/span><\/p><p class='rDLabel2'>Lesealter ca. <span class='rDText2'>9<\/span><span class='rDLabel2'> Jahre<\/span><\/p><p class='rDLabel2'>Das Buch wurde <span class='rDText2'>0<\/span><span class='rDLabel2'> mal gelesen.<\/span><\/p><\/td><\/tr><tr><td colspan='2'><p class='rDLabel1'>Inhalt:<\/p><span class='rDText2'>Auf Verbrecherjagd in B\u00fchlerst\u00e4dt mit Anton und seinen Freunden In B\u00fchlerst\u00e4dt, einer ruhigen und beschaulichen Kleinstadt, hat das Verbrechen Einzug gehalten. Doch die Gauner haben nicht mit dem zehnj\u00e4hrigen Hobbyermittler Anton gerechnet, der sp\u00e4ter mal richtiger Kommissar werden will. Mithilfe seiner Freunde bringt er so manchen \u00dcbelt\u00e4ter zur Strecke. Dabei dreht es sich nicht immer nur um die ganz schweren Delikte wie Einbruch, Diebstahl, Entf\u00fchrung oder Bankraub. Auch kleinere Vergehen geben R\u00e4tsel auf, so etwa eine verschwundene Mathearbeit. Und ein unterschlagener Zehneuroschein wird sogar zur echten Bew\u00e4hrungsprobe f\u00fcr eine bis dahin intakte Freundschaft ... Ein wunderbarer Schm\u00f6ker f\u00fcr kleine \u00bbKrimifans\u00ab und all jene, die gerne mal im Dunkeln lesen.<\/span><\/td><\/tr><tr><td colspan='2'><a href='#' onclick='history.back(); return false'>Zur\u00fcck<\/a><\/td><\/tr><\/tbody><\/table>\n","protected":false},"excerpt":{"rendered":"<p>&#8211;<\/p>\n","protected":false},"author":1,"featured_media":0,"parent":0,"menu_order":0,"comment_status":"closed","ping_status":"closed","template":"","meta":[],"_links":{"self":[{"href":"https:\/\/www.web-rr.de\/GHS-Buecherei\/index.php\/wp-json\/wp\/v2\/pages\/16358"}],"collection":[{"href":"https:\/\/www.web-rr.de\/GHS-Buecherei\/index.php\/wp-json\/wp\/v2\/pages"}],"about":[{"href":"https:\/\/www.web-rr.de\/GHS-Buecherei\/index.php\/wp-json\/wp\/v2\/types\/page"}],"author":[{"embeddable":true,"href":"https:\/\/www.web-rr.de\/GHS-Buecherei\/index.php\/wp-json\/wp\/v2\/users\/1"}],"replies":[{"embeddable":true,"href":"https:\/\/www.web-rr.de\/GHS-Buecherei\/index.php\/wp-json\/wp\/v2\/comments?post=16358"}],"version-history":[{"count":0,"href":"https:\/\/www.web-rr.de\/GHS-Buecherei\/index.php\/wp-json\/wp\/v2\/pages\/16358\/revisions"}],"wp:attachment":[{"href":"https:\/\/www.web-rr.de\/GHS-Buecherei\/index.php\/wp-json\/wp\/v2\/media?parent=16358"}],"curies":[{"name":"wp","href":"https:\/\/api.w.org\/{rel}","templated":true}]}}