{"id":16355,"date":"2021-05-21T10:00:00","date_gmt":"2021-05-21T10:00:00","guid":{"rendered":"https:\/\/www.web-rr.de\/GHS-Buecherei\/?page_id=16355"},"modified":"2021-05-21T23:00:00","modified_gmt":"2021-05-21T23:00:00","slug":"p9783903081895","status":"publish","type":"page","link":"https:\/\/www.web-rr.de\/GHS-Buecherei\/index.php\/p9783903081895\/","title":{"rendered":"Bilderbuch C-172"},"content":{"rendered":"<table><tbody><tr><td class='rDTitel' colspan='2'>Der Schneeleopard<\/td><\/tr><tr><td><span class='rDLabel1'>Status: <\/span><span class='rDText1Gruen'>vorhanden<\/span><\/td><td><span class='rDLabel1'>Antolin: <\/span><span class='rDText1Gruen'>ja, Empfehlung Klasse 2<\/span><\/td><\/tr><tr><td width=50%><img src='https:\/\/www.web-rr.de\/GHS-Buecherei\/wp-content\/uploads\/9783903081895.jpg' alt=''><\/td><td><p class='rDLabel2'>von <span class='rDText2'>Verena Hochleitner<\/span><\/p><p class='rDLabel2'>Verlag: <span class='rDText2'>Luftschacht,  2021,  24.00 \u20ac<\/span><\/p><p class='rDLabel2'>B\u00fccherei-Barcode: <span class='rDText2'>9783903081895<\/span><\/p><p class='rDLabel2'>In der B\u00fccherei erfasst am: <span class='rDText2'>17.12.2023<\/span><\/p><p class='rDLabel2'>Stichw\u00f6rter: <span class='rDText2'>Tiere, Park, Abenteuer, Fantasie<\/span><\/p><p class='rDLabel2'>Lesealter ca. <span class='rDText2'>6<\/span><span class='rDLabel2'> Jahre<\/span><\/p><p class='rDLabel2'>Das Buch wurde <span class='rDText2'>0<\/span><span class='rDLabel2'> mal gelesen.<\/span><\/p><\/td><\/tr><tr><td colspan='2'><p class='rDLabel1'>Inhalt:<\/p><span class='rDText2'>\u201ePapa, auf der Wiese liegt eine gro\u00dfe Katze!\u201c Das kleine M\u00e4dchen ist ganz aufgeregt. Es ist ein sch\u00f6ner Tag um im Park zu spazieren und herumzutoben. Papa interes-siert sich leider mehr f\u00fcr sein Handy als f\u00fcr sie und irgendwelche gro\u00dfen Katzen. \u201eWie sch\u00f6n! Dann hast du ja jemanden zum Spielen\u201c, meint er blo\u00df und wischt schon wieder auf dem Bildschirm herum. Aber das M\u00e4dchen l\u00e4sst sich davon nicht entmutigen. Schlie\u00dflich warten Abenteuer mit einem Schneeleoparden auf sie ... Nach ihrem Luftschacht-Deb\u00fct \"Der verliebte Koch\" entf\u00fchrt uns Verena Hochleitner in Der Schneeleopard mit kr\u00e4ftigem Pinsel- und Zeichenstrich in eine farbenfrohe Welt, in der sowohl digitale als auch analoge Realit\u00e4t und Fantasie ineinanderflie\u00dfen. Ein Schneeleopard im Wiener Augarten? Aber ja, nat\u00fcrlich, klar!<\/span><\/td><\/tr><tr><td colspan='2'><a href='#' onclick='history.back(); return false'>Zur\u00fcck<\/a><\/td><\/tr><\/tbody><\/table>\n","protected":false},"excerpt":{"rendered":"<p>&#8211;<\/p>\n","protected":false},"author":1,"featured_media":0,"parent":0,"menu_order":0,"comment_status":"closed","ping_status":"closed","template":"","meta":[],"_links":{"self":[{"href":"https:\/\/www.web-rr.de\/GHS-Buecherei\/index.php\/wp-json\/wp\/v2\/pages\/16355"}],"collection":[{"href":"https:\/\/www.web-rr.de\/GHS-Buecherei\/index.php\/wp-json\/wp\/v2\/pages"}],"about":[{"href":"https:\/\/www.web-rr.de\/GHS-Buecherei\/index.php\/wp-json\/wp\/v2\/types\/page"}],"author":[{"embeddable":true,"href":"https:\/\/www.web-rr.de\/GHS-Buecherei\/index.php\/wp-json\/wp\/v2\/users\/1"}],"replies":[{"embeddable":true,"href":"https:\/\/www.web-rr.de\/GHS-Buecherei\/index.php\/wp-json\/wp\/v2\/comments?post=16355"}],"version-history":[{"count":0,"href":"https:\/\/www.web-rr.de\/GHS-Buecherei\/index.php\/wp-json\/wp\/v2\/pages\/16355\/revisions"}],"wp:attachment":[{"href":"https:\/\/www.web-rr.de\/GHS-Buecherei\/index.php\/wp-json\/wp\/v2\/media?parent=16355"}],"curies":[{"name":"wp","href":"https:\/\/api.w.org\/{rel}","templated":true}]}}