{"id":16347,"date":"2021-05-21T10:00:00","date_gmt":"2021-05-21T10:00:00","guid":{"rendered":"https:\/\/www.web-rr.de\/GHS-Buecherei\/?page_id=16347"},"modified":"2021-05-21T23:00:00","modified_gmt":"2021-05-21T23:00:00","slug":"p9783934029842","status":"publish","type":"page","link":"https:\/\/www.web-rr.de\/GHS-Buecherei\/index.php\/p9783934029842\/","title":{"rendered":"Bilderbuch C-91"},"content":{"rendered":"<table><tbody><tr><td class='rDTitel' colspan='2'>Der flei\u00dfige Mistk\u00e4fer und die Tr\u00e4ume der Anderen<\/td><\/tr><tr><td><span class='rDLabel1'>Status: <\/span><span class='rDText1Gruen'>vorhanden<\/span><\/td><td><span class='rDLabel1'>Antolin: <\/span><span class='rDText1Gruen'>ja, Empfehlung Klasse 3<\/span><\/td><\/tr><tr><td width=50%><img src='https:\/\/www.web-rr.de\/GHS-Buecherei\/wp-content\/uploads\/9783934029842.jpg' alt=''><\/td><td><p class='rDLabel2'>von <span class='rDText2'>Julia N\u00fcsch<\/span><\/p><p class='rDLabel2'>Verlag: <span class='rDText2'>Kindermann Verlag,  2021,  18.00 \u20ac<\/span><\/p><p class='rDLabel2'>B\u00fccherei-Barcode: <span class='rDText2'>9783934029842<\/span><\/p><p class='rDLabel2'>In der B\u00fccherei erfasst am: <span class='rDText2'>17.12.2023<\/span><\/p><p class='rDLabel2'>Stichw\u00f6rter: <span class='rDText2'>Tiere, Tr\u00e4ume, Fantasie, Chaos, Freundschaft, Vorurteile, Begegnung<\/span><\/p><p class='rDLabel2'>Lesealter ca. <span class='rDText2'>7<\/span><span class='rDLabel2'> Jahre<\/span><\/p><p class='rDLabel2'>Das Buch wurde <span class='rDText2'>0<\/span><span class='rDLabel2'> mal gelesen.<\/span><\/p><\/td><\/tr><tr><td colspan='2'><p class='rDLabel1'>Inhalt:<\/p><span class='rDText2'>Die Tiere sind schockiert! Irgendwer hat ihnen ihre Tr\u00e4ume geklaut \u2026 Eigentlich wollte der kleine Mistk\u00e4fer sich nach einem anstrengenden Arbeitstag gem\u00fctlich auf seiner Mistkugel zusammenrollen und ins Reich der Tr\u00e4ume begeben, doch \u2013 oh Schreck! Wo ist er denn hier gelandet? Schnell merkt er, dass er sich in die Tr\u00e4ume der anderen Tiere verirrt hat, was f\u00fcr ziemliches Chaos sorgt. Da stolpert Frau Giraffe schon einmal \u00fcber ihr Seidentuch und dem schnorchelnden Schaf entgeht eine lang ersehnte Begegnung. Eine L\u00f6sung muss her! Bekommen die Tiere ihre Tr\u00e4ume zur\u00fcck? Eine lustige und sensible Geschichte \u00fcber Freundschaft, Vorurteile und das Tr\u00e4umen. Magische Illustrationen lassen die Traumwelt lebendig werden \u2013 ein bezauberndes Buch \u00fcber Freundschaft, Vorurteile und das Tr\u00e4umen. Zum Schluss wartet das Buch au\u00dferdem mit interessanten Sachinfos \u00fcber den Mistk\u00e4fer auf.<\/span><\/td><\/tr><tr><td colspan='2'><a href='#' onclick='history.back(); return false'>Zur\u00fcck<\/a><\/td><\/tr><\/tbody><\/table>\n","protected":false},"excerpt":{"rendered":"<p>&#8211;<\/p>\n","protected":false},"author":1,"featured_media":0,"parent":0,"menu_order":0,"comment_status":"closed","ping_status":"closed","template":"","meta":[],"_links":{"self":[{"href":"https:\/\/www.web-rr.de\/GHS-Buecherei\/index.php\/wp-json\/wp\/v2\/pages\/16347"}],"collection":[{"href":"https:\/\/www.web-rr.de\/GHS-Buecherei\/index.php\/wp-json\/wp\/v2\/pages"}],"about":[{"href":"https:\/\/www.web-rr.de\/GHS-Buecherei\/index.php\/wp-json\/wp\/v2\/types\/page"}],"author":[{"embeddable":true,"href":"https:\/\/www.web-rr.de\/GHS-Buecherei\/index.php\/wp-json\/wp\/v2\/users\/1"}],"replies":[{"embeddable":true,"href":"https:\/\/www.web-rr.de\/GHS-Buecherei\/index.php\/wp-json\/wp\/v2\/comments?post=16347"}],"version-history":[{"count":0,"href":"https:\/\/www.web-rr.de\/GHS-Buecherei\/index.php\/wp-json\/wp\/v2\/pages\/16347\/revisions"}],"wp:attachment":[{"href":"https:\/\/www.web-rr.de\/GHS-Buecherei\/index.php\/wp-json\/wp\/v2\/media?parent=16347"}],"curies":[{"name":"wp","href":"https:\/\/api.w.org\/{rel}","templated":true}]}}